{"id":1191,"date":"2014-04-17T10:35:56","date_gmt":"2014-04-17T10:35:56","guid":{"rendered":"https:\/\/satmediawp.edv-kroiss.com\/produkt\/koaxkabel-digital-7mm-305m-kabeltrommel\/"},"modified":"2024-05-17T13:43:02","modified_gmt":"2024-05-17T11:43:02","slug":"koaxkabel-digital-7mm-305m-kabeltrommel","status":"publish","type":"product","link":"http:\/\/satmedia.at\/en\/product\/koaxkabel-digital-7mm-305m-kabeltrommel\/","title":{"rendered":"Koaxkabel Digital 7mm 305m Kabeltrommel"},"content":{"rendered":"<p>Praktische 305m Kabeltrommel zum leichten Abrollen &#8211; kein l\u00e4stiges verdrillen des Kabels. <br \/> RG6 SAT Koaxkabel mit Meteraufdruck f\u00fcr 6,8 &#8211; 7,0mm F-Stecker.<\/p>\n<p>Au\u00dfendurchmesser: 6,8mm +\/-0,2mm PVC <br \/> Innenduchmesser CCS-Draht: 1,02mm +\/- 0,02  <br \/>2-Fach abgeschirmt  <br \/>Schirmungsma\u00df: ~95db<br \/>  I<a href=\"solation:\">solation: <\/a>4,8mm  <br \/>Geflechtsschirm: ALU Folie + 64&#215;0,12mm Geflecht<\/p>","protected":false},"excerpt":{"rendered":"<p>Praktische 305m Kabeltrommel zum leichten Abrollen &#8211; kein l\u00e4stiges verdrillen des Kabels. RG6 SAT Koaxkabel mit Meteraufdruck f\u00fcr 6,8 &#8211; 7,0mm F-Stecker. Au\u00dfendurchmesser: 6,8mm +\/-0,2mm PVC Innenduchmesser CCS-Draht: 1,02mm +\/- [&hellip;]<\/p>","protected":false},"featured_media":1190,"template":"","meta":{"powered_cache_disable_cache":false,"powered_cache_disable_lazyload":false,"powered_cache_disable_css_optimization":false},"product_cat":[49,130],"product_tag":[],"_links":{"self":[{"href":"http:\/\/satmedia.at\/en\/wp-json\/wp\/v2\/product\/1191"}],"collection":[{"href":"http:\/\/satmedia.at\/en\/wp-json\/wp\/v2\/product"}],"about":[{"href":"http:\/\/satmedia.at\/en\/wp-json\/wp\/v2\/types\/product"}],"wp:featuredmedia":[{"embeddable":true,"href":"http:\/\/satmedia.at\/en\/wp-json\/wp\/v2\/media\/1190"}],"wp:attachment":[{"href":"http:\/\/satmedia.at\/en\/wp-json\/wp\/v2\/media?parent=1191"}],"wp:term":[{"taxonomy":"product_cat","embeddable":true,"href":"http:\/\/satmedia.at\/en\/wp-json\/wp\/v2\/product_cat?post=1191"},{"taxonomy":"product_tag","embeddable":true,"href":"http:\/\/satmedia.at\/en\/wp-json\/wp\/v2\/product_tag?post=1191"}],"curies":[{"name":"wp","href":"https:\/\/api.w.org\/{rel}","templated":true}]}}