{"id":2051,"date":"2021-10-07T14:23:01","date_gmt":"2021-10-07T14:23:01","guid":{"rendered":"https:\/\/satmediawp.edv-kroiss.com\/produkt\/terra-od003-optical-node-ftth-receiver-fuer-dvb-c-t\/"},"modified":"2026-03-23T15:11:28","modified_gmt":"2026-03-23T14:11:28","slug":"terra-od003-optical-node-ftth-receiver-fuer-dvb-c-t","status":"publish","type":"product","link":"http:\/\/satmedia.at\/en\/product\/terra-od003-optical-node-ftth-receiver-fuer-dvb-c-t\/","title":{"rendered":"Terra OD003 Optical Node FTTH Receiver f\u00fcr DVB-C\/T"},"content":{"rendered":"<p>Wir sind offizieller Terra \u00d6sterreich Distributor!<\/p>\n<p><b>Terra Distributor Aktion -25% Rabatt:<\/b> <span style=\"color: #ff0000;\"><b>TERRA25<\/b><\/span><b>\u00a0<\/b> (Gutschein im Warenkorb einl\u00f6sbar, ab einem Bestellwert von 650 \u20ac netto)<\/p>\n<p>Installationsdiagramme und Beispielschemas siehe <a href=\"http:\/\/satmediawp.edv-kroiss.com\/wp-content\/uploads\/2021\/10\/Terra_Katalog_EN_latest.pdf\" target=\"_blank\" rel=\"noopener\">Terra Katalog<\/a>!<\/p>\n<p>Der optische Knoten OD-003 wandelt optische Signale in elektrische RF-Signale um. Er arbeitet u.a. mit optischen Sendern der MOS-211x-Serie zusammen, die moduliertes Licht \u00fcber Singlemode-Glasfaser \u00fcbertragen. Solche optischen Verbindungen k\u00f6nnen unter Verwendung von Glasfaser- und PON-Technologie (Passive Optical Network) mehrere Kan\u00e4le von der Kopfstelle zu entfernten Orten in der Stadt usw. \u00fcbertragen.<\/p>\n<p>Aufgrund der geringen Gr\u00f6\u00dfe, des modernen Designs und der geeigneten Parameter ist OD-003 der ideale Teilnehmerempf\u00e4nger f\u00fcr FTTH-Systeme. Sein erweiterter Frequenzbereich des HF-Ausgangssignals (47-1002 MHz) erm\u00f6glicht die Zuweisung zus\u00e4tzlicher Kan\u00e4le.<\/p>\n<p>Der optische Empf\u00e4nger zeichnet sich durch eine hohe Empfindlichkeit (-10&#8230;-3 dBm) aus und kann somit am Ende vergleichsweise langer optischer Strecken eingesetzt werden. Der maximale RF-Ausgangspegel von 80 dBuV eignet sich zur Verteilung der Kan\u00e4le \u00fcber passive Komponenten in einer Wohnung, einem B\u00fcro oder einem Einfamilienhaus.<\/p>\n<p>&nbsp;<\/p>","protected":false},"excerpt":{"rendered":"<p>Wir sind offizieller Terra \u00d6sterreich Distributor! Terra Distributor Aktion -25% Rabatt: TERRA25\u00a0 (Gutschein im Warenkorb einl\u00f6sbar, ab einem Bestellwert von 650 \u20ac netto) Installationsdiagramme und Beispielschemas siehe Terra Katalog! Der [&hellip;]<\/p>","protected":false},"featured_media":2050,"template":"","meta":{"powered_cache_disable_cache":false,"powered_cache_disable_lazyload":false,"powered_cache_disable_css_optimization":false},"product_cat":[42,160],"product_tag":[],"_links":{"self":[{"href":"http:\/\/satmedia.at\/en\/wp-json\/wp\/v2\/product\/2051"}],"collection":[{"href":"http:\/\/satmedia.at\/en\/wp-json\/wp\/v2\/product"}],"about":[{"href":"http:\/\/satmedia.at\/en\/wp-json\/wp\/v2\/types\/product"}],"wp:featuredmedia":[{"embeddable":true,"href":"http:\/\/satmedia.at\/en\/wp-json\/wp\/v2\/media\/2050"}],"wp:attachment":[{"href":"http:\/\/satmedia.at\/en\/wp-json\/wp\/v2\/media?parent=2051"}],"wp:term":[{"taxonomy":"product_cat","embeddable":true,"href":"http:\/\/satmedia.at\/en\/wp-json\/wp\/v2\/product_cat?post=2051"},{"taxonomy":"product_tag","embeddable":true,"href":"http:\/\/satmedia.at\/en\/wp-json\/wp\/v2\/product_tag?post=2051"}],"curies":[{"name":"wp","href":"https:\/\/api.w.org\/{rel}","templated":true}]}}