{"id":2055,"date":"2021-10-07T14:27:32","date_gmt":"2021-10-07T14:27:32","guid":{"rendered":"https:\/\/satmediawp.edv-kroiss.com\/produkt\/terra-od005p-optical-node-ftth-receiver-fuer-dvb-c-t\/"},"modified":"2026-03-23T15:09:43","modified_gmt":"2026-03-23T14:09:43","slug":"terra-od005p-optical-node-ftth-receiver-fuer-dvb-c-t","status":"publish","type":"product","link":"http:\/\/satmedia.at\/en\/product\/terra-od005p-optical-node-ftth-receiver-fuer-dvb-c-t\/","title":{"rendered":"Terra OD005P Optical Node FTTH Receiver f\u00fcr DVB-C\/T"},"content":{"rendered":"<p>Wir sind offizieller Terra \u00d6sterreich Distributor!<\/p>\n<p><b>Terra Distributor Aktion -25% Rabatt:<\/b> <span style=\"color: #ff0000;\"><b>TERRA25<\/b><\/span><b>\u00a0<\/b> (Gutschein im Warenkorb einl\u00f6sbar, ab einem Bestellwert von 650 \u20ac netto)<\/p>\n<p>Installationsdiagramme und Beispielschemas siehe <a href=\"http:\/\/satmediawp.edv-kroiss.com\/wp-content\/uploads\/2021\/10\/Terra_Katalog_EN_latest.pdf\" target=\"_blank\" rel=\"noopener\">Terra Katalog<\/a>!<\/p>\n<p>Der optische Knoten TERRA OD-005P\u00a0 (FTTH optischer Empf\u00e4nger) ist eine Komponente von TV-Antennensystemen mit Glasfasertechnologie. Die Technologie zeichnet sich durch geringe D\u00e4mpfung, geringe Interferenzen aus und erm\u00f6glicht vor allem die \u00dcbertragung von Signalen \u00fcber gro\u00dfe Distanzen.<\/p>\n<p>Aufgrund der geringen Gr\u00f6\u00dfe, des modernen Designs und der geeigneten Parameter ist das Ger\u00e4t OD-005P der ideale Empf\u00e4nger f\u00fcr FTTH-Systeme, die TV-Programme \u00fcber optische Verbindungen bereitstellen (z. B. vom optischen Sender mo418 4D31 ). Die \u00fcber Glasfaser bereitgestellten DVB-C\/T- und FM-Radio-\/DAB-Signale werden vom Ger\u00e4t in RF-Form umgewandelt und \u00fcber eine Koaxialverkabelung im Geb\u00e4ude verteilt. Das Druckgussgeh\u00e4use bietet eine hohe Schirmungseffizienz, indem es das Eindringen von St\u00f6rsignalen in das Ger\u00e4t verhindert.<\/p>\n<p>Der optische Empf\u00e4nger zeichnet sich durch eine hohe Empfindlichkeit (-6&#8230;0 dBm) aus und kann somit am Ende vergleichsweise langer optischer Strecken oder bei Sendern mit geringer Leistung eingesetzt werden. Der maximale HF-Ausgangspegel von 107 dBuV eignet sich zur Verteilung der Kan\u00e4le \u00fcber passive Splitter\/Abgriffe auf mehrere Ausg\u00e4nge (bis ca. 50), ohne dass ein zus\u00e4tzlicher Verst\u00e4rker erforderlich ist.<\/p>\n<p>&nbsp;<\/p>","protected":false},"excerpt":{"rendered":"<p>Wir sind offizieller Terra \u00d6sterreich Distributor! Terra Distributor Aktion -25% Rabatt: TERRA25\u00a0 (Gutschein im Warenkorb einl\u00f6sbar, ab einem Bestellwert von 650 \u20ac netto) Installationsdiagramme und Beispielschemas siehe Terra Katalog! Der [&hellip;]<\/p>","protected":false},"featured_media":2053,"template":"","meta":{"powered_cache_disable_cache":false,"powered_cache_disable_lazyload":false,"powered_cache_disable_css_optimization":false},"product_cat":[42,160],"product_tag":[],"_links":{"self":[{"href":"http:\/\/satmedia.at\/en\/wp-json\/wp\/v2\/product\/2055"}],"collection":[{"href":"http:\/\/satmedia.at\/en\/wp-json\/wp\/v2\/product"}],"about":[{"href":"http:\/\/satmedia.at\/en\/wp-json\/wp\/v2\/types\/product"}],"wp:featuredmedia":[{"embeddable":true,"href":"http:\/\/satmedia.at\/en\/wp-json\/wp\/v2\/media\/2053"}],"wp:attachment":[{"href":"http:\/\/satmedia.at\/en\/wp-json\/wp\/v2\/media?parent=2055"}],"wp:term":[{"taxonomy":"product_cat","embeddable":true,"href":"http:\/\/satmedia.at\/en\/wp-json\/wp\/v2\/product_cat?post=2055"},{"taxonomy":"product_tag","embeddable":true,"href":"http:\/\/satmedia.at\/en\/wp-json\/wp\/v2\/product_tag?post=2055"}],"curies":[{"name":"wp","href":"https:\/\/api.w.org\/{rel}","templated":true}]}}