{"id":651,"date":"2001-11-14T00:00:00","date_gmt":"2001-11-14T00:00:00","guid":{"rendered":"https:\/\/satmediawp.edv-kroiss.com\/produkt\/hdmi-hdmi-kabel-15m-gold-uhd-4k-highspeed-ethernet\/"},"modified":"2024-05-17T11:21:21","modified_gmt":"2024-05-17T09:21:21","slug":"hdmi-hdmi-kabel-15m-gold-uhd-4k-highspeed-ethernet","status":"publish","type":"product","link":"http:\/\/satmedia.at\/en\/product\/hdmi-hdmi-kabel-15m-gold-uhd-4k-highspeed-ethernet\/","title":{"rendered":"HDMI to HDMI cable 1.5 m Gold UHD 4k high speed Ethernet"},"content":{"rendered":"<p>HDMI KABEL 19Pin &#8211; 19Pin mit Goldkontakten und kompatibel zu HDMI 1.4 Highspeed Ethernet.  <br \/>High-Definition Multimedia Interface (HDMI) ist der schnelle Anschlu\u00dfstandard f\u00fcr HDTV. <br \/>  HDMI kombiniert hochaufl\u00f6sendes Bild mit Mehrkanalaudio an einer einzelnen digitalen Schnittstelle und gew\u00e4rleistet kristallklare digitale Qualit\u00e4t \u00fcber ein einziges Kabel.<br \/>HDMI bietet bedeutende Vorteile gegen\u00fcber analogen A\/V Anschl\u00fcssen, inklusive der F\u00e4higkeit, unkomprimierte digitale Video und Audio Inhalte zu \u00fcbertragen. <\/p>\n<p>  L\u00e4nge: 1,5 m   <br \/>Contacts GOLD  <br \/>FullHD, UHD, 4k\/2k compatible <br \/> Color: Black<\/p>","protected":false},"excerpt":{"rendered":"<p>HDMI KABEL 19Pin &#8211; 19Pin mit Goldkontakten und kompatibel zu HDMI 1.4 Highspeed Ethernet. High-Definition Multimedia Interface (HDMI) ist der schnelle Anschlu\u00dfstandard f\u00fcr HDTV. HDMI kombiniert hochaufl\u00f6sendes Bild mit Mehrkanalaudio [&hellip;]<\/p>","protected":false},"featured_media":650,"template":"","meta":{"powered_cache_disable_cache":false,"powered_cache_disable_lazyload":false,"powered_cache_disable_css_optimization":false},"product_cat":[50,100],"product_tag":[],"_links":{"self":[{"href":"http:\/\/satmedia.at\/en\/wp-json\/wp\/v2\/product\/651"}],"collection":[{"href":"http:\/\/satmedia.at\/en\/wp-json\/wp\/v2\/product"}],"about":[{"href":"http:\/\/satmedia.at\/en\/wp-json\/wp\/v2\/types\/product"}],"wp:featuredmedia":[{"embeddable":true,"href":"http:\/\/satmedia.at\/en\/wp-json\/wp\/v2\/media\/650"}],"wp:attachment":[{"href":"http:\/\/satmedia.at\/en\/wp-json\/wp\/v2\/media?parent=651"}],"wp:term":[{"taxonomy":"product_cat","embeddable":true,"href":"http:\/\/satmedia.at\/en\/wp-json\/wp\/v2\/product_cat?post=651"},{"taxonomy":"product_tag","embeddable":true,"href":"http:\/\/satmedia.at\/en\/wp-json\/wp\/v2\/product_tag?post=651"}],"curies":[{"name":"wp","href":"https:\/\/api.w.org\/{rel}","templated":true}]}}