{"id":753,"date":"2004-12-17T11:18:45","date_gmt":"2004-12-17T11:18:45","guid":{"rendered":"https:\/\/satmediawp.edv-kroiss.com\/produkt\/satfinder-amiko\/"},"modified":"2024-05-17T13:43:06","modified_gmt":"2024-05-17T11:43:06","slug":"satfinder-amiko","status":"publish","type":"product","link":"http:\/\/satmedia.at\/en\/product\/satfinder-amiko\/","title":{"rendered":"Satfinder Amiko"},"content":{"rendered":"<p>Geeignet f\u00fcr digitale und analoge Signale.  <br \/>Optische Signalanzeige mit Hintergrundbeleuchtung.  <br \/>Beeper f\u00fcr akkustische Signalisierung  <br \/>F-Verbindungskabel inklusive  D\u00e4mpfungsregler f\u00fcr Feinjustierung.<br \/>Keine externe Stromversorgung notwendig (DC duch Receiver)<\/p>","protected":false},"excerpt":{"rendered":"<p>Geeignet f\u00fcr digitale und analoge Signale. Optische Signalanzeige mit Hintergrundbeleuchtung. Beeper f\u00fcr akkustische Signalisierung F-Verbindungskabel inklusive D\u00e4mpfungsregler f\u00fcr Feinjustierung.Keine externe Stromversorgung notwendig (DC duch Receiver)<\/p>","protected":false},"featured_media":752,"template":"","meta":{"powered_cache_disable_cache":false,"powered_cache_disable_lazyload":false,"powered_cache_disable_css_optimization":false},"product_cat":[49,136],"product_tag":[],"_links":{"self":[{"href":"http:\/\/satmedia.at\/en\/wp-json\/wp\/v2\/product\/753"}],"collection":[{"href":"http:\/\/satmedia.at\/en\/wp-json\/wp\/v2\/product"}],"about":[{"href":"http:\/\/satmedia.at\/en\/wp-json\/wp\/v2\/types\/product"}],"wp:featuredmedia":[{"embeddable":true,"href":"http:\/\/satmedia.at\/en\/wp-json\/wp\/v2\/media\/752"}],"wp:attachment":[{"href":"http:\/\/satmedia.at\/en\/wp-json\/wp\/v2\/media?parent=753"}],"wp:term":[{"taxonomy":"product_cat","embeddable":true,"href":"http:\/\/satmedia.at\/en\/wp-json\/wp\/v2\/product_cat?post=753"},{"taxonomy":"product_tag","embeddable":true,"href":"http:\/\/satmedia.at\/en\/wp-json\/wp\/v2\/product_tag?post=753"}],"curies":[{"name":"wp","href":"https:\/\/api.w.org\/{rel}","templated":true}]}}