{"id":2879,"date":"2023-11-14T15:34:55","date_gmt":"2023-11-14T15:34:55","guid":{"rendered":"https:\/\/satmediawp.edv-kroiss.com\/?page_id=2879"},"modified":"2024-04-30T11:54:53","modified_gmt":"2024-04-30T09:54:53","slug":"haendlerregistrierung_erhalten","status":"publish","type":"page","link":"https:\/\/satmedia.at\/en\/haendlerregistrierung_erhalten\/","title":{"rendered":"H\u00e4ndlerregistrierung erhalten"},"content":{"rendered":"<div style=\"height:30px\" aria-hidden=\"true\" class=\"wp-block-spacer\"><\/div>\n\n\n\n<div class=\"wp-block-columns is-layout-flex wp-container-core-columns-is-layout-1 wp-block-columns-is-layout-flex\">\n<div class=\"wp-block-column is-layout-flow wp-block-column-is-layout-flow\" style=\"flex-basis:60%\">\n<h3 class=\"wp-block-heading\">Vielen Dank f\u00fcr die Anmeldung.<\/h3>\n\n\n\n<p>Ihre Anmeldung wird \u00fcberpr\u00fcft. <br>Nach der Freischaltung erhalten Sie  ein E-Mail zum Login als H\u00e4ndler.<\/p>\n\n\n\n<div style=\"height:15px\" aria-hidden=\"true\" class=\"wp-block-spacer\"><\/div>\n<\/div>\n\n\n\n<div class=\"wp-block-column is-layout-flow wp-block-column-is-layout-flow\" style=\"flex-basis:5%\"><\/div>\n\n\n\n<div class=\"wp-block-column is-layout-flow wp-block-column-is-layout-flow\" style=\"flex-basis:35%\">\n<h3 class=\"wp-block-heading\">Satmedia Austria<\/h3>\n\n\n\n<div style=\"height:15px\" aria-hidden=\"true\" class=\"wp-block-spacer\"><\/div>\n\n\n\n<p>Holzh\u00e4useln 6, 4681 Rottenbach<\/p>\n\n\n\n<p class=\"smallmargin has-small-font-size\">PHONE:<br><\/p>\n\n\n\n<p><a href=\"tel:0043773229283\" data-type=\"tel\" data-id=\"tel:0123456789\">+43 7732 29283<\/a><\/p>\n\n\n\n<p class=\"smallmargin has-small-font-size\">E-MAIL:<\/p>\n\n\n\n<p><a href=\"mailto:info@satmedia.at\">info@satmedia.at<\/a><\/p>\n\n\n\n<div style=\"height:1px\" aria-hidden=\"true\" class=\"wp-block-spacer\"><\/div>\n\n\n\n<h3 class=\"wp-block-heading\">\u00d6ffnungszeiten:<\/h3>\n\n\n\n<div style=\"height:15px\" aria-hidden=\"true\" class=\"wp-block-spacer\"><\/div>\n\n\n\n<p class=\"smallmargin\">Abholung nur nach Terminverinbarung!<\/p>\n\n\n\n<p>Mo &#8211; Di: 09:00-12:00 \/ 13:30-16:30<br>Do &#8211; Fr: 09:00-12:00 \/ 13:30-16:30<\/p>\n<\/div>\n<\/div>","protected":false},"excerpt":{"rendered":"<p>Vielen Dank f\u00fcr die Anmeldung. Ihre Anmeldung wird \u00fcberpr\u00fcft. Nach der Freischaltung erhalten Sie ein E-Mail zum Login als H\u00e4ndler. Satmedia Austria Holzh\u00e4useln 6, 4681 Rottenbach PHONE: +43 7732 29283 [&hellip;]<\/p>","protected":false},"author":1,"featured_media":0,"parent":0,"menu_order":0,"comment_status":"closed","ping_status":"closed","template":"page-templates\/template-fullwidth.php","meta":{"powered_cache_disable_cache":false,"powered_cache_disable_lazyload":false,"powered_cache_disable_css_optimization":false,"footnotes":""},"_links":{"self":[{"href":"https:\/\/satmedia.at\/en\/wp-json\/wp\/v2\/pages\/2879"}],"collection":[{"href":"https:\/\/satmedia.at\/en\/wp-json\/wp\/v2\/pages"}],"about":[{"href":"https:\/\/satmedia.at\/en\/wp-json\/wp\/v2\/types\/page"}],"author":[{"embeddable":true,"href":"https:\/\/satmedia.at\/en\/wp-json\/wp\/v2\/users\/1"}],"replies":[{"embeddable":true,"href":"https:\/\/satmedia.at\/en\/wp-json\/wp\/v2\/comments?post=2879"}],"version-history":[{"count":0,"href":"https:\/\/satmedia.at\/en\/wp-json\/wp\/v2\/pages\/2879\/revisions"}],"wp:attachment":[{"href":"https:\/\/satmedia.at\/en\/wp-json\/wp\/v2\/media?parent=2879"}],"curies":[{"name":"wp","href":"https:\/\/api.w.org\/{rel}","templated":true}]}}