{"id":1032,"date":"2012-02-13T15:51:12","date_gmt":"2012-02-13T15:51:12","guid":{"rendered":"https:\/\/satmediawp.edv-kroiss.com\/produkt\/optibox-gekko-cable-dvb-c-linux-fortis\/"},"modified":"2024-05-17T11:20:38","modified_gmt":"2024-05-17T09:20:38","slug":"optibox-gekko-cable-dvb-c-linux-fortis","status":"publish","type":"product","link":"https:\/\/satmedia.at\/en\/product\/optibox-gekko-cable-dvb-c-linux-fortis\/","title":{"rendered":"Optibox GEKKO Cable DVB-C Linux (Fortis)"},"content":{"rendered":"<p>Das HDTV DVB-C- TOP LINUX Modell mit Netzwerkschnittstelle zum g\u00fcnstigen Preis.<br \/>Durch das einfache Bedienkonzept und eine \u00fcbersichtliche Men\u00fcstruktur verwandelt sich das Ger\u00e4t in ein familienfreundliches Digitaltalent und bietet weit mehr als nur Fernsehen:<\/p>\n<p>&nbsp;&nbsp;&nbsp; Supports MPEG4 \/MPEG2 &#8211; HD\/SD and Fully DVB-C Compliant<br \/>&nbsp;&nbsp;&nbsp; Conax Embededd Card Reader<br \/>&nbsp;&nbsp;&nbsp; Embedded Linux OS<br \/>&nbsp;&nbsp;&nbsp; Web Browser support<br \/>&nbsp;&nbsp;&nbsp; FreeTV+: YouTube, MetaCafe, SVT Play, EartTouch.com<br \/>&nbsp;&nbsp;&nbsp; DLNA Supported<br \/>&nbsp;&nbsp;&nbsp; Time Shifting, Recording &amp; Playback with External HDD (USB 2.0)<br \/>&nbsp;&nbsp;&nbsp; Simultaneously Records of Services and allows Watching 2 others (PIP)<br \/>&nbsp;&nbsp;&nbsp; Powerful Extended EPG supports and Event Recording<br \/>&nbsp;&nbsp;&nbsp; One USB 2.0 Host ports (MP3 Player &amp; JPEG Viewer)<br \/>&nbsp;&nbsp;&nbsp; Xvid file play back supported<br \/>&nbsp;&nbsp;&nbsp; Ethernet port Supported<br \/>&nbsp;&nbsp;&nbsp; On-Screen Display with Full Color &amp; Resolution<br \/>&nbsp;&nbsp;&nbsp; Favorite Groups<br \/>&nbsp;&nbsp;&nbsp; Powerful Service List Manager for Favorites, Lock, Skip, Move, Edit and Delete<br \/>&nbsp;&nbsp;&nbsp; Service Sorting by Alphabet, Transponder and CAS<br \/>&nbsp;&nbsp;&nbsp; User Friendly &amp; Multi-language Supported (OSD &amp; Menu)<br \/>&nbsp;&nbsp;&nbsp; Teletext \/ Subtitle Supported<br \/>&nbsp;&nbsp;&nbsp; Maximum 10,000 Services(TV &amp; Radio) Programmable<br \/>&nbsp;&nbsp;&nbsp; Picture-in-Picture (PIP) &amp; Multi-picture Display<br \/>&nbsp;&nbsp;&nbsp; Parental Lock \/ System Lock \/ Installation Lock<br \/>&nbsp;&nbsp;&nbsp; HDMI Video &amp; Audio Output (576i, 576p, 720p, 1080i, 1080p)<br \/>&nbsp;&nbsp;&nbsp; CVBS(composite) Video &amp; Audio Output via RCA<br \/>&nbsp;&nbsp;&nbsp; Optical Output for Digital Audio(SPDIF)<br \/>&nbsp;&nbsp;&nbsp; Software &amp; Service channel Database upgrade over the Cable (OTC) or via Internet, USB &amp; RS-232C port<\/p>\n<p>Der Optibox Gekko ist ein Receiver aus der Fortis Herstellerserie HS-7110 HD und u.a. bauglich mit Octagon SF 918 SE+, Icecrypt S3500 HDCCI, Atemio AM 500 HD, &#8230;<\/p>","protected":false},"excerpt":{"rendered":"<p>Das HDTV DVB-C- TOP LINUX Modell mit Netzwerkschnittstelle zum g\u00fcnstigen Preis.Durch das einfache Bedienkonzept und eine \u00fcbersichtliche Men\u00fcstruktur verwandelt sich das Ger\u00e4t in ein familienfreundliches Digitaltalent und bietet weit mehr [&hellip;]<\/p>","protected":false},"featured_media":1029,"template":"","meta":{"powered_cache_disable_cache":false,"powered_cache_disable_lazyload":false,"powered_cache_disable_css_optimization":false},"product_cat":[43,61],"product_tag":[],"_links":{"self":[{"href":"https:\/\/satmedia.at\/en\/wp-json\/wp\/v2\/product\/1032"}],"collection":[{"href":"https:\/\/satmedia.at\/en\/wp-json\/wp\/v2\/product"}],"about":[{"href":"https:\/\/satmedia.at\/en\/wp-json\/wp\/v2\/types\/product"}],"wp:featuredmedia":[{"embeddable":true,"href":"https:\/\/satmedia.at\/en\/wp-json\/wp\/v2\/media\/1029"}],"wp:attachment":[{"href":"https:\/\/satmedia.at\/en\/wp-json\/wp\/v2\/media?parent=1032"}],"wp:term":[{"taxonomy":"product_cat","embeddable":true,"href":"https:\/\/satmedia.at\/en\/wp-json\/wp\/v2\/product_cat?post=1032"},{"taxonomy":"product_tag","embeddable":true,"href":"https:\/\/satmedia.at\/en\/wp-json\/wp\/v2\/product_tag?post=1032"}],"curies":[{"name":"wp","href":"https:\/\/api.w.org\/{rel}","templated":true}]}}