{"id":1077,"date":"2012-08-03T12:54:55","date_gmt":"2012-08-03T12:54:55","guid":{"rendered":"https:\/\/satmediawp.edv-kroiss.com\/produkt\/invacom-stacker-destacker-mit-diseqc\/"},"modified":"2025-04-01T10:00:25","modified_gmt":"2025-04-01T08:00:25","slug":"invacom-stacker-destacker-mit-diseqc","status":"publish","type":"product","link":"https:\/\/satmedia.at\/en\/product\/invacom-stacker-destacker-mit-diseqc\/","title":{"rendered":"Johansson 9645 Stacker\/Destacker mit DiseqC"},"content":{"rendered":"<p>Siehe auch Alternativ-Produkt mit neuer Technologie:<br \/>\n<a href=\"https:\/\/shop.satmedia.at\/index.php?route=product\/product&amp;path=860_635_831&amp;product_id=2679\">UNICABLE STACKER UCP 21 (EN50494) 2 FACH EINKABELL\u00d6SUNG F\u00dcR TWIN TUNER<\/a><\/p>\n<p><strong>Highlights Stacker\/DeStacker<\/strong><\/p>\n<ul>\n<li>Stacker\/Destacker (engl. f\u00fcr stapeln und entstapeln) f\u00fchrt zwei Koax-Leitungen zu einer Koax-Leitung zusammen und kann \u00fcberall da eingesetzt werden, wo eine zweite Koax-Leitung nicht installiert werden kann.<\/li>\n<li>Stacker\/Destacker arbeitet in Verbindung mit Twin oder Quad LNBs oder kann an einen Multischalter angeschlossen werden.<\/li>\n<li>Stacker\/Destacker kann bei Kabell\u00e4ngen bis zu 75 Meter eingesetzt werden.<\/li>\n<li>Am Ende der Leitung wird der Destacker eingesetzt und entstapelt dann wieder in zwei Koax-Leitungen<\/li>\n<\/ul>\n<p><strong>Neues Modell<\/strong><\/p>\n<p>Bei diesem neuen Modell kann der Eingangspegel ged\u00e4mpft werden, um eine optimale Einspeisung zu gew\u00e4hrleisten. Zudem ist ein Netzteil nicht mehr zwingend erforderlich.<\/p>\n<p>Die L\u00f6sung (f\u00fcr alle alten Ger\u00e4te, die nicht Unicable tauglich sind) wenn Sie z.B. nur 1 Sat-Leitung ins Zimmer haben und ein 2. Ger\u00e4t, einen Twin Receiver oder PVR anschlie\u00dfen m\u00f6chten.<br \/>\nDer Stacker \/ Destacker wird einfach an ein Twin, Quad, Octo LNB oder\u00a0 an einen Multischalter mit zwei Leitungen angeschlossen. Jetzt setzt der Stacker (Stapler) das LNB1 Band\u00a0 komplett in einen h\u00f6heren Frequenzbereich um. In den LNB2 Ausgang kann auch \u00fcber eine Weiche terrestrisch oder UKW mit eingespeist werden. Dieses komplette Signal wird \u00fcber 1 Leitung nach unten gef\u00fchrt. Der Destacker (Entstapler) setzt die Frequenzen von LNB 1 wieder in den urspr\u00fcnglichen Frequenzbereich zur\u00fcck und stellt so wieder 2 komplette Leitungen zur Verf\u00fcgung.<\/p>\n<p><strong>Technische Daten<\/strong><\/p>\n<table border=\"0\" cellspacing=\"0\" cellpadding=\"0\">\n<tbody>\n<tr>\n<td><strong>Stacker am (LNB)<\/strong><\/td>\n<td><\/td>\n<\/tr>\n<tr>\n<td>Eing\u00e4nge<\/td>\n<td>2<\/td>\n<\/tr>\n<tr>\n<td>Eingangsfrequenz<\/td>\n<td>5 &#8211;\u00a02150MHz \/ 950 &#8211; 2150MHz<\/td>\n<\/tr>\n<tr>\n<td>Ausgang<\/td>\n<td>1<\/td>\n<\/tr>\n<tr>\n<td>Ausgang<\/td>\n<td>5 &#8211; 3550MHz mit &#8220;F&#8221; High Qualiy Anschluss<\/td>\n<\/tr>\n<tr>\n<td rowspan=\"3\">Einf\u00fcgungsverlust \/ Gewinn<\/td>\n<td>-1dB bei 5 &#8211; 862MHz<\/td>\n<\/tr>\n<tr>\n<td>-3dB bei 950 &#8211; 2150MHz<\/td>\n<\/tr>\n<tr>\n<td>Umbau Sa. Pos. 2 (10 dB att.) = 4dB<\/td>\n<\/tr>\n<tr>\n<td>Stromaufnahme<\/td>\n<td>0,7W<\/td>\n<\/tr>\n<tr>\n<td>Abmessungen<\/td>\n<td>125 x\u00a0115 x 45mm<\/td>\n<\/tr>\n<\/tbody>\n<\/table>\n<p>&nbsp;<\/p>\n<table border=\"0\" cellspacing=\"0\" cellpadding=\"0\">\n<tbody>\n<tr>\n<td><strong>Destacker (am Empf\u00e4nger)<\/strong><\/td>\n<td><\/td>\n<\/tr>\n<tr>\n<td>Eing\u00e4nge<\/td>\n<td>\u00a01<\/td>\n<\/tr>\n<tr>\n<td>Eingangsfrequenz<\/td>\n<td>\u00a05 &#8211;\u00a03550MHz mit &#8220;F&#8221; High Qualiy Anschluss<\/td>\n<\/tr>\n<tr>\n<td>Ausgang<\/td>\n<td>\u00a02<\/td>\n<\/tr>\n<tr>\n<td>Ausgang<\/td>\n<td>\u00a05 &#8211; 2150MHz\u00a0\/ 950 &#8211; 2150MHz<\/td>\n<\/tr>\n<tr>\n<td rowspan=\"3\">Einf\u00fcgungsverlust \/ Gewinn<\/td>\n<td>\u00a0-1 dB bei 5 &#8211; 862MHz<\/td>\n<\/tr>\n<tr>\n<td>\u00a0-3dB bei 950 &#8211; 2150MHz<\/td>\n<\/tr>\n<tr>\n<td>\u00a0Konvertierte Sa.\u00a0= +\u00a05dB<\/td>\n<\/tr>\n<tr>\n<td>Stromaufnahme<\/td>\n<td>\u00a00,7W<\/td>\n<\/tr>\n<tr>\n<td>Abmessungen<\/td>\n<td>\u00a0150 x\u00a090 x 40mm<\/td>\n<\/tr>\n<\/tbody>\n<\/table>\n<p>&nbsp;<\/p>","protected":false},"excerpt":{"rendered":"<p>Siehe auch Alternativ-Produkt mit neuer Technologie: UNICABLE STACKER UCP 21 (EN50494) 2 FACH EINKABELL\u00d6SUNG F\u00dcR TWIN TUNER Highlights Stacker\/DeStacker Stacker\/Destacker (engl. f\u00fcr stapeln und entstapeln) f\u00fchrt zwei Koax-Leitungen zu einer [&hellip;]<\/p>","protected":false},"featured_media":1076,"template":"","meta":{"powered_cache_disable_cache":false,"powered_cache_disable_lazyload":false,"powered_cache_disable_css_optimization":false},"product_cat":[48,123],"product_tag":[],"_links":{"self":[{"href":"https:\/\/satmedia.at\/en\/wp-json\/wp\/v2\/product\/1077"}],"collection":[{"href":"https:\/\/satmedia.at\/en\/wp-json\/wp\/v2\/product"}],"about":[{"href":"https:\/\/satmedia.at\/en\/wp-json\/wp\/v2\/types\/product"}],"wp:featuredmedia":[{"embeddable":true,"href":"https:\/\/satmedia.at\/en\/wp-json\/wp\/v2\/media\/1076"}],"wp:attachment":[{"href":"https:\/\/satmedia.at\/en\/wp-json\/wp\/v2\/media?parent=1077"}],"wp:term":[{"taxonomy":"product_cat","embeddable":true,"href":"https:\/\/satmedia.at\/en\/wp-json\/wp\/v2\/product_cat?post=1077"},{"taxonomy":"product_tag","embeddable":true,"href":"https:\/\/satmedia.at\/en\/wp-json\/wp\/v2\/product_tag?post=1077"}],"curies":[{"name":"wp","href":"https:\/\/api.w.org\/{rel}","templated":true}]}}