{"id":1078,"date":"2012-08-03T13:03:38","date_gmt":"2012-08-03T13:03:38","guid":{"rendered":"https:\/\/satmediawp.edv-kroiss.com\/produkt\/8-fach-unicable-multischalter-1-satellit\/"},"modified":"2025-04-24T14:27:19","modified_gmt":"2025-04-24T12:27:19","slug":"u-8-fach-unicable-multischalter-1-satellit","status":"publish","type":"product","link":"https:\/\/satmedia.at\/en\/product\/u-8-fach-unicable-multischalter-1-satellit\/","title":{"rendered":"8 fach Unicable-Multischalter 1 Satellit"},"content":{"rendered":"<p>Der Unicable-Multischalter Premium-Line 5\/1&#215;8 ist die digitale Einkabell\u00f6sung f\u00fcr bereits bestehende Kabelstrukturen in Wohnobjekten.   <br \/>Dieser Unicable Schalter erm\u00f6glicht den Anschluss von 8 Digital Receivern auf nur einem Kabel !  <br \/>Als LNB muss ein Quattro LNB angeschlossen werden.<br \/>Wichtig: Alle Receiver und SAT-Enddosen m\u00fcssen Unicable tauglich sein!  <br \/>Der Schalter ist f\u00fcr Baumstrukturen und Reihenschaltungen geeignet und erm\u00f6glicht einen problemlosen Umstieg von Kabel- auf Satellitenempfang ohne neue Kabelverlegung. <\/p>","protected":false},"excerpt":{"rendered":"<p>Der Unicable-Multischalter Premium-Line 5\/1&#215;8 ist die digitale Einkabell\u00f6sung f\u00fcr bereits bestehende Kabelstrukturen in Wohnobjekten. Dieser Unicable Schalter erm\u00f6glicht den Anschluss von 8 Digital Receivern auf nur einem Kabel ! Als [&hellip;]<\/p>","protected":false},"featured_media":594,"template":"","meta":{"powered_cache_disable_cache":false,"powered_cache_disable_lazyload":false,"powered_cache_disable_css_optimization":false},"product_cat":[48,123],"product_tag":[],"_links":{"self":[{"href":"https:\/\/satmedia.at\/en\/wp-json\/wp\/v2\/product\/1078"}],"collection":[{"href":"https:\/\/satmedia.at\/en\/wp-json\/wp\/v2\/product"}],"about":[{"href":"https:\/\/satmedia.at\/en\/wp-json\/wp\/v2\/types\/product"}],"wp:featuredmedia":[{"embeddable":true,"href":"https:\/\/satmedia.at\/en\/wp-json\/wp\/v2\/media\/594"}],"wp:attachment":[{"href":"https:\/\/satmedia.at\/en\/wp-json\/wp\/v2\/media?parent=1078"}],"wp:term":[{"taxonomy":"product_cat","embeddable":true,"href":"https:\/\/satmedia.at\/en\/wp-json\/wp\/v2\/product_cat?post=1078"},{"taxonomy":"product_tag","embeddable":true,"href":"https:\/\/satmedia.at\/en\/wp-json\/wp\/v2\/product_tag?post=1078"}],"curies":[{"name":"wp","href":"https:\/\/api.w.org\/{rel}","templated":true}]}}