{"id":1107,"date":"2012-11-08T13:43:25","date_gmt":"2012-11-08T13:43:25","guid":{"rendered":"https:\/\/satmediawp.edv-kroiss.com\/produkt\/antenne-tecatel-k180bp-180cm-alu-profi-line\/"},"modified":"2025-08-28T15:20:20","modified_gmt":"2025-08-28T13:20:20","slug":"antenne-tecatel-k180bp-180cm-alu-profi-line","status":"publish","type":"product","link":"https:\/\/satmedia.at\/en\/product\/antenne-tecatel-k180bp-180cm-alu-profi-line\/","title":{"rendered":"Antenne Tecatel K180BP 180cm ALU Profi-Line"},"content":{"rendered":"<p>Nur noch 1 Stk auf Lager!<\/p>\n<p>Gro\u00df, gr\u00f6\u00dfer am gr\u00f6\u00dften &#8211; \u00d6sterreichs gr\u00f6\u00dfte Antennen ab Lager abholbereit!<br \/>\nAchtung: Speditionskosten m\u00fcssen f\u00fcr dieses Produkt manuell abh\u00e4ngig von Liefer-PLZ berechnet werden.<\/p>\n<p>Die Profi-Line Antennen MADE IN SPAIN.<br \/>\nBestens geeignet f\u00fcr schwache Satelliten!<\/p>\n<p>Durchmesser: 1800 mm (1920 mm x 1920 mm)<br \/>\nBrennpunkt: 776 mm<br \/>\nAntennenart: Parabol<br \/>\nMaterial: Aluminium<br \/>\nOberfl\u00e4chenbearbeitung: Epoxi-polyester<br \/>\nBeambreite: &lt; 0.9\u00ba<br \/>\nWindkraft: 150 km\/h<br \/>\nReflektor Materialdicke: 2 mm<br \/>\nGewicht Total: 35 kg<br \/>\nGain\/Gewinn bei 12.5 GHz: 45,5 dbi<br \/>\nFD Verh\u00e4ltnis: 0.37<br \/>\nWirkungsgrad: 65%<br \/>\nElevation: 0\u00b0 &#8211; 90\u00b0<br \/>\nBen\u00f6tigt Mastdurchmesser: 80 mm<\/p>","protected":false},"excerpt":{"rendered":"<p>Nur noch 1 Stk auf Lager! Gro\u00df, gr\u00f6\u00dfer am gr\u00f6\u00dften &#8211; \u00d6sterreichs gr\u00f6\u00dfte Antennen ab Lager abholbereit! Achtung: Speditionskosten m\u00fcssen f\u00fcr dieses Produkt manuell abh\u00e4ngig von Liefer-PLZ berechnet werden. Die [&hellip;]<\/p>","protected":false},"featured_media":4207,"template":"","meta":{"powered_cache_disable_cache":false,"powered_cache_disable_lazyload":false,"powered_cache_disable_css_optimization":false},"product_cat":[41,75,46,116],"product_tag":[],"_links":{"self":[{"href":"https:\/\/satmedia.at\/en\/wp-json\/wp\/v2\/product\/1107"}],"collection":[{"href":"https:\/\/satmedia.at\/en\/wp-json\/wp\/v2\/product"}],"about":[{"href":"https:\/\/satmedia.at\/en\/wp-json\/wp\/v2\/types\/product"}],"wp:featuredmedia":[{"embeddable":true,"href":"https:\/\/satmedia.at\/en\/wp-json\/wp\/v2\/media\/4207"}],"wp:attachment":[{"href":"https:\/\/satmedia.at\/en\/wp-json\/wp\/v2\/media?parent=1107"}],"wp:term":[{"taxonomy":"product_cat","embeddable":true,"href":"https:\/\/satmedia.at\/en\/wp-json\/wp\/v2\/product_cat?post=1107"},{"taxonomy":"product_tag","embeddable":true,"href":"https:\/\/satmedia.at\/en\/wp-json\/wp\/v2\/product_tag?post=1107"}],"curies":[{"name":"wp","href":"https:\/\/api.w.org\/{rel}","templated":true}]}}