{"id":1111,"date":"2012-11-08T14:00:40","date_gmt":"2012-11-08T14:00:40","guid":{"rendered":"https:\/\/satmediawp.edv-kroiss.com\/produkt\/antenne-tecatel-k120p1-120cm-profi-line\/"},"modified":"2025-06-23T11:04:33","modified_gmt":"2025-06-23T09:04:33","slug":"antenne-tecatel-k120p1-120cm-profi-line","status":"publish","type":"product","link":"https:\/\/satmedia.at\/en\/product\/antenne-tecatel-k120p1-120cm-profi-line\/","title":{"rendered":"Antenne Tecatel K120P1 120cm Profi-Line"},"content":{"rendered":"<p>Gro\u00df, gr\u00f6\u00dfer am gr\u00f6\u00dften &#8211; \u00d6sterreichs gr\u00f6\u00dfte Antennen ab Lager!<\/p>\n<p>Die Profi-Line Antennen MADE IN SPAIN.<br \/>\nBestens geeignet f\u00fcr schwache Satelliten!<\/p>\n<p>Durchmesser: 1200 mm (1200 mm x 1100 mm)<br \/>\nMastaufnahme max. 70 mm<br \/>\nMaterial: Stahl verzinkt galvanisiert<br \/>\nOberfl\u00e4chenbearbeitung: Epoxi-polyester<br \/>\nBeambreite: &lt; 1.55\u00ba<br \/>\nWindkraft : 200 km\/h<br \/>\nWirkungsgrad: 80 %<br \/>\nGewicht Total : 12 kg<br \/>\nGain\/Gewinn (12.5 GHz): 42.2 dbi<br \/>\nFD Verh\u00e4ltnis: 0.57<br \/>\nElevation: 5\u00b0 &#8211; 57\u00b0<br \/>\nLNB-Aufnahme: 40mm<\/p>","protected":false},"excerpt":{"rendered":"<p>Gro\u00df, gr\u00f6\u00dfer am gr\u00f6\u00dften &#8211; \u00d6sterreichs gr\u00f6\u00dfte Antennen ab Lager! Die Profi-Line Antennen MADE IN SPAIN. Bestens geeignet f\u00fcr schwache Satelliten! Durchmesser: 1200 mm (1200 mm x 1100 mm) Mastaufnahme [&hellip;]<\/p>","protected":false},"featured_media":1110,"template":"","meta":{"powered_cache_disable_cache":false,"powered_cache_disable_lazyload":false,"powered_cache_disable_css_optimization":false},"product_cat":[41,75,46,116],"product_tag":[],"_links":{"self":[{"href":"https:\/\/satmedia.at\/en\/wp-json\/wp\/v2\/product\/1111"}],"collection":[{"href":"https:\/\/satmedia.at\/en\/wp-json\/wp\/v2\/product"}],"about":[{"href":"https:\/\/satmedia.at\/en\/wp-json\/wp\/v2\/types\/product"}],"wp:featuredmedia":[{"embeddable":true,"href":"https:\/\/satmedia.at\/en\/wp-json\/wp\/v2\/media\/1110"}],"wp:attachment":[{"href":"https:\/\/satmedia.at\/en\/wp-json\/wp\/v2\/media?parent=1111"}],"wp:term":[{"taxonomy":"product_cat","embeddable":true,"href":"https:\/\/satmedia.at\/en\/wp-json\/wp\/v2\/product_cat?post=1111"},{"taxonomy":"product_tag","embeddable":true,"href":"https:\/\/satmedia.at\/en\/wp-json\/wp\/v2\/product_tag?post=1111"}],"curies":[{"name":"wp","href":"https:\/\/api.w.org\/{rel}","templated":true}]}}