{"id":1207,"date":"2014-09-04T16:22:53","date_gmt":"2014-09-04T16:22:53","guid":{"rendered":"https:\/\/satmediawp.edv-kroiss.com\/produkt\/multischalter-smatv-5-16-kaskadiebar\/"},"modified":"2024-10-14T14:43:11","modified_gmt":"2024-10-14T12:43:11","slug":"multischalter-smatv-5-16-kaskadiebar","status":"publish","type":"product","link":"https:\/\/satmedia.at\/en\/product\/multischalter-smatv-5-16-kaskadiebar\/","title":{"rendered":"Multischalter SMATV 5\/16 KASKADIEBAR"},"content":{"rendered":"<p>Kaskadierbarer SMATV-Multischalter mit aktiven terrestrischen DVB-T tauglichen Eingang.<br \/>\nPerfekt erweiterbar durch Stecksystem &#8211; Die Ein- und Ausg\u00e4nge sind genau gegen\u00fcber!<br \/>\nAn diesen Multischalter k\u00f6nnen 16 Teilnehmer angeschlossen werden &#8211; Erweiterbar auf \u00fcber 200 Teilnehmer<br \/>\nStromversorgung \u00fcber energiesparendes externes Netzteil!<\/p>","protected":false},"excerpt":{"rendered":"<p>Kaskadierbarer SMATV-Multischalter mit aktiven terrestrischen DVB-T tauglichen Eingang. Perfekt erweiterbar durch Stecksystem &#8211; Die Ein- und Ausg\u00e4nge sind genau gegen\u00fcber! An diesen Multischalter k\u00f6nnen 16 Teilnehmer angeschlossen werden &#8211; Erweiterbar [&hellip;]<\/p>","protected":false},"featured_media":1068,"template":"","meta":{"powered_cache_disable_cache":false,"powered_cache_disable_lazyload":false,"powered_cache_disable_css_optimization":false},"product_cat":[48,124],"product_tag":[],"_links":{"self":[{"href":"https:\/\/satmedia.at\/en\/wp-json\/wp\/v2\/product\/1207"}],"collection":[{"href":"https:\/\/satmedia.at\/en\/wp-json\/wp\/v2\/product"}],"about":[{"href":"https:\/\/satmedia.at\/en\/wp-json\/wp\/v2\/types\/product"}],"wp:featuredmedia":[{"embeddable":true,"href":"https:\/\/satmedia.at\/en\/wp-json\/wp\/v2\/media\/1068"}],"wp:attachment":[{"href":"https:\/\/satmedia.at\/en\/wp-json\/wp\/v2\/media?parent=1207"}],"wp:term":[{"taxonomy":"product_cat","embeddable":true,"href":"https:\/\/satmedia.at\/en\/wp-json\/wp\/v2\/product_cat?post=1207"},{"taxonomy":"product_tag","embeddable":true,"href":"https:\/\/satmedia.at\/en\/wp-json\/wp\/v2\/product_tag?post=1207"}],"curies":[{"name":"wp","href":"https:\/\/api.w.org\/{rel}","templated":true}]}}