{"id":1212,"date":"2014-10-24T09:35:34","date_gmt":"2014-10-24T09:35:34","guid":{"rendered":"https:\/\/satmediawp.edv-kroiss.com\/produkt\/amiko-hd-8155-cx-e\/"},"modified":"2024-12-12T14:15:06","modified_gmt":"2024-12-12T13:15:06","slug":"amiko-hd-8155-cx-e","status":"publish","type":"product","link":"https:\/\/satmedia.at\/en\/product\/amiko-hd-8155-cx-e\/","title":{"rendered":"Amiko HD-8155 CX Kartenleser Scart HDMI"},"content":{"rendered":"<p>AMIKO &#8211; Volle FULL HDTV Leistung zum g\u00fcnstigen Preis. Auch noch geeignet f\u00fcr \u00e4ltere TV Ger\u00e4te mit Scart Anschluss.<\/p>\n<p>Der Amiko HD-8155 CX Ethernet besticht nebem dem Full HD SAT-Tuner vor allem durch den USB-Mediaplayer mit HEVC-Dekodierung und der Netzwerk Schnittstelle.<br \/>\nAuch WLAN kann \u00fcber einen optionalen USB-WLAN Stick verwendet werden!<br \/>\nEine PVR-Funktion ist \u00fcber externe USB-Festplatten verf\u00fcgbar.<br \/>\nAls einer der wenigen Receiver unterst\u00fctzt das Ger\u00e4t sowohl NTFS als auch FAT32 Systeme und als Aufnahmeformat wird .TS verwendet!<br \/>\nDer integrierte Conax Kartenleser ist f\u00fcr Conax PayTV Smartcards geeignet.<br \/>\nMultimedia Unterst\u00fctzung: Youtube, SHOUTCast Radio, Videoplayer (MKV, AVI, MOV usw) Musikplayer (MP3), RSS Reader, Wetterplugin, usw&#8230;.<br \/>\nJetzt Neu: Android APP &#8211; Ger\u00e4t streamt TV und Radio Kan\u00e4le direkt zum Android Handy oder Tablet per Netzwerk!<\/p>\n<p>&#8211; Full HD Digital Satellite Receiver<br \/>\n&#8211; Conax Kartenleser<br \/>\n&#8211; 2 USB Anschluss (Vorne + Hinten)<br \/>\n&#8211; Aufnahmefunktion auf externe Festplatte \u00fcber USB.<br \/>\n&#8211; TimeShift Support<br \/>\n&#8211; MKV, AVI, MPG, MOV, MP3 Wiedergabe<br \/>\n&#8211; Ethernet\/Netzwerkverbindung<br \/>\n&#8211; WLAN \u00fcber WLAN USB-Stick (optional)<br \/>\n&#8211; WebTV und IPTV m\u00f6glich<br \/>\n&#8211; Youtube, Wetter und RSS Reader Funktion<br \/>\n&#8211; 4 (7 Segmente) LED Display<br \/>\n&#8211; Kanallisten Tools (Lock, Edit, Move, Skip, Delete)<br \/>\n&#8211; Favouriten<br \/>\n&#8211; User Friendly On-Screen Display (OSD)<br \/>\n&#8211; Multi-Language support<br \/>\n&#8211; Subtitles support (DVB\/TXT)<br \/>\n&#8211; DiSEqC 1.0, 1.2 and USALS compatible<br \/>\n&#8211; Dolby Digital BitStream out via Koaxial &amp; HDMI<br \/>\n&#8211; Software Upgrade Support via USB &amp; RS232<br \/>\n&#8211; weniger als 1W Stromverbrauch in Stand-By mode<\/p>","protected":false},"excerpt":{"rendered":"<p>AMIKO &#8211; Volle FULL HDTV Leistung zum g\u00fcnstigen Preis. Auch noch geeignet f\u00fcr \u00e4ltere TV Ger\u00e4te mit Scart Anschluss. Der Amiko HD-8155 CX Ethernet besticht nebem dem Full HD SAT-Tuner [&hellip;]<\/p>","protected":false},"featured_media":1210,"template":"","meta":{"powered_cache_disable_cache":false,"powered_cache_disable_lazyload":false,"powered_cache_disable_css_optimization":false},"product_cat":[43,61],"product_tag":[],"_links":{"self":[{"href":"https:\/\/satmedia.at\/en\/wp-json\/wp\/v2\/product\/1212"}],"collection":[{"href":"https:\/\/satmedia.at\/en\/wp-json\/wp\/v2\/product"}],"about":[{"href":"https:\/\/satmedia.at\/en\/wp-json\/wp\/v2\/types\/product"}],"wp:featuredmedia":[{"embeddable":true,"href":"https:\/\/satmedia.at\/en\/wp-json\/wp\/v2\/media\/1210"}],"wp:attachment":[{"href":"https:\/\/satmedia.at\/en\/wp-json\/wp\/v2\/media?parent=1212"}],"wp:term":[{"taxonomy":"product_cat","embeddable":true,"href":"https:\/\/satmedia.at\/en\/wp-json\/wp\/v2\/product_cat?post=1212"},{"taxonomy":"product_tag","embeddable":true,"href":"https:\/\/satmedia.at\/en\/wp-json\/wp\/v2\/product_tag?post=1212"}],"curies":[{"name":"wp","href":"https:\/\/api.w.org\/{rel}","templated":true}]}}