{"id":1240,"date":"2015-03-05T10:42:29","date_gmt":"2015-03-05T10:42:29","guid":{"rendered":"https:\/\/satmediawp.edv-kroiss.com\/produkt\/multischalter-smatv-9-32-kaskadiebar\/"},"modified":"2024-10-14T14:42:55","modified_gmt":"2024-10-14T12:42:55","slug":"multischalter-smatv-9-32-kaskadiebar","status":"publish","type":"product","link":"https:\/\/satmedia.at\/en\/product\/multischalter-smatv-9-32-kaskadiebar\/","title":{"rendered":"Multischalter SMATV 9\/32 KASKADIEBAR"},"content":{"rendered":"<p>Kaskadierbarer SMATV-Multischalter mit aktiven terrestrischen DVB-T tauglichen Eingang f\u00fcr 2 Satelliten.<br \/>\nPerfekt erweiterbar durch Stecksystem &#8211; Die Ein- und Ausg\u00e4nge sind genau gegen\u00fcber!<br \/>\nAn diesen Multischalter k\u00f6nnen 32 Teilnehmer angeschlossen werden &#8211; Erweiterbar auf \u00fcber 200 Teilnehmer<br \/>\nStromversorgung \u00fcber energiesparendes externes Netzteil!<\/p>","protected":false},"excerpt":{"rendered":"<p>Kaskadierbarer SMATV-Multischalter mit aktiven terrestrischen DVB-T tauglichen Eingang f\u00fcr 2 Satelliten. Perfekt erweiterbar durch Stecksystem &#8211; Die Ein- und Ausg\u00e4nge sind genau gegen\u00fcber! An diesen Multischalter k\u00f6nnen 32 Teilnehmer angeschlossen [&hellip;]<\/p>","protected":false},"featured_media":1068,"template":"","meta":{"powered_cache_disable_cache":false,"powered_cache_disable_lazyload":false,"powered_cache_disable_css_optimization":false},"product_cat":[48,125],"product_tag":[],"_links":{"self":[{"href":"https:\/\/satmedia.at\/en\/wp-json\/wp\/v2\/product\/1240"}],"collection":[{"href":"https:\/\/satmedia.at\/en\/wp-json\/wp\/v2\/product"}],"about":[{"href":"https:\/\/satmedia.at\/en\/wp-json\/wp\/v2\/types\/product"}],"wp:featuredmedia":[{"embeddable":true,"href":"https:\/\/satmedia.at\/en\/wp-json\/wp\/v2\/media\/1068"}],"wp:attachment":[{"href":"https:\/\/satmedia.at\/en\/wp-json\/wp\/v2\/media?parent=1240"}],"wp:term":[{"taxonomy":"product_cat","embeddable":true,"href":"https:\/\/satmedia.at\/en\/wp-json\/wp\/v2\/product_cat?post=1240"},{"taxonomy":"product_tag","embeddable":true,"href":"https:\/\/satmedia.at\/en\/wp-json\/wp\/v2\/product_tag?post=1240"}],"curies":[{"name":"wp","href":"https:\/\/api.w.org\/{rel}","templated":true}]}}