{"id":1315,"date":"2016-04-07T10:31:59","date_gmt":"2016-04-07T10:31:59","guid":{"rendered":"https:\/\/satmediawp.edv-kroiss.com\/produkt\/tvip-s-box-530-uhd-4k-iptv-mag\/"},"modified":"2024-06-10T15:39:32","modified_gmt":"2024-06-10T13:39:32","slug":"tvip-s-box-530-uhd-4k-iptv-mag","status":"publish","type":"product","link":"https:\/\/satmedia.at\/en\/product\/tvip-s-box-530-uhd-4k-iptv-mag\/","title":{"rendered":"Tvip S-Box 530 UHD 4k (Iptv Mag)"},"content":{"rendered":"<p>Bei der TVIP S-Box v.530 Konsole handelt es sich um eine neuste Entwicklung von TVIP mit super schnellem 1,2 GHz Quad-Core Prozessor, welche in sich das Maximum an technischen M\u00f6glichkeiten vereint. Dieses Produkt erf\u00fcllt alle vom Anbieter gestellten Breitband Anforderungen. In diesem Zusammenhang wird dem Endverbraucher eine un\u00fcbertreffliche bequeme Nutzung erm\u00f6glicht. Die TVIP S-Box v.530 Konsole erf\u00fcllt alle modernen Anforderungen an ein Multimediager\u00e4t, einschlie\u00dflich der Unterst\u00fctzung von Streaming Media, Video auf Anfrage (VoD), Wiedergabe von digitalen Kan\u00e4len in einer hohen Qualit\u00e4t.<\/p>\n<p>Technische Daten<br \/>\nAmlogic S905W quad core 1,2 GHz<br \/>\nChipset \u00a0\u00a0 \u00a0Amlogic S905W quad core 1,2 GHz<br \/>\nVideo resolution \u00a0\u00a0 \u00a03840&#215;2160 (HDR)<br \/>\n3D Graphics \u00a0\u00a0 \u00a0OpenGL ES 2.0 (Mali-450 penta core)<br \/>\nMemory \u00a0\u00a0 \u00a0RAM 1 Gb, Flash 8 Gb<br \/>\nInterfaces \u00a0\u00a0 \u00a0HDMI, AV, Ethernet, USB, MicroSD Card, ext.IR<\/p>\n<p>Operating system \u00a0\u00a0 \u00a0Linux<br \/>\nSupported Middleware \u00a0\u00a0 \u00a0TVIP TMS, IPTVPORTAL, Open JSON API, Stalker, Microimpuls, Smotreshka, HTML5\/JS portals<br \/>\nRemote provisioning \u00a0\u00a0 \u00a0TR-069 or TVIP XML<br \/>\nContainers \u00a0\u00a0 \u00a0MPEG-TS, MPEG-PS, MP4, MKV, AVI, MOV, FLV, OGG<br \/>\nProtocols \u00a0\u00a0 \u00a0UDP, RTP, HTTP, HLS, RTSP, SMB, NFS, DLNA<br \/>\nCAS\/DRM \u00a0\u00a0 \u00a0TVIP, IPTVPORTAL, BISS, Widevine L3, optional PlayReady<br \/>\nVideo codecs \u00a0\u00a0 \u00a0H.265 (10 bit), VP9, H.264, MPEG4 ASP, Xvid, MPEG2, MJPEG 2160p 30fps<br \/>\nAudio codecs \u00a0\u00a0 \u00a0MPEG\/MP3\/MPA, AAC, WMA, OGG, WAV, FLAC, APE<br \/>\nSubtitles \u00a0\u00a0 \u00a0DVBSUB, VOBSUB, Teletext, SSA\/ASS, SubRip<br \/>\nImages \u00a0\u00a0 \u00a0JPEG, PNG<\/p>","protected":false},"excerpt":{"rendered":"<p>Bei der TVIP S-Box v.530 Konsole handelt es sich um eine neuste Entwicklung von TVIP mit super schnellem 1,2 GHz Quad-Core Prozessor, welche in sich das Maximum an technischen M\u00f6glichkeiten [&hellip;]<\/p>","protected":false},"featured_media":1314,"template":"","meta":{"powered_cache_disable_cache":false,"powered_cache_disable_lazyload":false,"powered_cache_disable_css_optimization":false},"product_cat":[44,71],"product_tag":[],"_links":{"self":[{"href":"https:\/\/satmedia.at\/en\/wp-json\/wp\/v2\/product\/1315"}],"collection":[{"href":"https:\/\/satmedia.at\/en\/wp-json\/wp\/v2\/product"}],"about":[{"href":"https:\/\/satmedia.at\/en\/wp-json\/wp\/v2\/types\/product"}],"wp:featuredmedia":[{"embeddable":true,"href":"https:\/\/satmedia.at\/en\/wp-json\/wp\/v2\/media\/1314"}],"wp:attachment":[{"href":"https:\/\/satmedia.at\/en\/wp-json\/wp\/v2\/media?parent=1315"}],"wp:term":[{"taxonomy":"product_cat","embeddable":true,"href":"https:\/\/satmedia.at\/en\/wp-json\/wp\/v2\/product_cat?post=1315"},{"taxonomy":"product_tag","embeddable":true,"href":"https:\/\/satmedia.at\/en\/wp-json\/wp\/v2\/product_tag?post=1315"}],"curies":[{"name":"wp","href":"https:\/\/api.w.org\/{rel}","templated":true}]}}