{"id":1399,"date":"2025-12-17T15:25:50","date_gmt":"2025-12-17T14:25:50","guid":{"rendered":"https:\/\/satmediawp.edv-kroiss.com\/produkt\/amiko-sattracker-messgeraet\/"},"modified":"2025-12-17T16:23:29","modified_gmt":"2025-12-17T15:23:29","slug":"amiko-sattracker-messgeraet","status":"publish","type":"product","link":"https:\/\/satmedia.at\/en\/product\/amiko-sattracker-messgeraet\/","title":{"rendered":"Amiko Mobile Tracker BT Combo DVB-S\/S2\/T\/T2\/C\/C2 Analog Messger\u00e4t"},"content":{"rendered":"<p>Das Multi Talent &#8211; Ein Ger\u00e4t alle Tuner!<br \/>\nMessger\u00e4t mit superschnellem Multi Tuner f\u00fcr DVB-S\/S2\/T\/T2\/C\/C2 und Analog TV.<br \/>\nNutzen Sie Ihr Android Smartphone zur grafischen Darstellung und Konfiguration. Voreingestellte Satelliten\/Frequenzen sind auch ohne Smartphone direkt am Messger\u00e4t messbar!<\/p>\n<p>Richten Sie Satellitenspiegel, DVB-T2-Antennen oder DVB-C Kabel Kopfstationen wie ein Profi aus. Das einfach bedienbare Messger\u00e4t ist sogar auch zur Fehlersuche in alten analogen Kabel-TV-Anlagen geeignet. Bei der Live-Messung zeigt er auf dem Android Smartphone Display \u00fcbersichtlich Satellit, Transponder und die Messwerte an. Mit den neuen DiSEqC-, Spannungs-, Schaltbefehltestfunktionen k\u00f6nnen Sie auch Anlagen mit Multifeed-Sat-Anlagen einfach \u00fcberpr\u00fcfen. Dank des Kfz-Ladeadapters ist das Ger\u00e4t gut geeignet f\u00fcr Camping-\/Caravan-Urlaube sowie LKW-\/Fernfahrer u. v. m.<\/p>\n<p>Dieses Messger\u00e4t kommt ohne TV-Bildausgabe aus, was aber den Vorteil hat, dass die Signal Pegelanzeige ohne Verz\u00f6gerung reagiert!<br \/>\nEinfach den zu suchenden Satelliten in den Einstellungen ausw\u00e4hlen und fertig!<br \/>\n8 fertige Transponderdaten sind pro Satellit gespeichert und k\u00f6nnen eigenst\u00e4ndig ge\u00e4ndert werden.<br \/>\nSomit lassen sich alle Frequenzen am Satelliten scannen.<\/p>\n<p>Bei der Live-Messung von DVB-S\/S2 werden z. B. Satellitenname, Transponder, C\/N (Carrier\/Noise), PWR, MER, BER, Signalst\u00e4rke \/ -qualit\u00e4t und dB\u03bcV angezeigt. Zudem werden Stromaufnahme des LNBs und die ausgegebene Spannung an das LNB angezeigt. Die Spektrum Analyse erleichtert die Fehlersuche und die Einrichtung der Satellitenanlage.<\/p>\n<p>Bei der Einmessung von DVB-T\/T2\/C\/C2 wird entsprechend des Eingangssignals DVB-T \/ T2 oder DVB-C \/ C2, Transponder, SNR, PWR, MER, BER, Signalst\u00e4rke \/ -qualit\u00e4t und dB\u03bcV angezeigt. Zudem wird die Stromversorgung bei aktiven Antennen und die ausgegebene Spannung angezeigt.\u00a0 Spektrum-Analyse und Mehrkanal Vergleich erleichtert die Fehlersuche und die Einrichtung.<\/p>\n<p><strong>Komfortable Spektrum-Analyse<\/strong><br \/>\nDas Display zeigt auf Knopfdruck das Spektrum einzelner Frequenzen oder eines Frequenzbands mit Angaben von Polarisation, High\/Low Band und Signalst\u00e4ke der gew\u00e4hlten Frequenz an. Sie finden Empfangsfehler schneller und sehen optisch sofort, ob Signalschw\u00e4chen in einzelnen Bereichen ankommen.<\/p>\n<p><strong>Satelliten-Identifikation auf Knopfdruck<\/strong><br \/>\nMit der Satelliten Identifikation analysiert das Messger\u00e4t \u00fcber das Auswerten von Transponder auf welchem Satelliten Sie sich befinden und erleichtert Ihnen somit das finden des gew\u00fcnschten Satelliten.<\/p>\n<p><strong>Winkelberechnung<\/strong><br \/>\nDie eingebaute Winkelberechnung erm\u00f6glicht es Ihnen \u00fcber die Eingabe Ihrer Positionsdaten eine exakte Voreinstellung Ihrer Antenne. Das Sat-Messger\u00e4t gibt Ihnen auf einen Blick Azimut\/Elevation und Skew Winkel an.<br \/>\nZudem bietet das Ger\u00e4t einen integrierten Kompass an, der Ihnen hilft die gew\u00fcnschten Einstellungen vorzunehmen.<\/p>\n<p>Ein weiteres Highlight ist die visuelle Ausrichtungsfunktion. Diese erm\u00f6glicht es Ihnen das Sat-Messger\u00e4t am Spiegel anzulegen und \u00fcber eine Grafische Darstellung ein Suchen des gew\u00fcnschten Satelliten &#8211; bis zur \u00dcbereinstimmung der dargestellten Satelliten.<\/p>\n<p><strong>Berechnet Dreh- und Neigungswinkel des Sat-Spiegels<\/strong><br \/>\nVermeiden Sie m\u00fchsames Ausprobieren der optimalen Spiegel-Ausrichtung: Auf Knopfdruck berechnet der Messempf\u00e4nger den Dreh- und Neigungswinkel des Satellitenspiegels.<\/p>\n<p><strong>Mehrkanal\/Tilt<\/strong><br \/>\nDiese Funktion erm\u00f6glicht Ihnen einen direkten Vergleich von verschiedenen Frequenzen\/Kan\u00e4len und hilft Ihnen beim Auswerten und berechnen von Verst\u00e4rkung und D\u00e4mpfung der einzelnen Frequenzbereiche.<\/p>\n<p><strong>Multi Transponder Kontrolle<\/strong><br \/>\nDieses Tool hilft Ihnen beim Auswerten einzelner Ebenen. Auf einen Blick sehen Sie ob alle 4 Ebenen verf\u00fcgbar sind. Zudem haben Sie damit die M\u00f6glichkeit beim Verwenden von Quattro Anschl\u00fcssen das Herausmessen der Polarisation der Leitungen.<\/p>\n<p><strong>Auto DiSEqC<\/strong><br \/>\nDie Auto DiSEqC Funktion pr\u00fcft auf Knopfdruck an welchem DiSEqC Port der Satellit angeschlossen ist, um die richtige Programmierung der Endger\u00e4te vorzunehmen.<\/p>\n<p><strong>Komfortables Ausrichten<\/strong><br \/>\nDank Tragegurt und Tasche k\u00f6nnen Sie den Satellitenspiegel ausrichten, ohne st\u00e4ndig den Satfinder in der Hand halten zu m\u00fcssen. Der leistungsf\u00e4hige Li-Ionen-Akku erm\u00f6glicht bis zu 3 Stunden mobilen Messbetrieb.<\/p>\n<p><strong>Satelliten-, Kabel- und terrestrischer DVB- sowie Analog-Signalanalysator, gesteuert per mobiler App<\/strong><\/p>\n<p><strong>BLUETOOTH-VERBINDUNG<\/strong><\/p>\n<p>Unterst\u00fctzt <strong>DVB-S \/ DVB-S2 \/ DVB-T \/ DVB-T2 \/ DVB-C \/ DVB-C2 \/ ATV<\/strong><\/p>\n<p>Schutz und Anzeige bei <strong>LNB-Kurzschluss<\/strong><\/p>\n<p>Extrem schnell und pr\u00e4zise, mit hoher Empfindlichkeit<\/p>\n<p>Alle <strong>DiSEqC-Protokolle<\/strong> basieren auf 22-kHz-Signal\u00fcberwachung<\/p>\n<p>Die Android-Apps f\u00fcr das Ger\u00e4t k\u00f6nnen hier heruntergeladen werden:<br \/>\nhttps:\/\/mega.nz\/file\/8AwQgSzY#-4BkOjc5xN4v_sbuUe14qcQsCYG3juX7Q-bYJuHO_UQ<\/p>\n<p><strong>ACHTUNG: Nur f\u00fcr Android geeignet !!<\/strong><\/p>\n<p><strong>WEITERE FUNKTIONEN<\/strong><\/p>\n<p><strong>DVB-S \/ DVB-S2<\/strong><\/p>\n<ul>\n<li>Echtzeit-Spektrumanalysator und Erkennung von Transponderdaten<\/li>\n<li>Winkelberechnung f\u00fcr Azimut und Elevation<\/li>\n<li>Messung von Azimut und Elevation<\/li>\n<li>Satellitenausrichtungssystem<\/li>\n<li>Anzeige von Power, CNR, CBER, VBER (DVB-S), LBER (DVB-S2)<\/li>\n<li>Anzeige des Modulationsmodus<\/li>\n<li>Unterst\u00fctzt DiSEqC 1.0, DiSEqC 1.2, USALS, SCD und SCD2<\/li>\n<li>Akustische Benachrichtigung bei Signallock<\/li>\n<li>Firmware aktualisierbar \u00fcber USB-Port<\/li>\n<li>Stromversorgung: 100\u2013240 V \/ 50\/60 Hz, 12 V @ 1 A<\/li>\n<li>Sehr lange Standby-Zeit, geringer Stromverbrauch<\/li>\n<li>Schnelllade-Li-Ion-Akku, h\u00e4lt ca. 3 Stunden<\/li>\n<li>Bluetooth-Sender mit gro\u00dfer Reichweite (15 m)<\/li>\n<\/ul>\n<p><strong>DVB-T \/ DVB-T2<\/strong><\/p>\n<ul>\n<li>Anzeige von Power, VBER (DVB-T), LBER (DVB-T2), SNR und CBER<\/li>\n<li>Spektrumanalysator<\/li>\n<\/ul>\n<p><strong>DVB-C \/ DVB-C2<\/strong><\/p>\n<ul>\n<li>Anzeige von Power, CBER, PER (DVB-C \/ J83B), LBER (DVB-C2), SNR und Symbolrate<\/li>\n<li>Spektrumanalysator<\/li>\n<\/ul>","protected":false},"excerpt":{"rendered":"<p>Das Multi Talent &#8211; Ein Ger\u00e4t alle Tuner! Messger\u00e4t mit superschnellem Multi Tuner f\u00fcr DVB-S\/S2\/T\/T2\/C\/C2 und Analog TV. Nutzen Sie Ihr Android Smartphone zur grafischen Darstellung und Konfiguration. Voreingestellte Satelliten\/Frequenzen [&hellip;]<\/p>","protected":false},"featured_media":4763,"template":"","meta":{"powered_cache_disable_cache":false,"powered_cache_disable_lazyload":false,"powered_cache_disable_css_optimization":false},"product_cat":[49,136],"product_tag":[],"_links":{"self":[{"href":"https:\/\/satmedia.at\/en\/wp-json\/wp\/v2\/product\/1399"}],"collection":[{"href":"https:\/\/satmedia.at\/en\/wp-json\/wp\/v2\/product"}],"about":[{"href":"https:\/\/satmedia.at\/en\/wp-json\/wp\/v2\/types\/product"}],"wp:featuredmedia":[{"embeddable":true,"href":"https:\/\/satmedia.at\/en\/wp-json\/wp\/v2\/media\/4763"}],"wp:attachment":[{"href":"https:\/\/satmedia.at\/en\/wp-json\/wp\/v2\/media?parent=1399"}],"wp:term":[{"taxonomy":"product_cat","embeddable":true,"href":"https:\/\/satmedia.at\/en\/wp-json\/wp\/v2\/product_cat?post=1399"},{"taxonomy":"product_tag","embeddable":true,"href":"https:\/\/satmedia.at\/en\/wp-json\/wp\/v2\/product_tag?post=1399"}],"curies":[{"name":"wp","href":"https:\/\/api.w.org\/{rel}","templated":true}]}}