{"id":1407,"date":"2018-01-12T09:04:26","date_gmt":"2018-01-12T09:04:26","guid":{"rendered":"https:\/\/satmediawp.edv-kroiss.com\/produkt\/balkonstaender-1x50-standfuss\/"},"modified":"2024-05-31T15:26:44","modified_gmt":"2024-05-31T13:26:44","slug":"balkonstaender-1x50-standfuss","status":"publish","type":"product","link":"https:\/\/satmedia.at\/en\/product\/balkonstaender-1x50-standfuss\/","title":{"rendered":"Balkonstaender 1&#215;50 Standfuss"},"content":{"rendered":"<p>Der Balkonst\u00e4nder ist f\u00fcr Betonplatten von 50x50cm geeignet.<br \/>Seine hochwertige Verarbeitung aus Stahl macht ihn extrem stabil und standfest.<br \/>Ideal auch f\u00fcr den mobilen Campingbereich, wenn keine geeignete Befestigungsm\u00f6glichkeit f\u00fcr den Satelliten-Spiegel vorhanden ist.<br \/>Mastl\u00e4nge ca. 1m  Rohrdurchmesser 40mm <\/p>","protected":false},"excerpt":{"rendered":"<p>Der Balkonst\u00e4nder ist f\u00fcr Betonplatten von 50x50cm geeignet.Seine hochwertige Verarbeitung aus Stahl macht ihn extrem stabil und standfest.Ideal auch f\u00fcr den mobilen Campingbereich, wenn keine geeignete Befestigungsm\u00f6glichkeit f\u00fcr den Satelliten-Spiegel [&hellip;]<\/p>","protected":false},"featured_media":1406,"template":"","meta":{"powered_cache_disable_cache":false,"powered_cache_disable_lazyload":false,"powered_cache_disable_css_optimization":false},"product_cat":[49,135],"product_tag":[],"_links":{"self":[{"href":"https:\/\/satmedia.at\/en\/wp-json\/wp\/v2\/product\/1407"}],"collection":[{"href":"https:\/\/satmedia.at\/en\/wp-json\/wp\/v2\/product"}],"about":[{"href":"https:\/\/satmedia.at\/en\/wp-json\/wp\/v2\/types\/product"}],"wp:featuredmedia":[{"embeddable":true,"href":"https:\/\/satmedia.at\/en\/wp-json\/wp\/v2\/media\/1406"}],"wp:attachment":[{"href":"https:\/\/satmedia.at\/en\/wp-json\/wp\/v2\/media?parent=1407"}],"wp:term":[{"taxonomy":"product_cat","embeddable":true,"href":"https:\/\/satmedia.at\/en\/wp-json\/wp\/v2\/product_cat?post=1407"},{"taxonomy":"product_tag","embeddable":true,"href":"https:\/\/satmedia.at\/en\/wp-json\/wp\/v2\/product_tag?post=1407"}],"curies":[{"name":"wp","href":"https:\/\/api.w.org\/{rel}","templated":true}]}}