{"id":1486,"date":"2018-06-12T15:17:42","date_gmt":"2018-06-12T15:17:42","guid":{"rendered":"https:\/\/satmediawp.edv-kroiss.com\/produkt\/unicable-lnb-6fach-4xunicable-scr-1-x-twin\/"},"modified":"2024-05-17T11:20:24","modified_gmt":"2024-05-17T09:20:24","slug":"unicable-lnb-6fach-4xunicable-scr-1-x-twin","status":"publish","type":"product","link":"https:\/\/satmedia.at\/en\/product\/unicable-lnb-6fach-4xunicable-scr-1-x-twin\/","title":{"rendered":"Unicable LNB &#8211; 6fach (4xUnicable SCR + 1 x Twin)"},"content":{"rendered":"<p>Unicable I LNB f\u00fcr 6 Ger\u00e4te mit 3 Anschl\u00fcssen.<br \/>Optimal auch zum Anschluss von Mehrfach Tuner (Twin\/Quad) Receiver geeignet. Es wird nur eine Koax-Leitung zum Mehrfachtuner Receiver ben\u00f6tigt!<\/p>\n<p>1 x Unicable I 4-fach: 4 Ger\u00e4te an einer Koax-Leitung (oder zB 1 x Twin Receiver + 2 Receiver oder 2 x Twin Receiver)<br \/>1 x Twin Anschluss f\u00fcr 2 Standard SAT Receiver\/TV<span style=\"font-family: Arial\"><\/p>\n<p><b>Technische Daten<\/b><\/p>\n<p>&nbsp;&nbsp;&nbsp; Mod. GT-S2SCR4<br \/>&nbsp;&nbsp;&nbsp; SCR (Satellite Channel Router) \/ Einkabel LNB <br \/>&nbsp;&nbsp;&nbsp; 1x SCR Ausgang f\u00fcr bis zu 4 Receiver (SAT-SCR <\/span><span style=\"font-family: Arial\"><span style=\"font-family: Arial\">EN50494<\/span>)<br \/>&nbsp;&nbsp;&nbsp; 2x Standard Legacy Ausgang (Twin LNB)<br \/>&nbsp;&nbsp;&nbsp; Channel 1: 1210 MHz<br \/>&nbsp;&nbsp;&nbsp; Channel 2: 1420 MHz<br \/>&nbsp;&nbsp;&nbsp; Channel 3: 1680 MHz<br \/>&nbsp;&nbsp;&nbsp; Channel 4: 2040 MHz<br \/>&nbsp;&nbsp;&nbsp; Rauschma\u00df: 0.2dB (typ.)<br \/>&nbsp;&nbsp;&nbsp; Gain Legacy port: 57 &#8211; 65dB<br \/>&nbsp;&nbsp;&nbsp; Gain SAT-SCR port: 58 &#8211; 67dB<br \/>&nbsp;&nbsp;&nbsp; Gain Flatness: +\/- 0.5dB \/ 26MHz over temp.<br \/>&nbsp;&nbsp;&nbsp; Gain Variation: 6dB over temp.<br \/>&nbsp;&nbsp;&nbsp; Cross-Pol Isolation:&nbsp; &gt;20dB over temp.<br \/>&nbsp;&nbsp;&nbsp; SATCR control firmware from ST<br \/>&nbsp;&nbsp;&nbsp; Legacy control: DiSEqC 1.0<br \/>&nbsp;&nbsp;&nbsp; Image Rejection: &gt;40dB over temp.<br \/>&nbsp;&nbsp;&nbsp; Temp.Bereich: -40\u00b0C bis + 65\u00b0C<br \/>&nbsp;&nbsp;&nbsp; Power Consumption Legacy port: 200mA<br \/>&nbsp;&nbsp;&nbsp; Power Consumption SAT-SCR port: 300mA<br \/>&nbsp;&nbsp;&nbsp; Feed \u00d8 40mm<br \/>&nbsp;&nbsp;&nbsp; Feed Lengh: 42mm<br \/>&nbsp;&nbsp;&nbsp; UHD &amp; DVB-S2 kompatibel<br \/>&nbsp;&nbsp;&nbsp; ausziehbarer Wettschutz<br \/><\/span><\/p>\n<p><\/p>","protected":false},"excerpt":{"rendered":"<p>Unicable I LNB f\u00fcr 6 Ger\u00e4te mit 3 Anschl\u00fcssen.Optimal auch zum Anschluss von Mehrfach Tuner (Twin\/Quad) Receiver geeignet. Es wird nur eine Koax-Leitung zum Mehrfachtuner Receiver ben\u00f6tigt! 1 x Unicable [&hellip;]<\/p>","protected":false},"featured_media":1484,"template":"","meta":{"powered_cache_disable_cache":false,"powered_cache_disable_lazyload":false,"powered_cache_disable_css_optimization":false},"product_cat":[47,103],"product_tag":[],"_links":{"self":[{"href":"https:\/\/satmedia.at\/en\/wp-json\/wp\/v2\/product\/1486"}],"collection":[{"href":"https:\/\/satmedia.at\/en\/wp-json\/wp\/v2\/product"}],"about":[{"href":"https:\/\/satmedia.at\/en\/wp-json\/wp\/v2\/types\/product"}],"wp:featuredmedia":[{"embeddable":true,"href":"https:\/\/satmedia.at\/en\/wp-json\/wp\/v2\/media\/1484"}],"wp:attachment":[{"href":"https:\/\/satmedia.at\/en\/wp-json\/wp\/v2\/media?parent=1486"}],"wp:term":[{"taxonomy":"product_cat","embeddable":true,"href":"https:\/\/satmedia.at\/en\/wp-json\/wp\/v2\/product_cat?post=1486"},{"taxonomy":"product_tag","embeddable":true,"href":"https:\/\/satmedia.at\/en\/wp-json\/wp\/v2\/product_tag?post=1486"}],"curies":[{"name":"wp","href":"https:\/\/api.w.org\/{rel}","templated":true}]}}