{"id":1527,"date":"2018-08-17T11:58:15","date_gmt":"2018-08-17T11:58:15","guid":{"rendered":"https:\/\/satmediawp.edv-kroiss.com\/produkt\/clarke-tech-satracer-3-sw-diseqc-motor-gebraucht\/"},"modified":"2025-09-22T13:38:51","modified_gmt":"2025-09-22T11:38:51","slug":"clarke-tech-satracer-3-sw-diseqc-motor-gebraucht","status":"publish","type":"product","link":"https:\/\/satmedia.at\/en\/product\/clarke-tech-satracer-3-sw-diseqc-motor-gebraucht\/","title":{"rendered":"Clarke-Tech SM3D12 DiseqC Motor Gebraucht\/Used"},"content":{"rendered":"<p>Gebrauchter Ausstellungs-Motor mit 6 Monaten Garantie.<br \/>\nNie im Au\u00dfenbetrieb im Einsatz, Abbildung \u00e4hnlich.<\/p>\n<p>Motor f\u00fcr DiseqC 1.2 \/ USALS Go To X!<br \/>\nDieser Motor ben\u00f6tigt keine externe Stromversorgung und kein Steuerkabel. Strom-Speisung direkt \u00fcber das Koax Kabel! Antennen Gr\u00f6\u00dfe von 35-120 cm m\u00f6glich.<br \/>\nGer\u00e4uscharm mit 99\u00b0 Schwenkbereich<br \/>\nManuell Steuerbar (Ost\/West) am Motor!!<br \/>\nOst \/ West Limit Einfach zu installieren.<\/p>\n<p><b> Technische Daten :<\/b><\/p>\n<p>Arbeits-Protokoll : DiseqC 1.2\/2.2 kompatibles Nivo und &#8220;GO TO X&#8221; Funktion Horizontaler Drebereich : 95\u00b0 Normal, (99\u00b0 Maximal)<br \/>\nVertikaler Drehbereich : 75\u00b0<br \/>\nSAT-Positionen programmierbar : 50<br \/>\nL\u00e4nge der Motorachse : 120 mm<br \/>\nDurchmeser der Motorachse : 40 mm<br \/>\nDreh-Geschwindigkeit : 2,5\u00b0\/s (18V) Horizontal, 2\u00b0\/s (14V) Vertikal<br \/>\nFein-Drehbereich : 0,36\u00b0<br \/>\nGewicht mit Verpackung : 2,68kg<\/p>","protected":false},"excerpt":{"rendered":"<p>Gebrauchter Ausstellungs-Motor mit 6 Monaten Garantie. Nie im Au\u00dfenbetrieb im Einsatz, Abbildung \u00e4hnlich. Motor f\u00fcr DiseqC 1.2 \/ USALS Go To X! Dieser Motor ben\u00f6tigt keine externe Stromversorgung und kein [&hellip;]<\/p>","protected":false},"featured_media":4687,"template":"","meta":{"powered_cache_disable_cache":false,"powered_cache_disable_lazyload":false,"powered_cache_disable_css_optimization":false},"product_cat":[46,119,144],"product_tag":[],"_links":{"self":[{"href":"https:\/\/satmedia.at\/en\/wp-json\/wp\/v2\/product\/1527"}],"collection":[{"href":"https:\/\/satmedia.at\/en\/wp-json\/wp\/v2\/product"}],"about":[{"href":"https:\/\/satmedia.at\/en\/wp-json\/wp\/v2\/types\/product"}],"wp:featuredmedia":[{"embeddable":true,"href":"https:\/\/satmedia.at\/en\/wp-json\/wp\/v2\/media\/4687"}],"wp:attachment":[{"href":"https:\/\/satmedia.at\/en\/wp-json\/wp\/v2\/media?parent=1527"}],"wp:term":[{"taxonomy":"product_cat","embeddable":true,"href":"https:\/\/satmedia.at\/en\/wp-json\/wp\/v2\/product_cat?post=1527"},{"taxonomy":"product_tag","embeddable":true,"href":"https:\/\/satmedia.at\/en\/wp-json\/wp\/v2\/product_tag?post=1527"}],"curies":[{"name":"wp","href":"https:\/\/api.w.org\/{rel}","templated":true}]}}