{"id":1547,"date":"2018-10-25T10:49:37","date_gmt":"2018-10-25T10:49:37","guid":{"rendered":"https:\/\/satmediawp.edv-kroiss.com\/produkt\/hotel-sat-auf-kabel-kopfstation-8-0-erweiterung-deutsche-dritte-19-sender-hd\/"},"modified":"2024-12-20T14:36:28","modified_gmt":"2024-12-20T13:36:28","slug":"hotel-sat-auf-kabel-kopfstation-8-0-erweiterung-deutsche-dritte-19-sender-hd","status":"publish","type":"product","link":"https:\/\/satmedia.at\/en\/product\/hotel-sat-auf-kabel-kopfstation-8-0-erweiterung-deutsche-dritte-19-sender-hd\/","title":{"rendered":"Hotel Sat auf Kabel Kopfstation 8.0 Erweiterung (Deutsche Dritte 19 Sender HD)"},"content":{"rendered":"<p>Dieses Komplettset haben wir zusammengestellt um vorhandene Kopfstationen\/Kopfstellen mit den HD-Sendern der deutschen \u00f6ffentlich\/rechtlichen TV-Anstalten aufzur\u00fcsten.<br \/>\nMit diesem SET stehen aktuell alle 19 freien deutschen HD Sender zur Verf\u00fcgung &#8211; Jederzeit erweiterbar.<\/p>\n<p>Unsere Sets sind komplett ausgestattet inkl. aller ben\u00f6tigten Komponenten (wie Multischalter, Anschlusskabeln) und programmiert mit den HD-Kan\u00e4len der deutschen \u00f6ffentlich rechtlichen Fernsehsender.<br \/>\nDie SD-Abschaltung von ARD\/ZDF und co ist derzeit mit Ende des Jahres geplant.<br \/>\nDiese Kopfstation eignet sich als Erweiterung f\u00fcr bestehende Anlagen.<br \/>\nVor der Auslieferung programmieren wir die Ausgangskan\u00e4le je nach Wunsch, damit die Anlage kompatibel zur bestehenden Anlage ist.<br \/>\nDie automatische NIT-Kanalsortierung funktioniert nur dann, wenn auch die bestehende Anlage NIT-tauglich ist.<\/p>\n<p>Die Vorteile unserer Kopfstation kurz zusammengefasst:<\/p>\n<ul>\n<li>Komplett-Set &#8211; Auslieferung vorkonfiguriert inkl. aller notwendiger Komponenten &#8211; Individuelle Senderreihenfolge.<\/li>\n<li>Senderliste wird in Kopfstelle programmiert &#8211; TV-Ger\u00e4te \u00fcbernehmen die Senderliste beim Suchlauf.<\/li>\n<li>\u00c4nderungen der Senderliste werden im TV-Ger\u00e4t ohne Sendersuchlauf \u00fcbernommen (TV muss NIT unterst\u00fctzen. LG und Samsung getestet)<\/li>\n<li>Unbegrenzte Anzahl von TV-Ger\u00e4te anschlie\u00dfbar &#8211; Kein Limit<\/li>\n<li>Programmierung \u00fcber Webinterface\/Netzwerk. Fernwartung \u00fcber Teamviewer m\u00f6glich.<\/li>\n<li>HD-Tauglich &#8211; Bereit f\u00fcr die SD Abschaltung von ARD\/ZDF\/Co<\/li>\n<li>Jederzeit erweiterbar auf \u00fcber 300 Sender<\/li>\n<li>Integrierbar in bestehende Kopfstelle<\/li>\n<li>Unbegrenzte Anzahl an Teilnehmer (TV-Ger\u00e4te)<\/li>\n<li>Neue Dynamische Transponderverteilung &#8211; Keine Kabelumsteckung bei Transponderwechsel notwendig. Fernwartung dadurch \u00fcber zB. Teamviewer m\u00f6glich.<\/li>\n<li>Optional: Redundante Stromversorgung (Kein Ausfall bei einem Defekt des Netzteiles)<\/li>\n<li>Optional: Infokanal Einspielung \u00fcber Audio\/Video Input<\/li>\n<li>Optional: Optische \u00dcbertragung: Leitungsl\u00e4ngen von \u00fcber 10km m\u00f6glich<\/li>\n<li>Optional: ORF tauglich<\/li>\n<\/ul>\n<p><b>Voraussetzungen:<\/b><\/p>\n<ul>\n<li>TV-Ger\u00e4t mit integriertem DVB-C HD Tuner \/ QAM 6900 oder TV-Ger\u00e4t mit externen DVB-C Receiver<\/li>\n<li>F\u00fcr automatische Kanalsortierung TV-Ger\u00e4t mit NIT Funktion<\/li>\n<li>Astra Satelliten Antenne<\/li>\n<\/ul>\n<p><b>Liefer-\/Leistungsumfang<\/b><\/p>\n<ul>\n<li>Terra Kopfstation Komplett-Set<\/li>\n<li>Individuelle Programmierung inklusive!<\/li>\n<li>Ausmessung und Justierung aller DVB-C Kan\u00e4le!<\/li>\n<li>Modul Terra SDQ480<\/li>\n<li>Netzteil Terra SUP413<\/li>\n<li>Unicable Multischalter 24fach<\/li>\n<li>2 x WB-LNBs (Vorbereitet f\u00fcr Astra\/Hotbird)<\/li>\n<li>Plug &amp; Play: Alle notwendigen Verbindungskabel\/Stecker\/Hutschiene<\/li>\n<\/ul>\n<p><b>\u00a0<\/b><\/p>\n<p><b>Montage<\/b><\/p>\n<ul>\n<li>Unsere Plug&amp;Play Kopfstation Sets sind so konfiguriert, dass der Anschluss und die Inbetriebnahme selbstst\u00e4ndig oder durch Ihren Haustechniker bzw. Hauselektriker durchgef\u00fchrt werden k\u00f6nnen.<br \/>\nWir bieten bei jeder Kopfstation gerne kostenlose telefonische Unterst\u00fctzung. Der Anschluss erfolgt meist innerhalb weniger Minuten.Sollten Sie einen Partner ben\u00f6tigen, finden Sie Ihren Montagepartner in Ihrem Bundesland in unserem<\/p>\n<p><b> <a href=\"https:\/\/hotel-kopfstation.com\/haendler\/\" target=\"_blank\" rel=\"noopener\">Vertriebspartner Verzeichnis<\/a>.<br \/>\n<\/b><\/li>\n<\/ul>\n<p>&nbsp;<\/p>\n<p>M\u00f6gliche Senderliste:<br \/>\n(individuell \u00e4nderbar)<\/p>\n<p>01\u00a0\u00a0\u00a0 Das Erste <b>HD<\/b><br \/>\n02\u00a0\u00a0\u00a0 ZDF <b>HD<\/b><br \/>\n03\u00a0\u00a0\u00a0 3sat <b>HD<\/b><br \/>\n04\u00a0\u00a0\u00a0 DF1 <b>HD<\/b><br \/>\n05\u00a0\u00a0\u00a0 arte <b>HD<\/b><br \/>\n06\u00a0\u00a0\u00a0 KiKA <b>HD<\/b><br \/>\n07\u00a0\u00a0\u00a0 tagesschau24 <b>HD<\/b><br \/>\n08\u00a0\u00a0\u00a0 Phoenix <b>HD<\/b><br \/>\n09\u00a0\u00a0\u00a0 ONE <b>HD<\/b><br \/>\n10\u00a0\u00a0\u00a0 BR Fernsehen <b>HD<\/b><br \/>\n11\u00a0\u00a0\u00a0 NDR FS <b>HD<\/b><br \/>\n12\u00a0\u00a0\u00a0 SWR Fernsehen BW <b>HD<\/b><br \/>\n13\u00a0\u00a0\u00a0 WDR <b>HD<\/b><br \/>\n14\u00a0\u00a0\u00a0 MDR <b>HD<\/b><br \/>\n15\u00a0\u00a0\u00a0 hr-fernsenen <b>HD<\/b><br \/>\n16\u00a0\u00a0\u00a0 rbb <b>HD<\/b><br \/>\n17\u00a0\u00a0\u00a0 SR Fernsehen <b>HD<\/b><br \/>\n18\u00a0\u00a0\u00a0 ZDFIinfo <b>HD<\/b><br \/>\n19\u00a0\u00a0\u00a0 zdf_neo <b>HD<\/b><\/p>\n<p>&nbsp;<\/p>","protected":false},"excerpt":{"rendered":"<p>Dieses Komplettset haben wir zusammengestellt um vorhandene Kopfstationen\/Kopfstellen mit den HD-Sendern der deutschen \u00f6ffentlich\/rechtlichen TV-Anstalten aufzur\u00fcsten. Mit diesem SET stehen aktuell alle 19 freien deutschen HD Sender zur Verf\u00fcgung &#8211; [&hellip;]<\/p>","protected":false},"featured_media":1545,"template":"","meta":{"powered_cache_disable_cache":false,"powered_cache_disable_lazyload":false,"powered_cache_disable_css_optimization":false},"product_cat":[41,39],"product_tag":[],"_links":{"self":[{"href":"https:\/\/satmedia.at\/en\/wp-json\/wp\/v2\/product\/1547"}],"collection":[{"href":"https:\/\/satmedia.at\/en\/wp-json\/wp\/v2\/product"}],"about":[{"href":"https:\/\/satmedia.at\/en\/wp-json\/wp\/v2\/types\/product"}],"wp:featuredmedia":[{"embeddable":true,"href":"https:\/\/satmedia.at\/en\/wp-json\/wp\/v2\/media\/1545"}],"wp:attachment":[{"href":"https:\/\/satmedia.at\/en\/wp-json\/wp\/v2\/media?parent=1547"}],"wp:term":[{"taxonomy":"product_cat","embeddable":true,"href":"https:\/\/satmedia.at\/en\/wp-json\/wp\/v2\/product_cat?post=1547"},{"taxonomy":"product_tag","embeddable":true,"href":"https:\/\/satmedia.at\/en\/wp-json\/wp\/v2\/product_tag?post=1547"}],"curies":[{"name":"wp","href":"https:\/\/api.w.org\/{rel}","templated":true}]}}