{"id":1581,"date":"2019-01-16T16:00:49","date_gmt":"2019-01-16T16:00:49","guid":{"rendered":"https:\/\/satmediawp.edv-kroiss.com\/produkt\/hotel-sat-auf-kabel-kopfstation-set-16-4-ci-90-sender-inkl-orf-hd-komplett-atv-hd-puls4\/"},"modified":"2025-01-07T16:42:17","modified_gmt":"2025-01-07T15:42:17","slug":"hotel-sat-auf-kabel-kopfstation-set-16-4-ci-90-sender-inkl-orf-hd-komplett-atv-hd-puls4","status":"publish","type":"product","link":"https:\/\/satmedia.at\/en\/product\/hotel-sat-auf-kabel-kopfstation-set-16-4-ci-90-sender-inkl-orf-hd-komplett-atv-hd-puls4\/","title":{"rendered":"Hotel Sat auf Kabel Kopfstation 16.4 CI (>90 Sender inkl. ORF HD\/ServusHD\/ATV1+2HD\/Puls4)"},"content":{"rendered":"<p>Lagernd und nach Bestelleingang innerhalb von 4-8 Werktagen fertig gestellt!<\/p>\n<p>Satmedia Komplettset f\u00fcr eine Hotel HD Kabelkopfstation \/ Kabelkopfstelle mit \u00fcber 90 Sendern inkl. ORF Programme.<br \/>\nUnsere Sets sind komplett ausgestattet inkl. aller ben\u00f6tigten Komponenten (Professional CAMs f\u00fcr die Entschl\u00fcsselung der ORF-Programme, Multischalter) und programmiert mit den HD-Kan\u00e4len von ORF und den HD-Kan\u00e4len der deutschen \u00f6ffentlich rechtlichen Fernsehsender.<br \/>\nDie SD-Abschaltung von ARD\/ZDF und co ist derzeit mit Ende des Jahres geplant.<br \/>\nDieses Set ben\u00f6tigt 4 ORF-Smartcards zur Entschl\u00fcsselung aller Programme. Senderliste siehe weiter unten.<\/p>\n<p>Die Vorteile unserer Kopfstation kurz zusammengefasst:<\/p>\n<ul>\n<li>Komplett-Set &#8211; Auslieferung vorkonfiguriert inkl. aller notwendiger Komponenten &#8211; Individuelle Senderreihenfolge.<\/li>\n<li>Senderliste wird in Kopfstelle programmiert &#8211; TV-Ger\u00e4te \u00fcbernehmen die Senderliste beim Suchlauf.<\/li>\n<li>\u00c4nderungen der Senderliste werden im TV-Ger\u00e4t ohne Sendersuchlauf \u00fcbernommen (TV muss NIT unterst\u00fctzen. LG und Samsung getestet)<\/li>\n<li>Unbegrenzte Anzahl an TV-Ger\u00e4te anschlie\u00dfbar &#8211; Kein Limit<\/li>\n<li>Programmierung \u00fcber Webinterface\/Netzwerk. Fernwartung \u00fcber Teamviewer m\u00f6glich.<\/li>\n<li>ORF tauglich &#8211; ORF Module im Lieferumfang enthalten. Es werden nur die ORF-Smartcards ben\u00f6tigt.<\/li>\n<li>HD-Tauglich &#8211; Bereit f\u00fcr die SD Abschaltung von ARD\/ZDF\/Co<\/li>\n<li>Unbegrenzte Anzahl an Teilnehmer (TV-Ger\u00e4te)<\/li>\n<li>Neue Dynamische Transponderverteilung &#8211; Keine Kabelumsteckung bei Transponderwechsel notwendig. Fernwartung dadurch \u00fcber zB. Teamviewer m\u00f6glich.<\/li>\n<li>Jederzeit erweiterbar f\u00fcr bis \u00fcber 300 Sender<\/li>\n<li>Integrierbar in bestehende Kopfstelle<\/li>\n<li>Empfohlene Erweiterung: <a href=\"https:\/\/satmedia.at\/en\/product\/plugplay-fertig-aufgebaut-mit-19-schrank-erweiterung\/\">Lieferung fertig aufgebaut im 19&#8221; Schrank.<\/a><\/li>\n<li>Optional: Redundante Stromversorgung (Kein Ausfall bei einem Defekt des Netzteiles)<\/li>\n<li>Optional: Infokanal Einspielung \u00fcber Audio\/Video Input<\/li>\n<li>Optional: Optische \u00dcbertragung: Leitungsl\u00e4ngen von \u00fcber 10km m\u00f6glich<\/li>\n<\/ul>\n<p><b>Voraussetzungen:<\/b><\/p>\n<ul>\n<li>TV-Ger\u00e4t mit integriertem DVB-C HD Tuner (QAM 6900)<\/li>\n<li>F\u00fcr automatische Kanalsortierung TV-Ger\u00e4t mit NIT Funktion<\/li>\n<li>minimum Astra Satelliten Antenne (Nur eine Koax-Leitung von Antenne zur Kopfstation ben\u00f6tigt)<\/li>\n<li>Bei Einsatz aller 4 Satelliten (LNBs im Lieferumfang) werden 2 Leitungen von der SAT-Antenne zur Kopfstelle empfohlen.<\/li>\n<li>4 x ORF-Smartcards &#8211; K\u00f6nnen \u00fcber uns bestellt werden.<\/li>\n<\/ul>\n<p><b><b><b><b><b>Liefer-\/Leistungsumfang<\/b><\/b><\/b><\/b><\/b><\/p>\n<ul>\n<li>Terra Kopfstation Komplett-Set<\/li>\n<li>Individuelle Programmierung inklusive!<\/li>\n<li>Ausmessung und Justierung aller DVB-C Kan\u00e4le!<\/li>\n<li>2 x Modul Terra SDQ480<\/li>\n<li>2 x Modul Terra SDQ420 CI<\/li>\n<li>4 x Irdeto CI+ CAM PRO<\/li>\n<li>2 x Netzteil Terra SUP413<\/li>\n<li>Unicable Multischalter Anlage f\u00fcr 4 Satelliten und 32 Teilnehmer (Vorbereitet f\u00fcr Kopfstelle f\u00fcr bis zu 150 TV-Sender\/Erweiterbar)!<\/li>\n<li>107dBuV Profi CATV Verst\u00e4rker<\/li>\n<li>Ethernet Switch Metallgeh\u00e4use<\/li>\n<li>4 x WB-LNBs (Vorbereitet f\u00fcr Astra\/Hotbird\/Astra 23,5\u00b0O\/Eutelsat 9\u00b0O)<\/li>\n<li>Plug &amp; Play: Alle notwendigen Verbindungskabel\/Stecker\/Hutschiene<\/li>\n<li>Empfohlene Erweiterung: <a href=\"https:\/\/satmedia.at\/en\/product\/plugplay-fertig-aufgebaut-mit-19-schrank-erweiterung\/\">Lieferung fertig aufgebaut im 19&#8221; Schrank.<\/a><\/li>\n<\/ul>\n<p><b><br \/>\n<b>Montage<\/b><\/b><\/p>\n<p>Unsere Plug&amp;Play Kopfstation Sets sind so konfiguriert, dass der Anschluss und die Inbetriebnahme selbstst\u00e4ndig oder durch Ihren Haustechniker bzw. Hauselektriker durchgef\u00fchrt werden k\u00f6nnen.<br \/>\nWir bieten bei jeder Kopfstation gerne kostenlose telefonische Unterst\u00fctzung. Der Anschluss erfolgt meist innerhalb weniger Minuten.<\/p>\n<p>Sollten Sie einen Partner ben\u00f6tigen, finden Sie Ihren Montagepartner in Ihrem Bundesland in unserem<\/p>\n<p><b> <a href=\"https:\/\/hotel-kopfstation.com\/haendler\/\" target=\"_blank\" rel=\"noopener\">Vertriebspartner Verzeichnis<\/a>.<br \/>\n<\/b><\/p>\n<p><b><br \/>\n<\/b><b>Vorgeschlagene Senderliste: <\/b><br \/>\n(individuell \u00e4nderbar)<\/p>\n<table border=\"0\" width=\"606\" cellspacing=\"0\" cellpadding=\"0\">\n<colgroup>\n<col \/>\n<col \/>\n<col \/>\n<col \/>\n<col \/>\n<col \/>\n<col \/> <\/colgroup>\n<tbody>\n<tr>\n<td style=\"height: 20px; width: 31px;\" align=\"right\" height=\"20\">1<\/td>\n<td style=\"width: 16px;\"><\/td>\n<td style=\"width: 152px;\">ORF 1 HD<\/td>\n<td style=\"width: 35px;\">HD<\/td>\n<td style=\"width: 120px;\">\u00d6sterreich<\/td>\n<td style=\"width: 132px;\">Allgemein<\/td>\n<td style=\"width: 121px;\">Deutsch<\/td>\n<\/tr>\n<tr>\n<td style=\"height: 20px;\" align=\"right\" height=\"20\">2<\/td>\n<td><\/td>\n<td>ORF 2 HD (Bundesland)<\/td>\n<td>HD<\/td>\n<td>\u00d6sterreich<\/td>\n<td>Allgemein<\/td>\n<td>Deutsch<\/td>\n<\/tr>\n<tr>\n<td style=\"height: 20px;\" align=\"right\" height=\"20\">3<\/td>\n<td><\/td>\n<td>ORF III HD<\/td>\n<td>HD<\/td>\n<td>\u00d6sterreich<\/td>\n<td>Allgemein<\/td>\n<td>Deutsch<\/td>\n<\/tr>\n<tr>\n<td style=\"height: 20px;\" align=\"right\" height=\"20\">4<\/td>\n<td><\/td>\n<td>Puls4<\/td>\n<td><\/td>\n<td>\u00d6sterreich<\/td>\n<td>Allgemein<\/td>\n<td>Deutsch<\/td>\n<\/tr>\n<tr>\n<td style=\"height: 20px;\" align=\"right\" height=\"20\">5<\/td>\n<td><\/td>\n<td>ATV HD<\/td>\n<td>HD<\/td>\n<td>\u00d6sterreich<\/td>\n<td>Allgemein<\/td>\n<td>Deutsch<\/td>\n<\/tr>\n<tr>\n<td style=\"height: 20px;\" align=\"right\" height=\"20\">6<\/td>\n<td><\/td>\n<td>ATV 2<\/td>\n<td><\/td>\n<td>\u00d6sterreich<\/td>\n<td>Allgemein<\/td>\n<td>Deutsch<\/td>\n<\/tr>\n<tr>\n<td style=\"height: 20px;\" align=\"right\" height=\"20\">7<\/td>\n<td><\/td>\n<td>Das Erste HD<\/td>\n<td>HD<\/td>\n<td>Deutschland<\/td>\n<td>Allgemein<\/td>\n<td>Deutsch<\/td>\n<\/tr>\n<tr>\n<td style=\"height: 20px;\" align=\"right\" height=\"20\">8<\/td>\n<td><\/td>\n<td>ZDF HD<\/td>\n<td>HD<\/td>\n<td>Deutschland<\/td>\n<td>Allgemein<\/td>\n<td>Deutsch<\/td>\n<\/tr>\n<tr>\n<td style=\"height: 20px;\" align=\"right\" height=\"20\">9<\/td>\n<td><\/td>\n<td>3sat HD<\/td>\n<td>HD<\/td>\n<td>Deutschland<\/td>\n<td>Kultur<\/td>\n<td>Deutsch<\/td>\n<\/tr>\n<tr>\n<td style=\"height: 20px;\" align=\"right\" height=\"20\">10<\/td>\n<td><\/td>\n<td>arte HD<\/td>\n<td>HD<\/td>\n<td>Deutschland<\/td>\n<td>Kultur<\/td>\n<td>Deutsch<\/td>\n<\/tr>\n<tr>\n<td style=\"height: 20px;\" align=\"right\" height=\"20\">11<\/td>\n<td><\/td>\n<td>Servus TV HD<\/td>\n<td>HD<\/td>\n<td>\u00d6sterreich<\/td>\n<td>Allgemein<\/td>\n<td>Deutsch<\/td>\n<\/tr>\n<tr>\n<td style=\"height: 20px;\" align=\"right\" height=\"20\">12<\/td>\n<td><\/td>\n<td>SAT 1 Austria<\/td>\n<td><\/td>\n<td>\u00d6sterreich<\/td>\n<td>Allgemein<\/td>\n<td>Deutsch<\/td>\n<\/tr>\n<tr>\n<td style=\"height: 20px;\" align=\"right\" height=\"20\">13<\/td>\n<td><\/td>\n<td>ProSieben Austria<\/td>\n<td><\/td>\n<td>\u00d6sterreich<\/td>\n<td>Allgemein<\/td>\n<td>Deutsch<\/td>\n<\/tr>\n<tr>\n<td style=\"height: 20px;\" align=\"right\" height=\"20\">14<\/td>\n<td><\/td>\n<td>Kabel eins Austria<\/td>\n<td><\/td>\n<td>\u00d6sterreich<\/td>\n<td>Allgemein<\/td>\n<td>Deutsch<\/td>\n<\/tr>\n<tr>\n<td style=\"height: 20px;\" align=\"right\" height=\"20\">15<\/td>\n<td><\/td>\n<td>RTL Austria<\/td>\n<td><\/td>\n<td>\u00d6sterreich<\/td>\n<td>Allgemein<\/td>\n<td>Deutsch<\/td>\n<\/tr>\n<tr>\n<td style=\"height: 20px;\" align=\"right\" height=\"20\">16<\/td>\n<td><\/td>\n<td>RTL2 Austria<\/td>\n<td><\/td>\n<td>\u00d6sterreich<\/td>\n<td>Allgemein<\/td>\n<td>Deutsch<\/td>\n<\/tr>\n<tr>\n<td style=\"height: 20px;\" align=\"right\" height=\"20\">17<\/td>\n<td><\/td>\n<td>RTL Plus Austria<\/td>\n<td><\/td>\n<td>\u00d6sterreich<\/td>\n<td>Allgemein<\/td>\n<td>Deutsch<\/td>\n<\/tr>\n<tr>\n<td style=\"height: 20px;\" align=\"right\" height=\"20\">18<\/td>\n<td><\/td>\n<td>VOX Austria<\/td>\n<td><\/td>\n<td>\u00d6sterreich<\/td>\n<td>Allgemein<\/td>\n<td>Deutsch<\/td>\n<\/tr>\n<tr>\n<td style=\"height: 20px;\" align=\"right\" height=\"20\">19<\/td>\n<td><\/td>\n<td>ORF Sport + HD<\/td>\n<td>HD<\/td>\n<td>\u00d6sterreich<\/td>\n<td>Sport<\/td>\n<td>Deutsch<\/td>\n<\/tr>\n<tr>\n<td style=\"height: 20px;\" align=\"right\" height=\"20\">20<\/td>\n<td><\/td>\n<td>Eurosport 1 DE<\/td>\n<td><\/td>\n<td>Deutschland<\/td>\n<td>Sport<\/td>\n<td>Deutsch<\/td>\n<\/tr>\n<tr>\n<td style=\"height: 20px;\" align=\"right\" height=\"20\">21<\/td>\n<td><\/td>\n<td>DMAX Austria<\/td>\n<td><\/td>\n<td>Deutschland<\/td>\n<td>Dokus\/Reportagen<\/td>\n<td>Deutsch<\/td>\n<\/tr>\n<tr>\n<td style=\"height: 20px;\" align=\"right\" height=\"20\">22<\/td>\n<td><\/td>\n<td>N24 DOKU Austria<\/td>\n<td><\/td>\n<td>Deutschland<\/td>\n<td>Dokus\/Reportagen<\/td>\n<td>Deutsch<\/td>\n<\/tr>\n<tr>\n<td style=\"height: 20px;\" align=\"right\" height=\"20\">23<\/td>\n<td><\/td>\n<td>ComedyCentral<\/td>\n<td><\/td>\n<td>Deutschland<\/td>\n<td>Verschiedenes<\/td>\n<td>Deutsch<\/td>\n<\/tr>\n<tr>\n<td style=\"height: 20px;\" align=\"right\" height=\"20\">24<\/td>\n<td><\/td>\n<td>KIKA HD<\/td>\n<td>HD<\/td>\n<td>Deutschland<\/td>\n<td>Kinderprogramm<\/td>\n<td>Deutsch<\/td>\n<\/tr>\n<tr>\n<td style=\"height: 20px;\" align=\"right\" height=\"20\">25<\/td>\n<td><\/td>\n<td>Super RTL Austria<\/td>\n<td><\/td>\n<td>\u00d6sterreich<\/td>\n<td>Kinderprogramm<\/td>\n<td>Deutsch<\/td>\n<\/tr>\n<tr>\n<td style=\"height: 20px;\" align=\"right\" height=\"20\">26<\/td>\n<td><\/td>\n<td>Nickelodeon<\/td>\n<td><\/td>\n<td>Deutschland<\/td>\n<td>Kinderprogramm<\/td>\n<td>Deutsch<\/td>\n<\/tr>\n<tr>\n<td style=\"height: 20px;\" align=\"right\" height=\"20\">27<\/td>\n<td><\/td>\n<td>Euronews DE<\/td>\n<td><\/td>\n<td>Deutschland<\/td>\n<td>Nachrichten<\/td>\n<td>Deutsch<\/td>\n<\/tr>\n<tr>\n<td style=\"height: 20px;\" align=\"right\" height=\"20\">28<\/td>\n<td><\/td>\n<td>Tagesschau 24 HD<\/td>\n<td>HD<\/td>\n<td>Deutschland<\/td>\n<td>Nachrichten<\/td>\n<td>Deutsch<\/td>\n<\/tr>\n<tr>\n<td style=\"height: 20px;\" align=\"right\" height=\"20\">29<\/td>\n<td><\/td>\n<td>Oe24 TV<\/td>\n<td>HD<\/td>\n<td>\u00d6sterreich<\/td>\n<td>Nachrichten<\/td>\n<td>Deutsch<\/td>\n<\/tr>\n<tr>\n<td style=\"height: 20px;\" align=\"right\" height=\"20\">30<\/td>\n<td><\/td>\n<td>ZDFinfo HD<\/td>\n<td>HD<\/td>\n<td>Deutschland<\/td>\n<td>Dokus\/Reportagen<\/td>\n<td>Deutsch<\/td>\n<\/tr>\n<tr>\n<td style=\"height: 20px;\" align=\"right\" height=\"20\">31<\/td>\n<td><\/td>\n<td>zdf_neo HD<\/td>\n<td>HD<\/td>\n<td>Deutschland<\/td>\n<td>Allgemein<\/td>\n<td>Deutsch<\/td>\n<\/tr>\n<tr>\n<td style=\"height: 20px;\" align=\"right\" height=\"20\">32<\/td>\n<td><\/td>\n<td>SWR Fernsehen HD<\/td>\n<td>HD<\/td>\n<td>Deutschland<\/td>\n<td>Allgemein<\/td>\n<td>Deutsch<\/td>\n<\/tr>\n<tr>\n<td style=\"height: 20px;\" align=\"right\" height=\"20\">33<\/td>\n<td><\/td>\n<td>Phoenix HD<\/td>\n<td>HD<\/td>\n<td>Deutschland<\/td>\n<td>Dokus\/Reportagen<\/td>\n<td>Deutsch<\/td>\n<\/tr>\n<tr>\n<td style=\"height: 20px;\" align=\"right\" height=\"20\">34<\/td>\n<td><\/td>\n<td>BR Fernsehen HD<\/td>\n<td>HD<\/td>\n<td>Deutschland<\/td>\n<td>Allgemein<\/td>\n<td>Deutsch<\/td>\n<\/tr>\n<tr>\n<td style=\"height: 20px;\" align=\"right\" height=\"20\">35<\/td>\n<td><\/td>\n<td>NDR Fernsehen HD<\/td>\n<td>HD<\/td>\n<td>Deutschland<\/td>\n<td>Allgemein<\/td>\n<td>Deutsch<\/td>\n<\/tr>\n<tr>\n<td style=\"height: 20px;\" align=\"right\" height=\"20\">36<\/td>\n<td><\/td>\n<td>RBB Berlin HD<\/td>\n<td>HD<\/td>\n<td>Deutschland<\/td>\n<td>Allgemein<\/td>\n<td>Deutsch<\/td>\n<\/tr>\n<tr>\n<td style=\"height: 20px;\" align=\"right\" height=\"20\">37<\/td>\n<td><\/td>\n<td>MDR Fernsehen HD<\/td>\n<td>HD<\/td>\n<td>Deutschland<\/td>\n<td>Allgemein<\/td>\n<td>Deutsch<\/td>\n<\/tr>\n<tr>\n<td style=\"height: 20px;\" align=\"right\" height=\"20\">38<\/td>\n<td><\/td>\n<td>HR Fernsehen HD<\/td>\n<td>HD<\/td>\n<td>Deutschland<\/td>\n<td>Allgemein<\/td>\n<td>Deutsch<\/td>\n<\/tr>\n<tr>\n<td style=\"height: 20px;\" align=\"right\" height=\"20\">39<\/td>\n<td><\/td>\n<td>WDR HD<\/td>\n<td>HD<\/td>\n<td>Deutschland<\/td>\n<td>Allgemein<\/td>\n<td>Deutsch<\/td>\n<\/tr>\n<tr>\n<td style=\"height: 20px;\" align=\"right\" height=\"20\">40<\/td>\n<td><\/td>\n<td>SR Fernsehen HD<\/td>\n<td>HD<\/td>\n<td>Deutschland<\/td>\n<td>Allgemein<\/td>\n<td>Deutsch<\/td>\n<\/tr>\n<tr>\n<td style=\"height: 20px;\" align=\"right\" height=\"20\">41<\/td>\n<td><\/td>\n<td>One HD<\/td>\n<td>HD<\/td>\n<td>Deutschland<\/td>\n<td>Allgemein<\/td>\n<td>Deutsch<\/td>\n<\/tr>\n<tr>\n<td style=\"height: 20px;\" align=\"right\" height=\"20\">42<\/td>\n<td><\/td>\n<td>ARD Alpha HD<\/td>\n<td>HD<\/td>\n<td>Deutschland<\/td>\n<td>Dokus\/Reportagen<\/td>\n<td>Deutsch<\/td>\n<\/tr>\n<tr>\n<td style=\"height: 20px;\" align=\"right\" height=\"20\">43<\/td>\n<td><\/td>\n<td>Deluxe Music<\/td>\n<td><\/td>\n<td>Deutschland<\/td>\n<td>Musik<\/td>\n<td>Deutsch<\/td>\n<\/tr>\n<tr>\n<td style=\"height: 20px;\" align=\"right\" height=\"20\">44<\/td>\n<td><\/td>\n<td>GoTV<\/td>\n<td><\/td>\n<td>\u00d6sterreich<\/td>\n<td>Musik<\/td>\n<td>Deutsch<\/td>\n<\/tr>\n<tr>\n<td style=\"height: 20px;\" align=\"right\" height=\"20\">45<\/td>\n<td><\/td>\n<td>Melodie TV<\/td>\n<td><\/td>\n<td>\u00d6sterreich<\/td>\n<td>Musik<\/td>\n<td>Deutsch<\/td>\n<\/tr>\n<tr>\n<td style=\"height: 20px;\" align=\"right\" height=\"20\">46<\/td>\n<td><\/td>\n<td>R9 \u00d6sterreich<\/td>\n<td>HD<\/td>\n<td>\u00d6sterreich<\/td>\n<td>Regional Programm<\/td>\n<td>Deutsch<\/td>\n<\/tr>\n<tr>\n<td style=\"height: 20px;\" align=\"right\" height=\"20\">47<\/td>\n<td><\/td>\n<td>SchauTV HD<\/td>\n<td>HD<\/td>\n<td>\u00d6sterreich<\/td>\n<td>Regional Programm<\/td>\n<td>Deutsch<\/td>\n<\/tr>\n<tr>\n<td style=\"height: 20px;\" align=\"right\" height=\"20\">48<\/td>\n<td><\/td>\n<td>Bibel TV HD<\/td>\n<td>HD<\/td>\n<td>\u00d6sterreich<\/td>\n<td>Religion<\/td>\n<td>Deutsch<\/td>\n<\/tr>\n<tr>\n<td style=\"height: 20px;\" align=\"right\" height=\"20\">49<\/td>\n<td><\/td>\n<td>Hope Channel<\/td>\n<td>HD<\/td>\n<td>Deutschland<\/td>\n<td>Religion<\/td>\n<td>Deutsch<\/td>\n<\/tr>\n<tr>\n<td style=\"height: 20px;\" align=\"right\" height=\"20\">50<\/td>\n<td><\/td>\n<td colspan=\"2\">SRF Info (teilweise verschl.)<\/td>\n<td>Schweiz<\/td>\n<td>Allgemein<\/td>\n<td>Deutsch<\/td>\n<\/tr>\n<tr>\n<td style=\"height: 22px;\" align=\"right\" height=\"22\">51<\/td>\n<td><\/td>\n<td>Schweiz 5<\/td>\n<td><\/td>\n<td>Schweiz<\/td>\n<td>Allgemein<\/td>\n<td>Deutsch<\/td>\n<\/tr>\n<tr>\n<td style=\"height: 20px;\" align=\"right\" height=\"20\">52<\/td>\n<td><\/td>\n<td>SAT 1 Schweiz<\/td>\n<td><\/td>\n<td>Schweiz<\/td>\n<td>Allgemein<\/td>\n<td>Deutsch<\/td>\n<\/tr>\n<tr>\n<td style=\"height: 20px;\" align=\"right\" height=\"20\">53<\/td>\n<td><\/td>\n<td>ProSieben Schweiz<\/td>\n<td><\/td>\n<td>Schweiz<\/td>\n<td>Allgemein<\/td>\n<td>Deutsch<\/td>\n<\/tr>\n<tr>\n<td style=\"height: 20px;\" align=\"right\" height=\"20\">54<\/td>\n<td><\/td>\n<td>Kabel eins Schweiz<\/td>\n<td><\/td>\n<td>Schweiz<\/td>\n<td>Allgemein<\/td>\n<td>Deutsch<\/td>\n<\/tr>\n<tr>\n<td style=\"height: 20px;\" align=\"right\" height=\"20\">55<\/td>\n<td><\/td>\n<td>RTL Schweiz<\/td>\n<td><\/td>\n<td>Schweiz<\/td>\n<td>Allgemein<\/td>\n<td>Deutsch<\/td>\n<\/tr>\n<tr>\n<td style=\"height: 20px;\" align=\"right\" height=\"20\">56<\/td>\n<td><\/td>\n<td>VOX Schweiz<\/td>\n<td><\/td>\n<td>Schweiz<\/td>\n<td>Allgemein<\/td>\n<td>Deutsch<\/td>\n<\/tr>\n<tr>\n<td style=\"height: 20px;\" align=\"right\" height=\"20\">57<\/td>\n<td><\/td>\n<td>Sky News Int.<\/td>\n<td><\/td>\n<td>England<\/td>\n<td>Nachrichten<\/td>\n<td>Englisch<\/td>\n<\/tr>\n<tr>\n<td style=\"height: 20px;\" align=\"right\" height=\"20\">58<\/td>\n<td><\/td>\n<td>Cnn Int<\/td>\n<td><\/td>\n<td>USA\/GB<\/td>\n<td>Nachrichten<\/td>\n<td>Englisch<\/td>\n<\/tr>\n<tr>\n<td style=\"height: 20px;\" align=\"right\" height=\"20\">59<\/td>\n<td><\/td>\n<td>DW English<\/td>\n<td><\/td>\n<td>Deutschland<\/td>\n<td>Nachrichten<\/td>\n<td>Englisch<\/td>\n<\/tr>\n<tr>\n<td style=\"height: 20px;\" align=\"right\" height=\"20\">60<\/td>\n<td><\/td>\n<td>France 24 Eng<\/td>\n<td><\/td>\n<td>Frankreich<\/td>\n<td>Nachrichten<\/td>\n<td>Englisch<\/td>\n<\/tr>\n<tr>\n<td style=\"height: 20px;\" align=\"right\" height=\"20\">61<\/td>\n<td><\/td>\n<td>Russia Today Eng<\/td>\n<td><\/td>\n<td>Russland<\/td>\n<td>Nachrichten<\/td>\n<td>Englisch<\/td>\n<\/tr>\n<tr>\n<td style=\"height: 20px;\" align=\"right\" height=\"20\">62<\/td>\n<td><\/td>\n<td>TRT World HD<\/td>\n<td>HD<\/td>\n<td>T\u00fcrkei<\/td>\n<td>Nachrichten<\/td>\n<td>Englisch<\/td>\n<\/tr>\n<tr>\n<td style=\"height: 20px;\" align=\"right\" height=\"20\">63<\/td>\n<td><\/td>\n<td>Fashion One<\/td>\n<td><\/td>\n<td>England<\/td>\n<td>Verschiedenes<\/td>\n<td>Englisch<\/td>\n<\/tr>\n<tr>\n<td style=\"height: 20px;\" align=\"right\" height=\"20\">64<\/td>\n<td><\/td>\n<td>CGTN<\/td>\n<td>HD<\/td>\n<td>China<\/td>\n<td>Nachrichten<\/td>\n<td>Englisch<\/td>\n<\/tr>\n<tr>\n<td style=\"height: 20px;\" align=\"right\" height=\"20\">65<\/td>\n<td><\/td>\n<td>CGTN Documentary<\/td>\n<td><\/td>\n<td>China<\/td>\n<td>Dokus\/Reportagen<\/td>\n<td>Englisch<\/td>\n<\/tr>\n<tr>\n<td style=\"height: 20px;\" align=\"right\" height=\"20\">66<\/td>\n<td><\/td>\n<td>Rai 1<\/td>\n<td><\/td>\n<td>Italien<\/td>\n<td>Allgemein<\/td>\n<td>Italienisch<\/td>\n<\/tr>\n<tr>\n<td style=\"height: 20px;\" align=\"right\" height=\"20\">67<\/td>\n<td><\/td>\n<td>Rai 2<\/td>\n<td><\/td>\n<td>Italien<\/td>\n<td>Allgemein<\/td>\n<td>Italienisch<\/td>\n<\/tr>\n<tr>\n<td style=\"height: 20px;\" align=\"right\" height=\"20\">68<\/td>\n<td><\/td>\n<td>Rai 3<\/td>\n<td><\/td>\n<td>Italien<\/td>\n<td>Allgemein<\/td>\n<td>Italienisch<\/td>\n<\/tr>\n<tr>\n<td style=\"height: 20px;\" align=\"right\" height=\"20\">69<\/td>\n<td><\/td>\n<td>Rai News 24<\/td>\n<td><\/td>\n<td>Italien<\/td>\n<td>Nachrichten<\/td>\n<td>Italienisch<\/td>\n<\/tr>\n<tr>\n<td style=\"height: 20px;\" align=\"right\" height=\"20\">70<\/td>\n<td><\/td>\n<td>TV5Monde<\/td>\n<td><\/td>\n<td>Frankreich<\/td>\n<td>Allgemein<\/td>\n<td>Franz\u00f6sich<\/td>\n<\/tr>\n<tr>\n<td style=\"height: 20px;\" align=\"right\" height=\"20\">71<\/td>\n<td><\/td>\n<td>France 24<\/td>\n<td><\/td>\n<td>Frankreich<\/td>\n<td>Nachrichten<\/td>\n<td>Franz\u00f6sich<\/td>\n<\/tr>\n<tr>\n<td style=\"height: 20px;\" align=\"right\" height=\"20\">72<\/td>\n<td><\/td>\n<td>Euronews FR<\/td>\n<td><\/td>\n<td>Frankreich<\/td>\n<td>Nachrichten<\/td>\n<td>Franz\u00f6sich<\/td>\n<\/tr>\n<tr>\n<td style=\"height: 20px;\" align=\"right\" height=\"20\">73<\/td>\n<td><\/td>\n<td>CGTN F<\/td>\n<td><\/td>\n<td>China<\/td>\n<td>Allgemein<\/td>\n<td>Franz\u00f6sich<\/td>\n<\/tr>\n<tr>\n<td style=\"height: 20px;\" align=\"right\" height=\"20\">74<\/td>\n<td><\/td>\n<td>BVN<\/td>\n<td><\/td>\n<td>Holland<\/td>\n<td>Allgemein<\/td>\n<td>Niederl\u00e4ndisch<\/td>\n<\/tr>\n<tr>\n<td style=\"height: 20px;\" align=\"right\" height=\"20\">75<\/td>\n<td><\/td>\n<td>TVE Int. Europa<\/td>\n<td><\/td>\n<td>Spanien<\/td>\n<td>Nachrichten<\/td>\n<td>Spanisch<\/td>\n<\/tr>\n<tr>\n<td style=\"height: 20px;\" align=\"right\" height=\"20\">76<\/td>\n<td><\/td>\n<td>Canal 24 Horas<\/td>\n<td><\/td>\n<td>Spanien<\/td>\n<td>Nachrichten<\/td>\n<td>Spanisch<\/td>\n<\/tr>\n<tr>\n<td style=\"height: 20px;\" align=\"right\" height=\"20\">77<\/td>\n<td><\/td>\n<td>CGTN E<\/td>\n<td>HD<\/td>\n<td>China<\/td>\n<td>Allgemein<\/td>\n<td>Spanisch<\/td>\n<\/tr>\n<tr>\n<td style=\"height: 20px;\" align=\"right\" height=\"20\">78<\/td>\n<td><\/td>\n<td>CCTV 4E<\/td>\n<td>HD<\/td>\n<td>China<\/td>\n<td>Allgemein<\/td>\n<td>Chinesisch<\/td>\n<\/tr>\n<tr>\n<td style=\"height: 20px;\" align=\"right\" height=\"20\">79<\/td>\n<td><\/td>\n<td>Sky News Arabia<\/td>\n<td><\/td>\n<td>England<\/td>\n<td>Nachrichten<\/td>\n<td>Arabisch<\/td>\n<\/tr>\n<tr>\n<td style=\"height: 20px;\" align=\"right\" height=\"20\">80<\/td>\n<td><\/td>\n<td>Orient News<\/td>\n<td><\/td>\n<td>Arabische Emirate<\/td>\n<td>Nachrichten<\/td>\n<td>Arabisch<\/td>\n<\/tr>\n<tr>\n<td style=\"height: 20px;\" align=\"right\" height=\"20\">81<\/td>\n<td><\/td>\n<td>France 24 Arabic<\/td>\n<td><\/td>\n<td>Frankreich<\/td>\n<td>Nachrichten<\/td>\n<td>Arabisch<\/td>\n<\/tr>\n<tr>\n<td style=\"height: 20px;\" align=\"right\" height=\"20\">82<\/td>\n<td><\/td>\n<td>AL Arabia HD<\/td>\n<td>HD<\/td>\n<td>Arabische Emirate<\/td>\n<td>Nachrichten<\/td>\n<td>Arabisch<\/td>\n<\/tr>\n<tr>\n<td style=\"height: 20px;\" align=\"right\" height=\"20\">83<\/td>\n<td><\/td>\n<td>AD Sport1 HD<\/td>\n<td>HD<\/td>\n<td>Arabische Emirate<\/td>\n<td>Sport<\/td>\n<td>Arabisch<\/td>\n<\/tr>\n<tr>\n<td style=\"height: 20px;\" align=\"right\" height=\"20\">84<\/td>\n<td><\/td>\n<td>YAS Sports HD<\/td>\n<td>HD<\/td>\n<td>Arabische Emirate<\/td>\n<td>Sport<\/td>\n<td>Arabisch<\/td>\n<\/tr>\n<tr>\n<td style=\"height: 20px;\" align=\"right\" height=\"20\">85<\/td>\n<td><\/td>\n<td>Abu Dhabi TV HD<\/td>\n<td>HD<\/td>\n<td>Arabische Emirate<\/td>\n<td>Allgemein<\/td>\n<td>Arabisch<\/td>\n<\/tr>\n<tr>\n<td style=\"height: 20px;\" align=\"right\" height=\"20\">86<\/td>\n<td><\/td>\n<td>Al Sharjah HD<\/td>\n<td>HD<\/td>\n<td>Arabische Emirate<\/td>\n<td>Allgemein<\/td>\n<td>Arabisch<\/td>\n<\/tr>\n<tr>\n<td style=\"height: 20px;\" align=\"right\" height=\"20\">87<\/td>\n<td><\/td>\n<td>Al Sharqiay HD<\/td>\n<td>HD<\/td>\n<td>Arabische Emirate<\/td>\n<td>Allgemein<\/td>\n<td>Arabisch<\/td>\n<\/tr>\n<tr>\n<td style=\"height: 20px;\" align=\"right\" height=\"20\">88<\/td>\n<td><\/td>\n<td>Suryoyo Sat<\/td>\n<td><\/td>\n<td>Syrien<\/td>\n<td>Verschiedenes<\/td>\n<td>Arabisch<\/td>\n<\/tr>\n<tr>\n<td style=\"height: 20px;\" align=\"right\" height=\"20\">89<\/td>\n<td><\/td>\n<td>Vozrojdenie.tv<\/td>\n<td><\/td>\n<td>Russland<\/td>\n<td>Kultur<\/td>\n<td>Russisch<\/td>\n<\/tr>\n<tr>\n<td style=\"height: 20px;\" align=\"right\" height=\"20\">90<\/td>\n<td><\/td>\n<td>TVK<\/td>\n<td><\/td>\n<td>Kambodscha<\/td>\n<td>Allgemein<\/td>\n<td>Kambodschanisch<\/td>\n<\/tr>\n<tr>\n<td style=\"height: 20px;\" align=\"right\" height=\"20\">91<\/td>\n<td><\/td>\n<td>Thai Global Network<\/td>\n<td><\/td>\n<td>Thailand<\/td>\n<td>Allgemein<\/td>\n<td>Thail\u00e4ndisch<\/td>\n<\/tr>\n<tr>\n<td style=\"height: 20px;\" align=\"right\" height=\"20\">92<\/td>\n<td><\/td>\n<td>NetViet<\/td>\n<td><\/td>\n<td>Vietnam<\/td>\n<td>Verschiedenes<\/td>\n<td>Vietnamesisch<\/td>\n<\/tr>\n<\/tbody>\n<\/table>","protected":false},"excerpt":{"rendered":"<p>Lagernd und nach Bestelleingang innerhalb von 4-8 Werktagen fertig gestellt! Satmedia Komplettset f\u00fcr eine Hotel HD Kabelkopfstation \/ Kabelkopfstelle mit \u00fcber 90 Sendern inkl. ORF Programme. Unsere Sets sind komplett [&hellip;]<\/p>","protected":false},"featured_media":1580,"template":"","meta":{"powered_cache_disable_cache":false,"powered_cache_disable_lazyload":false,"powered_cache_disable_css_optimization":false},"product_cat":[41,39],"product_tag":[],"_links":{"self":[{"href":"https:\/\/satmedia.at\/en\/wp-json\/wp\/v2\/product\/1581"}],"collection":[{"href":"https:\/\/satmedia.at\/en\/wp-json\/wp\/v2\/product"}],"about":[{"href":"https:\/\/satmedia.at\/en\/wp-json\/wp\/v2\/types\/product"}],"wp:featuredmedia":[{"embeddable":true,"href":"https:\/\/satmedia.at\/en\/wp-json\/wp\/v2\/media\/1580"}],"wp:attachment":[{"href":"https:\/\/satmedia.at\/en\/wp-json\/wp\/v2\/media?parent=1581"}],"wp:term":[{"taxonomy":"product_cat","embeddable":true,"href":"https:\/\/satmedia.at\/en\/wp-json\/wp\/v2\/product_cat?post=1581"},{"taxonomy":"product_tag","embeddable":true,"href":"https:\/\/satmedia.at\/en\/wp-json\/wp\/v2\/product_tag?post=1581"}],"curies":[{"name":"wp","href":"https:\/\/api.w.org\/{rel}","templated":true}]}}