{"id":1649,"date":"2019-07-26T09:10:42","date_gmt":"2019-07-26T09:10:42","guid":{"rendered":"https:\/\/satmediawp.edv-kroiss.com\/produkt\/satmedia-4in1-fernbedienung-fuer-clarke-tech-1500-3100\/"},"modified":"2025-09-03T09:42:04","modified_gmt":"2025-09-03T07:42:04","slug":"satmedia-4in1-fernbedienung-fuer-clarke-tech-1500-3100","status":"publish","type":"product","link":"https:\/\/satmedia.at\/en\/product\/satmedia-4in1-fernbedienung-fuer-clarke-tech-1500-3100\/","title":{"rendered":"Satmedia Universal Fernbedienung f\u00fcr Clarke-Tech 1500-3100"},"content":{"rendered":"<p>Fertig Programmiert &#8211; Geeignet f\u00fcr alle Clarke-Tech SD Ger\u00e4te von 1500-3101!<\/p>\n<p>Per Smartphone programmierbare Universal Fernbedienung mit 49 programmierbaren Tasten &#8211; Speziell ausgelegt f\u00fcr den Betrieb an SAT-Receivern.<br \/>\nEinfach programmierbar \u00fcber das Smartphone f\u00fcr weitere bis zu 4 Ger\u00e4te insgesamt.<\/p>","protected":false},"excerpt":{"rendered":"<p>Fertig Programmiert &#8211; Geeignet f\u00fcr alle Clarke-Tech SD Ger\u00e4te von 1500-3101! Per Smartphone programmierbare Universal Fernbedienung mit 49 programmierbaren Tasten &#8211; Speziell ausgelegt f\u00fcr den Betrieb an SAT-Receivern. Einfach programmierbar [&hellip;]<\/p>","protected":false},"featured_media":4661,"template":"","meta":{"powered_cache_disable_cache":false,"powered_cache_disable_lazyload":false,"powered_cache_disable_css_optimization":false},"product_cat":[50,99],"product_tag":[],"_links":{"self":[{"href":"https:\/\/satmedia.at\/en\/wp-json\/wp\/v2\/product\/1649"}],"collection":[{"href":"https:\/\/satmedia.at\/en\/wp-json\/wp\/v2\/product"}],"about":[{"href":"https:\/\/satmedia.at\/en\/wp-json\/wp\/v2\/types\/product"}],"wp:featuredmedia":[{"embeddable":true,"href":"https:\/\/satmedia.at\/en\/wp-json\/wp\/v2\/media\/4661"}],"wp:attachment":[{"href":"https:\/\/satmedia.at\/en\/wp-json\/wp\/v2\/media?parent=1649"}],"wp:term":[{"taxonomy":"product_cat","embeddable":true,"href":"https:\/\/satmedia.at\/en\/wp-json\/wp\/v2\/product_cat?post=1649"},{"taxonomy":"product_tag","embeddable":true,"href":"https:\/\/satmedia.at\/en\/wp-json\/wp\/v2\/product_tag?post=1649"}],"curies":[{"name":"wp","href":"https:\/\/api.w.org\/{rel}","templated":true}]}}