{"id":1742,"date":"2019-11-26T14:50:56","date_gmt":"2019-11-26T14:50:56","guid":{"rendered":"https:\/\/satmediawp.edv-kroiss.com\/produkt\/lg-65um7450-uhd-smart-webos-simple-hotel-mode\/"},"modified":"2024-06-06T14:07:08","modified_gmt":"2024-06-06T12:07:08","slug":"lg-65ur781c-uhd-smart-webos-hotel-tv","status":"publish","type":"product","link":"https:\/\/satmedia.at\/en\/product\/lg-65ur781c-uhd-smart-webos-hotel-tv\/","title":{"rendered":"LG 65UR781C UHD Smart WebOS Hotel TV"},"content":{"rendered":"<p>Der LG 65UR781C besitzt ein 164 cm (65&#8243;) gro\u00dfes Panel mit UltraHD Aufl\u00f6sung (3.840 x 2.160 Pixel) und stellt damit gestochen scharfe Inhalte dar. Dank HDR-Unterst\u00fctzung werden beachtliche Kontraste und eine besonders hohe Helligkeit erzeugt, au\u00dferdem wirken Farben noch lebendiger und faszinierender. Der 65UR781C ist mit WLAN ausgestattet, versteht sich mit Apple AirPlay 2 und bietet 20 Watt starke Stereo Lautsprecher mit AI Sound. Der LG 65UR781C h\u00e4lt drei HDMI Ports bereit und bietet ALLM f\u00fcr ein angenehmes Gaming-Erlebnis.<\/p>\n<table width=\"643\" cellspacing=\"0\" cellpadding=\"0\">\n<tbody>\n<tr>\n<td width=\"271\">\n<p align=\"left\"><b>Energieeffizienzklasse (SDR)<\/b><\/p>\n<\/td>\n<td colspan=\"2\" width=\"372\">F (A &#8211; G)<\/td>\n<\/tr>\n<tr>\n<td width=\"271\">\n<p align=\"left\"><b>Energieverbauch pro 1000 Stunden (SDR)<\/b><\/p>\n<\/td>\n<td colspan=\"2\" width=\"372\">100 kWh<\/td>\n<\/tr>\n<tr>\n<td width=\"271\">\n<p align=\"left\"><b>Energieeffizienzklasse (HDR)<\/b><\/p>\n<\/td>\n<td colspan=\"2\" width=\"372\">G (A &#8211; G)<\/td>\n<\/tr>\n<tr>\n<td width=\"271\">\n<p align=\"left\"><b>Energieverbauch pro 1000 Stunden (HDR)<\/b><\/p>\n<\/td>\n<td colspan=\"2\" width=\"372\">152 kWh<\/td>\n<\/tr>\n<tr>\n<td width=\"271\">\n<p align=\"left\"><b>Leistungsaufnahme im Ein-Zustand bei Standard-Dynamikumfang (SDR)<\/b><\/p>\n<\/td>\n<td colspan=\"2\" width=\"372\">99.9 Watt<\/td>\n<\/tr>\n<tr>\n<td width=\"271\">\n<p align=\"left\"><b>Leistungsaufnahme im Ein-Zustand bei hohem Dynamikumfang (HDR)<\/b><\/p>\n<\/td>\n<td colspan=\"2\" width=\"372\">152 Watt<\/td>\n<\/tr>\n<tr>\n<td width=\"271\">\n<p align=\"left\"><b>Leistungsaufnahme im Bereitschafts- und Aus-Zustand<\/b><\/p>\n<\/td>\n<td colspan=\"2\" width=\"372\">0,5 Watt<\/td>\n<\/tr>\n<tr>\n<td width=\"271\">\n<p align=\"left\"><b>Leistungsaufnahme im vernetzten Bereitschaftsbetrieb<\/b><\/p>\n<\/td>\n<td colspan=\"2\" width=\"372\">2 Watt<\/td>\n<\/tr>\n<tr>\n<td width=\"271\">\n<p align=\"left\"><b>Bildschirmdiagonale<\/b><\/p>\n<\/td>\n<td colspan=\"2\" width=\"372\">164 cm (65 Zoll)<\/td>\n<\/tr>\n<tr>\n<td width=\"271\">\n<p align=\"left\"><b>Bildschirmaufl\u00f6sung<\/b><\/p>\n<\/td>\n<td colspan=\"2\" width=\"372\">3840 x 2160 Pixel<\/td>\n<\/tr>\n<tr>\n<td width=\"271\">\n<p align=\"left\"><b>Typ<\/b><\/p>\n<\/td>\n<td colspan=\"2\" width=\"372\">LED-Fernseher<\/td>\n<\/tr>\n<tr>\n<td width=\"271\">\n<p align=\"left\"><b>Farbe<\/b><\/p>\n<\/td>\n<td colspan=\"2\" width=\"372\">schwarz<\/td>\n<\/tr>\n<tr>\n<td width=\"271\">\n<p align=\"left\"><b>EAN<\/b><\/p>\n<\/td>\n<td colspan=\"2\" width=\"372\">8806084414328<\/td>\n<\/tr>\n<tr>\n<td width=\"271\">\n<p align=\"left\"><b>Hersteller-Nr.<\/b><\/p>\n<\/td>\n<td colspan=\"2\" width=\"372\">65UR781C<\/td>\n<\/tr>\n<tr>\n<td width=\"271\">\n<p align=\"left\"><b>Smarthome<\/b><\/p>\n<\/td>\n<td colspan=\"2\" width=\"372\">LG Smart ThinQ, WLAN<\/td>\n<\/tr>\n<tr>\n<td width=\"271\">\n<p align=\"left\"><b>Betriebssystem<\/b><\/p>\n<\/td>\n<td colspan=\"2\" width=\"372\">webOS<\/td>\n<\/tr>\n<tr>\n<td width=\"271\">\n<p align=\"left\"><b>Bild<\/b><\/p>\n<\/td>\n<td width=\"171\">Format<\/td>\n<td width=\"201\">16:9<\/td>\n<\/tr>\n<tr>\n<td width=\"271\"><\/td>\n<td width=\"171\">Technnologie<\/td>\n<td width=\"201\">LED<\/td>\n<\/tr>\n<tr>\n<td width=\"271\"><\/td>\n<td width=\"171\">Hintergrundbeleuchtung<\/td>\n<td width=\"201\">Direct-LED \/ Full-LED<\/td>\n<\/tr>\n<tr>\n<td width=\"271\"><\/td>\n<td width=\"171\">Helligkeit<\/td>\n<td width=\"201\">300 cd\/m\u00b2<\/td>\n<\/tr>\n<tr>\n<td width=\"271\"><\/td>\n<td width=\"171\">Funktionen<\/td>\n<td width=\"201\">Ultra HD\/4K, HDR Ready, HDR10, HLG<\/td>\n<\/tr>\n<tr>\n<td width=\"271\"><\/td>\n<td width=\"171\">Bildwiederholungsrate<\/td>\n<td width=\"201\">50 Hz<\/td>\n<\/tr>\n<tr>\n<td width=\"271\">\n<p align=\"left\"><b>Tuner<\/b><\/p>\n<\/td>\n<td width=\"171\">Typ<\/td>\n<td width=\"201\">1x DVB-S2 Tuner, 1x DVB-C (HD) Tuner\/ 1x DVB-T2 (HD) Tuner<\/td>\n<\/tr>\n<tr>\n<td width=\"271\">\n<p align=\"left\"><b>Anschl\u00fcsse<\/b><\/p>\n<\/td>\n<td colspan=\"2\" width=\"372\">1x Antenne-In, 1x LNB-In, 3x HDMI-Eingang, 2x USB-A-2.0, 1x RJ 45, 1x CI\/PCMCIA, 1x Optisch-Out<\/td>\n<\/tr>\n<tr>\n<td width=\"271\">\n<p align=\"left\"><b>Kommunikation<\/b><\/p>\n<\/td>\n<td colspan=\"2\" width=\"372\">WLAN, Bluetooth<\/td>\n<\/tr>\n<tr>\n<td width=\"271\">\n<p align=\"left\"><b>Lautsprecher<\/b><\/p>\n<\/td>\n<td width=\"171\">Anzahl<\/td>\n<td width=\"201\">2<\/td>\n<\/tr>\n<tr>\n<td width=\"271\"><\/td>\n<td width=\"171\">Gesamtleistung<\/td>\n<td width=\"201\">20 Watt<\/td>\n<\/tr>\n<tr>\n<td width=\"271\">\n<p align=\"left\"><b>Wandhalterung<\/b><\/p>\n<\/td>\n<td colspan=\"2\" width=\"372\">VESA kompatibel (300 x 300 mm)<\/td>\n<\/tr>\n<tr>\n<td width=\"271\">\n<p align=\"left\"><b>Features<\/b><\/p>\n<\/td>\n<td colspan=\"2\" width=\"372\">\u03b15 Gen6 4K AI-Prozessor, HDMI eARC, AirPlay 2<\/td>\n<\/tr>\n<tr>\n<td width=\"271\"><\/td>\n<td colspan=\"2\" width=\"372\">ALLM, Smart TV, Web Browser<\/td>\n<\/tr>\n<tr>\n<td width=\"271\">\n<p align=\"left\"><b>Zubeh\u00f6r<\/b><\/p>\n<\/td>\n<td width=\"171\">Vorhanden<\/td>\n<td width=\"201\">Netzkabel, Standard-Fernbedienung, Batterien f\u00fcr Fernbedienung<\/td>\n<\/tr>\n<tr>\n<td width=\"271\">\n<p align=\"left\"><b>Abmessungen<\/b><\/p>\n<\/td>\n<td colspan=\"2\" width=\"372\">Breite: 145,4 cm x H\u00f6he: 90,3 cm x Tiefe\/L\u00e4nge: 26,9 cm<\/td>\n<\/tr>\n<tr>\n<td width=\"271\">\n<p align=\"left\"><b>Gewicht<\/b><\/p>\n<\/td>\n<td colspan=\"2\" width=\"372\">21,6 kg<\/td>\n<\/tr>\n<\/tbody>\n<\/table>","protected":false},"excerpt":{"rendered":"<p>Der LG 65UR781C besitzt ein 164 cm (65&#8243;) gro\u00dfes Panel mit UltraHD Aufl\u00f6sung (3.840 x 2.160 Pixel) und stellt damit gestochen scharfe Inhalte dar. Dank HDR-Unterst\u00fctzung werden beachtliche Kontraste und [&hellip;]<\/p>","protected":false},"featured_media":4042,"template":"","meta":{"powered_cache_disable_cache":false,"powered_cache_disable_lazyload":false,"powered_cache_disable_css_optimization":false},"product_cat":[41,74,51,270],"product_tag":[],"_links":{"self":[{"href":"https:\/\/satmedia.at\/en\/wp-json\/wp\/v2\/product\/1742"}],"collection":[{"href":"https:\/\/satmedia.at\/en\/wp-json\/wp\/v2\/product"}],"about":[{"href":"https:\/\/satmedia.at\/en\/wp-json\/wp\/v2\/types\/product"}],"wp:featuredmedia":[{"embeddable":true,"href":"https:\/\/satmedia.at\/en\/wp-json\/wp\/v2\/media\/4042"}],"wp:attachment":[{"href":"https:\/\/satmedia.at\/en\/wp-json\/wp\/v2\/media?parent=1742"}],"wp:term":[{"taxonomy":"product_cat","embeddable":true,"href":"https:\/\/satmedia.at\/en\/wp-json\/wp\/v2\/product_cat?post=1742"},{"taxonomy":"product_tag","embeddable":true,"href":"https:\/\/satmedia.at\/en\/wp-json\/wp\/v2\/product_tag?post=1742"}],"curies":[{"name":"wp","href":"https:\/\/api.w.org\/{rel}","templated":true}]}}