{"id":1743,"date":"2019-11-26T14:58:27","date_gmt":"2019-11-26T14:58:27","guid":{"rendered":"https:\/\/satmediawp.edv-kroiss.com\/produkt\/lg-70um7450-uhd-smart-webos-simple-hotel-mode\/"},"modified":"2024-06-06T14:07:07","modified_gmt":"2024-06-06T12:07:07","slug":"lg-75ur781c-uhd-smart-webos-hotel-tv","status":"publish","type":"product","link":"https:\/\/satmedia.at\/en\/product\/lg-75ur781c-uhd-smart-webos-hotel-tv\/","title":{"rendered":"LG 75UR781C UHD Smart WebOS Hotel TV"},"content":{"rendered":"<table width=\"643\" cellspacing=\"0\" cellpadding=\"2\" bgcolor=\"#ffffff\">\n<tbody>\n<tr>\n<td colspan=\"2\" width=\"639\">\n<h3 class=\"western\"><span style=\"color: #333333;\"><span style=\"font-family: Alternate Gothic, Times New Roman, Times, serif;\"><span style=\"font-size: x-large;\">Hauptmerkmale<\/span><\/span><\/span><\/h3>\n<\/td>\n<\/tr>\n<\/tbody>\n<tbody>\n<tr>\n<td style=\"background: #ffffff;\" bgcolor=\"#ffffff\" width=\"213\">Produktbeschreibung:<\/td>\n<td style=\"background: #ffffff;\" bgcolor=\"#ffffff\" width=\"422\">LG 75UR781C 190 cm (75&#8243;) LCD-TV mit LED-Hintergrundbeleuchtung &#8211; 4K &#8211; f\u00fcr Hotel\/Gastgewerbe<\/td>\n<\/tr>\n<\/tbody>\n<tbody>\n<tr>\n<td style=\"background: #ffffff;\" bgcolor=\"#ffffff\" width=\"213\">Produkttyp:<\/td>\n<td style=\"background: #ffffff;\" bgcolor=\"#ffffff\" width=\"422\">LCD-TV mit LED-Hintergrundbeleuchtung &#8211; Smart TV<\/td>\n<\/tr>\n<\/tbody>\n<tbody>\n<tr>\n<td style=\"background: #ffffff;\" bgcolor=\"#ffffff\" width=\"213\">Diagonale Klasse:<\/td>\n<td style=\"background: #ffffff;\" bgcolor=\"#ffffff\" width=\"422\">190 cm (75&#8243;)<\/td>\n<\/tr>\n<\/tbody>\n<tbody>\n<tr>\n<td style=\"background: #ffffff;\" bgcolor=\"#ffffff\" width=\"213\">Kommerzielle Verwendung:<\/td>\n<td style=\"background: #ffffff;\" bgcolor=\"#ffffff\" width=\"422\">Ja &#8211; Hotel\/Gastgewerbe<\/td>\n<\/tr>\n<\/tbody>\n<tbody>\n<tr>\n<td style=\"background: #ffffff;\" bgcolor=\"#ffffff\" width=\"213\">Plattform:<\/td>\n<td style=\"background: #ffffff;\" bgcolor=\"#ffffff\" width=\"422\">ThinQ<\/td>\n<\/tr>\n<\/tbody>\n<tbody>\n<tr>\n<td style=\"background: #ffffff;\" bgcolor=\"#ffffff\" width=\"213\">Aufl\u00f6sung:<\/td>\n<td style=\"background: #ffffff;\" bgcolor=\"#ffffff\" width=\"422\">3840 x 2160<\/td>\n<\/tr>\n<\/tbody>\n<tbody>\n<tr>\n<td style=\"background: #ffffff;\" bgcolor=\"#ffffff\" width=\"213\">Anzeigeformat:<\/td>\n<td style=\"background: #ffffff;\" bgcolor=\"#ffffff\" width=\"422\">4K UHD (2160p)<\/td>\n<\/tr>\n<\/tbody>\n<tbody>\n<tr>\n<td style=\"background: #ffffff;\" bgcolor=\"#ffffff\" width=\"213\">HDR-Format:<\/td>\n<td style=\"background: #ffffff;\" bgcolor=\"#ffffff\" width=\"422\">HDR10<\/td>\n<\/tr>\n<\/tbody>\n<tbody>\n<tr>\n<td style=\"background: #ffffff;\" bgcolor=\"#ffffff\" width=\"213\">HDR-Technologie:<\/td>\n<td style=\"background: #ffffff;\" bgcolor=\"#ffffff\" width=\"422\">Hybrid Log-Gamma (HLG)<\/td>\n<\/tr>\n<\/tbody>\n<tbody>\n<tr>\n<td style=\"background: #ffffff;\" bgcolor=\"#ffffff\" width=\"213\">Framerate &amp; Enhancement-Technologie:<\/td>\n<td style=\"background: #ffffff;\" bgcolor=\"#ffffff\" width=\"422\">50 Hz Native Refresh Rate<\/td>\n<\/tr>\n<\/tbody>\n<tbody>\n<tr>\n<td style=\"background: #ffffff;\" bgcolor=\"#ffffff\" width=\"213\">Videoschnittstelle:<\/td>\n<td style=\"background: #ffffff;\" bgcolor=\"#ffffff\" width=\"422\">HDMI<\/td>\n<\/tr>\n<\/tbody>\n<tbody>\n<tr>\n<td style=\"background: #ffffff;\" bgcolor=\"#ffffff\" width=\"213\">Anzahl der HDMI-Anschl\u00fcsse:<\/td>\n<td style=\"background: #ffffff;\" bgcolor=\"#ffffff\" width=\"422\">3 Anschl\u00fcsse<\/td>\n<\/tr>\n<\/tbody>\n<tbody>\n<tr>\n<td style=\"background: #ffffff;\" bgcolor=\"#ffffff\" width=\"213\">Konnektivit\u00e4t:<\/td>\n<td style=\"background: #ffffff;\" bgcolor=\"#ffffff\" width=\"422\">Wi-Fi, LAN, Bluetooth<\/td>\n<\/tr>\n<\/tbody>\n<tbody>\n<tr>\n<td style=\"background: #ffffff;\" bgcolor=\"#ffffff\" width=\"213\">LCD Hintergrundlicht-Technologie:<\/td>\n<td style=\"background: #ffffff;\" bgcolor=\"#ffffff\" width=\"422\">Direct LED<\/td>\n<\/tr>\n<\/tbody>\n<tbody>\n<tr>\n<td style=\"background: #ffffff;\" bgcolor=\"#ffffff\" width=\"213\">Seitenverh\u00e4ltnis des Bildes:<\/td>\n<td style=\"background: #ffffff;\" bgcolor=\"#ffffff\" width=\"422\">16:9<\/td>\n<\/tr>\n<\/tbody>\n<tbody>\n<tr>\n<td style=\"background: #ffffff;\" bgcolor=\"#ffffff\" width=\"213\">Internet-Streaming-Dienste:<\/td>\n<td style=\"background: #ffffff;\" bgcolor=\"#ffffff\" width=\"422\">LG Channels<\/td>\n<\/tr>\n<\/tbody>\n<tbody>\n<tr>\n<td style=\"background: #ffffff;\" bgcolor=\"#ffffff\" width=\"213\">Bildverbesserungen:<\/td>\n<td style=\"background: #ffffff;\" bgcolor=\"#ffffff\" width=\"422\">4K Upscaling, Dynamic Tone Mapping, Game Optimizer<\/td>\n<\/tr>\n<\/tbody>\n<tbody>\n<tr>\n<td style=\"background: #ffffff;\" bgcolor=\"#ffffff\" width=\"213\">Lautsprechersystem:<\/td>\n<td style=\"background: #ffffff;\" bgcolor=\"#ffffff\" width=\"422\">2-Kanal<\/td>\n<\/tr>\n<\/tbody>\n<tbody>\n<tr>\n<td style=\"background: #ffffff;\" bgcolor=\"#ffffff\" width=\"213\">USB:<\/td>\n<td style=\"background: #ffffff;\" bgcolor=\"#ffffff\" width=\"422\">2 Anschl\u00fcsse<\/td>\n<\/tr>\n<\/tbody>\n<tbody>\n<tr>\n<td style=\"background: #ffffff;\" bgcolor=\"#ffffff\" width=\"213\">Mitgeliefertes Zubeh\u00f6r:<\/td>\n<td style=\"background: #ffffff;\" bgcolor=\"#ffffff\" width=\"422\">Fernbedienung<\/td>\n<\/tr>\n<\/tbody>\n<tbody>\n<tr>\n<td style=\"background: #ffffff;\" bgcolor=\"#ffffff\" width=\"213\">Spannung:<\/td>\n<td style=\"background: #ffffff;\" bgcolor=\"#ffffff\" width=\"422\">Wechselstrom 100-240 V (50\/60 Hz)<\/td>\n<\/tr>\n<\/tbody>\n<tbody>\n<tr>\n<td style=\"background: #ffffff;\" bgcolor=\"#ffffff\" width=\"213\">Stromverbrauch im Standby-Modus:<\/td>\n<td style=\"background: #ffffff;\" bgcolor=\"#ffffff\" width=\"422\">0.5 Watt<\/td>\n<\/tr>\n<\/tbody>\n<tbody>\n<tr>\n<td style=\"background: #ffffff;\" bgcolor=\"#ffffff\" width=\"213\">Abmessungen (Breite x Tiefe x H\u00f6he) &#8211; ohne Fu\u00df:<\/td>\n<td style=\"background: #ffffff;\" bgcolor=\"#ffffff\" width=\"422\">167.8 cm x 5.99 cm x 96.4 cm<\/td>\n<\/tr>\n<\/tbody>\n<tbody>\n<tr>\n<td style=\"background: #ffffff;\" bgcolor=\"#ffffff\" width=\"213\">Gewicht:<\/td>\n<td style=\"background: #ffffff;\" bgcolor=\"#ffffff\" width=\"422\">31.4 kg<\/td>\n<\/tr>\n<tr>\n<td colspan=\"2\" width=\"639\">\n<h3 class=\"western\"><span style=\"color: #333333;\"><span style=\"font-family: Alternate Gothic, Times New Roman, Times, serif;\"><span style=\"font-size: x-large;\">Allgemein<\/span><\/span><\/span><\/h3>\n<\/td>\n<\/tr>\n<\/tbody>\n<tbody>\n<tr>\n<td style=\"background: #ffffff;\" bgcolor=\"#ffffff\" width=\"213\">Hersteller:<\/td>\n<td style=\"background: #ffffff;\" bgcolor=\"#ffffff\" width=\"422\">LG Electronics<\/td>\n<\/tr>\n<\/tbody>\n<tbody>\n<tr>\n<td style=\"background: #ffffff;\" bgcolor=\"#ffffff\" width=\"213\">Herst.Art.Nr.:<\/td>\n<td style=\"background: #ffffff;\" bgcolor=\"#ffffff\" width=\"422\">75UR781C<\/td>\n<\/tr>\n<\/tbody>\n<tbody>\n<tr>\n<td style=\"background: #ffffff;\" bgcolor=\"#ffffff\" width=\"213\">EAN:<\/td>\n<td style=\"background: #ffffff;\" bgcolor=\"#ffffff\" width=\"422\">8806084403667<\/td>\n<\/tr>\n<\/tbody>\n<tbody>\n<tr>\n<td style=\"background: #ffffff;\" bgcolor=\"#ffffff\" width=\"213\">Produkttyp:<\/td>\n<td style=\"background: #ffffff;\" bgcolor=\"#ffffff\" width=\"422\">LCD-TV mit LED-Hintergrundbeleuchtung &#8211; Smart TV<\/td>\n<\/tr>\n<\/tbody>\n<tbody>\n<tr>\n<td style=\"background: #ffffff;\" bgcolor=\"#ffffff\" width=\"213\">Diagonale Klasse:<\/td>\n<td style=\"background: #ffffff;\" bgcolor=\"#ffffff\" width=\"422\">190 cm (75&#8243;)<\/td>\n<\/tr>\n<\/tbody>\n<tbody>\n<tr>\n<td style=\"background: #ffffff;\" bgcolor=\"#ffffff\" width=\"213\">Kommerzielle Verwendung:<\/td>\n<td style=\"background: #ffffff;\" bgcolor=\"#ffffff\" width=\"422\">Ja &#8211; Hotel\/Gastgewerbe<\/td>\n<\/tr>\n<\/tbody>\n<tbody>\n<tr>\n<td style=\"background: #ffffff;\" bgcolor=\"#ffffff\" width=\"213\">Plattform:<\/td>\n<td style=\"background: #ffffff;\" bgcolor=\"#ffffff\" width=\"422\">webOS, LG ThinQ AI<\/td>\n<\/tr>\n<\/tbody>\n<tbody>\n<tr>\n<td style=\"background: #ffffff;\" bgcolor=\"#ffffff\" width=\"213\">Betriebssystem:<\/td>\n<td style=\"background: #ffffff;\" bgcolor=\"#ffffff\" width=\"422\">webOS 23<\/td>\n<\/tr>\n<\/tbody>\n<tbody>\n<tr>\n<td style=\"background: #ffffff;\" bgcolor=\"#ffffff\" width=\"213\">HDR f\u00e4hig:<\/td>\n<td style=\"background: #ffffff;\" bgcolor=\"#ffffff\" width=\"422\">Ja<\/td>\n<\/tr>\n<\/tbody>\n<tbody>\n<tr>\n<td style=\"background: #ffffff;\" bgcolor=\"#ffffff\" width=\"213\">HDR-Format:<\/td>\n<td style=\"background: #ffffff;\" bgcolor=\"#ffffff\" width=\"422\">HDR10<\/td>\n<\/tr>\n<\/tbody>\n<tbody>\n<tr>\n<td style=\"background: #ffffff;\" bgcolor=\"#ffffff\" width=\"213\">HDR-Technologie:<\/td>\n<td style=\"background: #ffffff;\" bgcolor=\"#ffffff\" width=\"422\">Hybrid Log-Gamma (HLG)<\/td>\n<\/tr>\n<\/tbody>\n<tbody>\n<tr>\n<td style=\"background: #ffffff;\" bgcolor=\"#ffffff\" width=\"213\">Videoprozessor:<\/td>\n<td style=\"background: #ffffff;\" bgcolor=\"#ffffff\" width=\"422\">?5 Gen 6 AI 4K<\/td>\n<\/tr>\n<\/tbody>\n<tbody>\n<tr>\n<td style=\"background: #ffffff;\" bgcolor=\"#ffffff\" width=\"213\">TV-Tuner vorhanden:<\/td>\n<td style=\"background: #ffffff;\" bgcolor=\"#ffffff\" width=\"422\">Ja<\/td>\n<\/tr>\n<\/tbody>\n<tbody>\n<tr>\n<td style=\"background: #ffffff;\" bgcolor=\"#ffffff\" width=\"213\">Videoschnittstelle:<\/td>\n<td style=\"background: #ffffff;\" bgcolor=\"#ffffff\" width=\"422\">HDMI<\/td>\n<\/tr>\n<\/tbody>\n<tbody>\n<tr>\n<td style=\"background: #ffffff;\" bgcolor=\"#ffffff\" width=\"213\">Anzahl der HDMI-Anschl\u00fcsse:<\/td>\n<td style=\"background: #ffffff;\" bgcolor=\"#ffffff\" width=\"422\">3 Anschl\u00fcsse<\/td>\n<\/tr>\n<\/tbody>\n<tbody>\n<tr>\n<td style=\"background: #ffffff;\" bgcolor=\"#ffffff\" width=\"213\">Modi:<\/td>\n<td style=\"background: #ffffff;\" bgcolor=\"#ffffff\" width=\"422\">Gamemodus, Ecomodus, Sportmodus, Expertenmodus, Kinomodus, ISF-Modus, Standard mode, Lebhaft-Modus, Auto Low Latency Mode (ALLM), Filmmaker Mode, HGIG Mode<\/td>\n<\/tr>\n<\/tbody>\n<tbody>\n<tr>\n<td style=\"background: #ffffff;\" bgcolor=\"#ffffff\" width=\"213\">Bildverbesserungen:<\/td>\n<td style=\"background: #ffffff;\" bgcolor=\"#ffffff\" width=\"422\">4K Upscaling, Dynamic Tone Mapping, Game Optimizer<\/td>\n<\/tr>\n<\/tbody>\n<tbody>\n<tr>\n<td style=\"background: #ffffff;\" bgcolor=\"#ffffff\" width=\"213\">Abmessung:<\/td>\n<td style=\"background: #ffffff;\" bgcolor=\"#ffffff\" width=\"422\">Ohne Fu\u00df<\/td>\n<\/tr>\n<\/tbody>\n<tbody>\n<tr>\n<td style=\"background: #ffffff;\" bgcolor=\"#ffffff\" width=\"213\">Breite:<\/td>\n<td style=\"background: #ffffff;\" bgcolor=\"#ffffff\" width=\"422\">167.8 cm<\/td>\n<\/tr>\n<\/tbody>\n<tbody>\n<tr>\n<td style=\"background: #ffffff;\" bgcolor=\"#ffffff\" width=\"213\">Tiefe:<\/td>\n<td style=\"background: #ffffff;\" bgcolor=\"#ffffff\" width=\"422\">5.99 cm<\/td>\n<\/tr>\n<\/tbody>\n<tbody>\n<tr>\n<td style=\"background: #ffffff;\" bgcolor=\"#ffffff\" width=\"213\">H\u00f6he:<\/td>\n<td style=\"background: #ffffff;\" bgcolor=\"#ffffff\" width=\"422\">96.4 cm<\/td>\n<\/tr>\n<\/tbody>\n<tbody>\n<tr>\n<td style=\"background: #ffffff;\" bgcolor=\"#ffffff\" width=\"213\">Gewicht:<\/td>\n<td style=\"background: #ffffff;\" bgcolor=\"#ffffff\" width=\"422\">31.4 kg<\/td>\n<\/tr>\n<tr>\n<td style=\"background: #ffffff;\" bgcolor=\"#ffffff\" width=\"213\"><span style=\"font-family: SourceSansPro Light, Arial, sans-serif;\"><b><span style=\"color: #333333;\">Bildschirm<\/span><\/b><\/span><\/td>\n<td valign=\"top\" width=\"422\"><\/td>\n<\/tr>\n<\/tbody>\n<tbody>\n<tr>\n<td style=\"background: #ffffff;\" bgcolor=\"#ffffff\" width=\"213\">Aufl\u00f6sung:<\/td>\n<td style=\"background: #ffffff;\" bgcolor=\"#ffffff\" width=\"422\">3840 x 2160<\/td>\n<\/tr>\n<\/tbody>\n<tbody>\n<tr>\n<td style=\"background: #ffffff;\" bgcolor=\"#ffffff\" width=\"213\">Anzeigeformat:<\/td>\n<td style=\"background: #ffffff;\" bgcolor=\"#ffffff\" width=\"422\">4K UHD (2160p)<\/td>\n<\/tr>\n<\/tbody>\n<tbody>\n<tr>\n<td style=\"background: #ffffff;\" bgcolor=\"#ffffff\" width=\"213\">Seitenverh\u00e4ltnis des Bildes:<\/td>\n<td style=\"background: #ffffff;\" bgcolor=\"#ffffff\" width=\"422\">16:9<\/td>\n<\/tr>\n<\/tbody>\n<tbody>\n<tr>\n<td style=\"background: #ffffff;\" bgcolor=\"#ffffff\" width=\"213\">Framerate &amp; Enhancement-Technologie:<\/td>\n<td style=\"background: #ffffff;\" bgcolor=\"#ffffff\" width=\"422\">50 Hz Native Refresh Rate<\/td>\n<\/tr>\n<\/tbody>\n<tbody>\n<tr>\n<td style=\"background: #ffffff;\" bgcolor=\"#ffffff\" width=\"213\">LCD Hintergrundlicht-Technologie:<\/td>\n<td style=\"background: #ffffff;\" bgcolor=\"#ffffff\" width=\"422\">Direct LED<\/td>\n<\/tr>\n<\/tbody>\n<tbody>\n<tr>\n<td style=\"background: #ffffff;\" bgcolor=\"#ffffff\" width=\"213\">Helligkeit:<\/td>\n<td style=\"background: #ffffff;\" bgcolor=\"#ffffff\" width=\"422\">280 cd\/m\u00b2<\/td>\n<\/tr>\n<\/tbody>\n<tbody>\n<tr>\n<td style=\"background: #ffffff;\" bgcolor=\"#ffffff\" width=\"213\">Funktionen:<\/td>\n<td style=\"background: #ffffff;\" bgcolor=\"#ffffff\" width=\"422\">Unterst\u00fctzt Apple AirPlay 2, AI Brightness Control, Sports Alert, Familieneinstellung, Game Dashboard, Unterst\u00fctzung f\u00fcr USB-Webcam<\/td>\n<\/tr>\n<tr>\n<td style=\"background: #ffffff;\" bgcolor=\"#ffffff\" width=\"213\"><span style=\"font-family: SourceSansPro Light, Arial, sans-serif;\"><b><span style=\"color: #333333;\">St\u00e4nder &amp; Halterungen<\/span><\/b><\/span><\/td>\n<td valign=\"top\" width=\"422\"><\/td>\n<\/tr>\n<\/tbody>\n<tbody>\n<tr>\n<td style=\"background: #ffffff;\" bgcolor=\"#ffffff\" width=\"213\">Standfu\u00df:<\/td>\n<td style=\"background: #ffffff;\" bgcolor=\"#ffffff\" width=\"422\">Enthalten<\/td>\n<\/tr>\n<\/tbody>\n<tbody>\n<tr>\n<td style=\"background: #ffffff;\" bgcolor=\"#ffffff\" width=\"213\">Standfu\u00dfdesign:<\/td>\n<td style=\"background: #ffffff;\" bgcolor=\"#ffffff\" width=\"422\">Tabletop<\/td>\n<\/tr>\n<\/tbody>\n<tbody>\n<tr>\n<td style=\"background: #ffffff;\" bgcolor=\"#ffffff\" width=\"213\">Standfu\u00dfmerkmale:<\/td>\n<td style=\"background: #ffffff;\" bgcolor=\"#ffffff\" width=\"422\">2 Pole<\/td>\n<\/tr>\n<\/tbody>\n<tbody>\n<tr>\n<td style=\"background: #ffffff;\" bgcolor=\"#ffffff\" width=\"213\">Schnittstelle f\u00fcr Flachbildschirmbefestigung:<\/td>\n<td style=\"background: #ffffff;\" bgcolor=\"#ffffff\" width=\"422\">400 x 400 mm<\/td>\n<\/tr>\n<\/tbody>\n<tbody>\n<tr>\n<td style=\"background: #ffffff;\" bgcolor=\"#ffffff\" width=\"213\">VESA-Kompatibilit\u00e4t:<\/td>\n<td style=\"background: #ffffff;\" bgcolor=\"#ffffff\" width=\"422\">Ja<\/td>\n<\/tr>\n<tr>\n<td style=\"background: #ffffff;\" bgcolor=\"#ffffff\" width=\"213\"><span style=\"font-family: SourceSansPro Light, Arial, sans-serif;\"><b><span style=\"color: #333333;\">TV-Tuner<\/span><\/b><\/span><\/td>\n<td valign=\"top\" width=\"422\"><\/td>\n<\/tr>\n<\/tbody>\n<tbody>\n<tr>\n<td style=\"background: #ffffff;\" bgcolor=\"#ffffff\" width=\"213\">Bedingter Zugriff:<\/td>\n<td style=\"background: #ffffff;\" bgcolor=\"#ffffff\" width=\"422\">Common Interface (CI)-Steckplatz<\/td>\n<\/tr>\n<tr>\n<td style=\"background: #ffffff;\" bgcolor=\"#ffffff\" width=\"213\"><span style=\"font-family: SourceSansPro Light, Arial, sans-serif;\"><b><span style=\"color: #333333;\">Video-Funktionen<\/span><\/b><\/span><\/td>\n<td valign=\"top\" width=\"422\"><\/td>\n<\/tr>\n<\/tbody>\n<tbody>\n<tr>\n<td style=\"background: #ffffff;\" bgcolor=\"#ffffff\" width=\"213\">Kindersicherung:<\/td>\n<td style=\"background: #ffffff;\" bgcolor=\"#ffffff\" width=\"422\">Ja<\/td>\n<\/tr>\n<tr>\n<td style=\"background: #ffffff;\" bgcolor=\"#ffffff\" width=\"213\"><span style=\"font-family: SourceSansPro Light, Arial, sans-serif;\"><b><span style=\"color: #333333;\">Medien-Player<\/span><\/b><\/span><\/td>\n<td valign=\"top\" width=\"422\"><\/td>\n<\/tr>\n<\/tbody>\n<tbody>\n<tr>\n<td style=\"background: #ffffff;\" bgcolor=\"#ffffff\" width=\"213\">Audioformate:<\/td>\n<td style=\"background: #ffffff;\" bgcolor=\"#ffffff\" width=\"422\">MP3, WMA, PCM, AC3, AAC, HE-AAC, E-AC3, MP2, AC4<\/td>\n<\/tr>\n<\/tbody>\n<tbody>\n<tr>\n<td style=\"background: #ffffff;\" bgcolor=\"#ffffff\" width=\"213\">USB-Port:<\/td>\n<td style=\"background: #ffffff;\" bgcolor=\"#ffffff\" width=\"422\">Ja<\/td>\n<\/tr>\n<\/tbody>\n<tbody>\n<tr>\n<td style=\"background: #ffffff;\" bgcolor=\"#ffffff\" width=\"213\">Anzahl der USB-Anschl\u00fcsse:<\/td>\n<td style=\"background: #ffffff;\" bgcolor=\"#ffffff\" width=\"422\">2<\/td>\n<\/tr>\n<tr>\n<td style=\"background: #ffffff;\" bgcolor=\"#ffffff\" width=\"213\"><span style=\"font-family: SourceSansPro Light, Arial, sans-serif;\"><b><span style=\"color: #333333;\">Fernbedienung<\/span><\/b><\/span><\/td>\n<td valign=\"top\" width=\"422\"><\/td>\n<\/tr>\n<\/tbody>\n<tbody>\n<tr>\n<td style=\"background: #ffffff;\" bgcolor=\"#ffffff\" width=\"213\">Typ:<\/td>\n<td style=\"background: #ffffff;\" bgcolor=\"#ffffff\" width=\"422\">Fernbedienung<\/td>\n<\/tr>\n<\/tbody>\n<tbody>\n<tr>\n<td style=\"background: #ffffff;\" bgcolor=\"#ffffff\" width=\"213\">Batterie-Formfaktor:<\/td>\n<td style=\"background: #ffffff;\" bgcolor=\"#ffffff\" width=\"422\">Typ AAA<\/td>\n<\/tr>\n<\/tbody>\n<tbody>\n<tr>\n<td style=\"background: #ffffff;\" bgcolor=\"#ffffff\" width=\"213\">Inklusive Batterie:<\/td>\n<td style=\"background: #ffffff;\" bgcolor=\"#ffffff\" width=\"422\">Ja<\/td>\n<\/tr>\n<\/tbody>\n<tbody>\n<tr>\n<td style=\"background: #ffffff;\" bgcolor=\"#ffffff\" width=\"213\">Anzahl der enthaltenen Batterien:<\/td>\n<td style=\"background: #ffffff;\" bgcolor=\"#ffffff\" width=\"422\">2<\/td>\n<\/tr>\n<\/tbody>\n<tbody>\n<tr>\n<td style=\"background: #ffffff;\" bgcolor=\"#ffffff\" width=\"213\">Anzahl der erforderlichen Batterien:<\/td>\n<td style=\"background: #ffffff;\" bgcolor=\"#ffffff\" width=\"422\">2<\/td>\n<\/tr>\n<\/tbody>\n<tbody>\n<tr>\n<td style=\"background: #ffffff;\" bgcolor=\"#ffffff\" width=\"213\">Funktionen:<\/td>\n<td style=\"background: #ffffff;\" bgcolor=\"#ffffff\" width=\"422\">Magic Fernbedienung, intelligent voice recognition<\/td>\n<\/tr>\n<tr>\n<td style=\"background: #ffffff;\" bgcolor=\"#ffffff\" width=\"213\"><span style=\"font-family: SourceSansPro Light, Arial, sans-serif;\"><b><span style=\"color: #333333;\">Audiosystem<\/span><\/b><\/span><\/td>\n<td valign=\"top\" width=\"422\"><\/td>\n<\/tr>\n<\/tbody>\n<tbody>\n<tr>\n<td style=\"background: #ffffff;\" bgcolor=\"#ffffff\" width=\"213\">Digital-Audio-Format:<\/td>\n<td style=\"background: #ffffff;\" bgcolor=\"#ffffff\" width=\"422\">Dolby Digital-Leistung<\/td>\n<\/tr>\n<\/tbody>\n<tbody>\n<tr>\n<td style=\"background: #ffffff;\" bgcolor=\"#ffffff\" width=\"213\">Surround-Modus:<\/td>\n<td style=\"background: #ffffff;\" bgcolor=\"#ffffff\" width=\"422\">Ja<\/td>\n<\/tr>\n<\/tbody>\n<tbody>\n<tr>\n<td style=\"background: #ffffff;\" bgcolor=\"#ffffff\" width=\"213\">Lautsprechersystem:<\/td>\n<td style=\"background: #ffffff;\" bgcolor=\"#ffffff\" width=\"422\">2-Kanal<\/td>\n<\/tr>\n<\/tbody>\n<tbody>\n<tr>\n<td style=\"background: #ffffff;\" bgcolor=\"#ffffff\" width=\"213\">Ausgangsleistung\/gesamt:<\/td>\n<td style=\"background: #ffffff;\" bgcolor=\"#ffffff\" width=\"422\">20 Watt<\/td>\n<\/tr>\n<\/tbody>\n<tbody>\n<tr>\n<td style=\"background: #ffffff;\" bgcolor=\"#ffffff\" width=\"213\">Funktionen:<\/td>\n<td style=\"background: #ffffff;\" bgcolor=\"#ffffff\" width=\"422\">Down-firing Speaker, apt-X-Technologie, 5.1 Channel Virtual Surround Sound, Simultaneous Audio, LG Sound Sync, Enhanced Audio Return Channel (eARC), AI Acoustic Tuning, AI Sound, Bluetooth Surround-f\u00e4hig, Clear Voice Pro-Technologie, TV Sound Mode Share<\/td>\n<\/tr>\n<tr>\n<td style=\"background: #ffffff;\" bgcolor=\"#ffffff\" width=\"213\"><span style=\"font-family: SourceSansPro Light, Arial, sans-serif;\"><b><span style=\"color: #333333;\">Netzwerk &amp; Internet-Multimedia<\/span><\/b><\/span><\/td>\n<td valign=\"top\" width=\"422\"><\/td>\n<\/tr>\n<\/tbody>\n<tbody>\n<tr>\n<td style=\"background: #ffffff;\" bgcolor=\"#ffffff\" width=\"213\">Funktionalit\u00e4t:<\/td>\n<td style=\"background: #ffffff;\" bgcolor=\"#ffffff\" width=\"422\">Web-Browsing, Internet-Videowiedergabe<\/td>\n<\/tr>\n<\/tbody>\n<tbody>\n<tr>\n<td style=\"background: #ffffff;\" bgcolor=\"#ffffff\" width=\"213\">Konnektivit\u00e4t:<\/td>\n<td style=\"background: #ffffff;\" bgcolor=\"#ffffff\" width=\"422\">Wi-Fi, LAN, Bluetooth<\/td>\n<\/tr>\n<\/tbody>\n<tbody>\n<tr>\n<td style=\"background: #ffffff;\" bgcolor=\"#ffffff\" width=\"213\">LAN-Protokoll:<\/td>\n<td style=\"background: #ffffff;\" bgcolor=\"#ffffff\" width=\"422\">Ethernet<\/td>\n<\/tr>\n<\/tbody>\n<tbody>\n<tr>\n<td style=\"background: #ffffff;\" bgcolor=\"#ffffff\" width=\"213\">Wi-Fi-Protokoll:<\/td>\n<td style=\"background: #ffffff;\" bgcolor=\"#ffffff\" width=\"422\">802.11ac<\/td>\n<\/tr>\n<\/tbody>\n<tbody>\n<tr>\n<td style=\"background: #ffffff;\" bgcolor=\"#ffffff\" width=\"213\">Bluetooth-Version:<\/td>\n<td style=\"background: #ffffff;\" bgcolor=\"#ffffff\" width=\"422\">Bluetooth 5.0<\/td>\n<\/tr>\n<\/tbody>\n<tbody>\n<tr>\n<td style=\"background: #ffffff;\" bgcolor=\"#ffffff\" width=\"213\">Internet-Streaming-Dienste:<\/td>\n<td style=\"background: #ffffff;\" bgcolor=\"#ffffff\" width=\"422\">LG Channels<\/td>\n<\/tr>\n<\/tbody>\n<tbody>\n<tr>\n<td style=\"background: #ffffff;\" bgcolor=\"#ffffff\" width=\"213\">Unterst\u00fctzte Kunden-Elektroniksteuerung (CEC):<\/td>\n<td style=\"background: #ffffff;\" bgcolor=\"#ffffff\" width=\"422\">Simplink<\/td>\n<\/tr>\n<tr>\n<td style=\"background: #ffffff;\" bgcolor=\"#ffffff\" width=\"213\"><span style=\"font-family: SourceSansPro Light, Arial, sans-serif;\"><b><span style=\"color: #333333;\">Verbindungen<\/span><\/b><\/span><\/td>\n<td valign=\"top\" width=\"422\"><\/td>\n<\/tr>\n<\/tbody>\n<tbody>\n<tr>\n<td style=\"background: #ffffff;\" bgcolor=\"#ffffff\" width=\"213\">Anschlusstyp:<\/td>\n<td style=\"background: #ffffff;\" bgcolor=\"#ffffff\" width=\"422\">3 x HDMI<\/td>\n<\/tr>\n<tr>\n<td style=\"background: #ffffff;\" bgcolor=\"#ffffff\" width=\"213\"><span style=\"font-family: SourceSansPro Light, Arial, sans-serif;\"><b><span style=\"color: #333333;\">Internet der Dinge (IoT)<\/span><\/b><\/span><\/td>\n<td valign=\"top\" width=\"422\"><\/td>\n<\/tr>\n<\/tbody>\n<tbody>\n<tr>\n<td style=\"background: #ffffff;\" bgcolor=\"#ffffff\" width=\"213\">Internet der Dinge (IoT) kompatibel:<\/td>\n<td style=\"background: #ffffff;\" bgcolor=\"#ffffff\" width=\"422\">Ja<\/td>\n<\/tr>\n<\/tbody>\n<tbody>\n<tr>\n<td style=\"background: #ffffff;\" bgcolor=\"#ffffff\" width=\"213\">Plattform:<\/td>\n<td style=\"background: #ffffff;\" bgcolor=\"#ffffff\" width=\"422\">ThinQ<\/td>\n<\/tr>\n<tr>\n<td style=\"background: #ffffff;\" bgcolor=\"#ffffff\" width=\"213\"><span style=\"font-family: SourceSansPro Light, Arial, sans-serif;\"><b><span style=\"color: #333333;\">Verschiedenes<\/span><\/b><\/span><\/td>\n<td valign=\"top\" width=\"422\"><\/td>\n<\/tr>\n<\/tbody>\n<tbody>\n<tr>\n<td style=\"background: #ffffff;\" bgcolor=\"#ffffff\" width=\"213\">Kennzeichnung:<\/td>\n<td style=\"background: #ffffff;\" bgcolor=\"#ffffff\" width=\"422\">CEC, HGiG<\/td>\n<\/tr>\n<tr>\n<td style=\"background: #ffffff;\" bgcolor=\"#ffffff\" width=\"213\"><span style=\"font-family: SourceSansPro Light, Arial, sans-serif;\"><b><span style=\"color: #333333;\">Stromversorgung<\/span><\/b><\/span><\/td>\n<td valign=\"top\" width=\"422\"><\/td>\n<\/tr>\n<\/tbody>\n<tbody>\n<tr>\n<td style=\"background: #ffffff;\" bgcolor=\"#ffffff\" width=\"213\">Stromversorgungsger\u00e4t:<\/td>\n<td style=\"background: #ffffff;\" bgcolor=\"#ffffff\" width=\"422\">Stromversorgung<\/td>\n<\/tr>\n<\/tbody>\n<tbody>\n<tr>\n<td style=\"background: #ffffff;\" bgcolor=\"#ffffff\" width=\"213\">Eingangsspannung:<\/td>\n<td style=\"background: #ffffff;\" bgcolor=\"#ffffff\" width=\"422\">Wechselstrom 100-240 V (50\/60 Hz)<\/td>\n<\/tr>\n<\/tbody>\n<tbody>\n<tr>\n<td style=\"background: #ffffff;\" bgcolor=\"#ffffff\" width=\"213\">Stromverbrauch im Standby-Modus:<\/td>\n<td style=\"background: #ffffff;\" bgcolor=\"#ffffff\" width=\"422\">0.5 Watt<\/td>\n<\/tr>\n<tr>\n<td style=\"background: #ffffff;\" bgcolor=\"#ffffff\" width=\"213\"><span style=\"font-family: SourceSansPro Light, Arial, sans-serif;\"><b><span style=\"color: #333333;\">Details zu Abmessungen &amp; Gewicht<\/span><\/b><\/span><\/td>\n<td valign=\"top\" width=\"422\"><\/td>\n<\/tr>\n<\/tbody>\n<tbody>\n<tr>\n<td style=\"background: #ffffff;\" bgcolor=\"#ffffff\" width=\"213\">Details zu Abmessungen &amp; Gewicht:<\/td>\n<td style=\"background: #ffffff;\" bgcolor=\"#ffffff\" width=\"422\">Bildschirm ohne Fu\u00df &#8211; 167.8 cm x 5.99 cm x 96.4 cm x 31.4 kg<\/td>\n<\/tr>\n<tr>\n<td style=\"background: #ffffff;\" bgcolor=\"#ffffff\" width=\"213\"><span style=\"font-family: SourceSansPro Light, Arial, sans-serif;\"><b><span style=\"color: #333333;\">Abmessungen &amp; Gewicht (Transport)<\/span><\/b><\/span><\/td>\n<td valign=\"top\" width=\"422\"><\/td>\n<\/tr>\n<\/tbody>\n<tbody>\n<tr>\n<td style=\"background: #ffffff;\" bgcolor=\"#ffffff\" width=\"213\">Breite (Versand):<\/td>\n<td style=\"background: #ffffff;\" bgcolor=\"#ffffff\" width=\"422\">182 cm<\/td>\n<\/tr>\n<\/tbody>\n<tbody>\n<tr>\n<td style=\"background: #ffffff;\" bgcolor=\"#ffffff\" width=\"213\">Tiefe (Versand):<\/td>\n<td style=\"background: #ffffff;\" bgcolor=\"#ffffff\" width=\"422\">20 cm<\/td>\n<\/tr>\n<\/tbody>\n<tbody>\n<tr>\n<td style=\"background: #ffffff;\" bgcolor=\"#ffffff\" width=\"213\">H\u00f6he (Versand):<\/td>\n<td style=\"background: #ffffff;\" bgcolor=\"#ffffff\" width=\"422\">111.5 cm<\/td>\n<\/tr>\n<\/tbody>\n<tbody>\n<tr>\n<td style=\"background: #ffffff;\" bgcolor=\"#ffffff\" width=\"213\">Gewicht (Versand):<\/td>\n<td style=\"background: #ffffff;\" bgcolor=\"#ffffff\" width=\"422\">40.7 kg<\/td>\n<\/tr>\n<\/tbody>\n<\/table>","protected":false},"excerpt":{"rendered":"<p>Hauptmerkmale Produktbeschreibung: LG 75UR781C 190 cm (75&#8243;) LCD-TV mit LED-Hintergrundbeleuchtung &#8211; 4K &#8211; f\u00fcr Hotel\/Gastgewerbe Produkttyp: LCD-TV mit LED-Hintergrundbeleuchtung &#8211; Smart TV Diagonale Klasse: 190 cm (75&#8243;) Kommerzielle Verwendung: Ja [&hellip;]<\/p>","protected":false},"featured_media":4042,"template":"","meta":{"powered_cache_disable_cache":false,"powered_cache_disable_lazyload":false,"powered_cache_disable_css_optimization":false},"product_cat":[41,74,51,270],"product_tag":[],"_links":{"self":[{"href":"https:\/\/satmedia.at\/en\/wp-json\/wp\/v2\/product\/1743"}],"collection":[{"href":"https:\/\/satmedia.at\/en\/wp-json\/wp\/v2\/product"}],"about":[{"href":"https:\/\/satmedia.at\/en\/wp-json\/wp\/v2\/types\/product"}],"wp:featuredmedia":[{"embeddable":true,"href":"https:\/\/satmedia.at\/en\/wp-json\/wp\/v2\/media\/4042"}],"wp:attachment":[{"href":"https:\/\/satmedia.at\/en\/wp-json\/wp\/v2\/media?parent=1743"}],"wp:term":[{"taxonomy":"product_cat","embeddable":true,"href":"https:\/\/satmedia.at\/en\/wp-json\/wp\/v2\/product_cat?post=1743"},{"taxonomy":"product_tag","embeddable":true,"href":"https:\/\/satmedia.at\/en\/wp-json\/wp\/v2\/product_tag?post=1743"}],"curies":[{"name":"wp","href":"https:\/\/api.w.org\/{rel}","templated":true}]}}