{"id":1771,"date":"2020-03-10T09:21:38","date_gmt":"2020-03-10T09:21:38","guid":{"rendered":"https:\/\/satmediawp.edv-kroiss.com\/produkt\/amiko-viper-4k-v30-uhd-dvb-s2x-c-t2-combo-enigma2-wlan-integriert\/"},"modified":"2024-07-11T10:00:58","modified_gmt":"2024-07-11T08:00:58","slug":"amiko-viper-4k-v30-uhd-dvb-s2x-c-t2-combo-enigma2-wlan-integriert","status":"publish","type":"product","link":"https:\/\/satmedia.at\/en\/product\/amiko-viper-4k-v30-uhd-dvb-s2x-c-t2-combo-enigma2-wlan-integriert\/","title":{"rendered":"Amiko Viper 4k v30 UHD DVB-S2x\/C\/T2 Combo Enigma2 WLAN integriert"},"content":{"rendered":"<p>Linux 4k UHD DVB-S2x\/DVB-C\/T2 Combo Tuner Linux Enigma2 Receiver mit integriertem WLAN, USB 2.0\/3.0 und Kartenleser zum Spitzenpreis.<\/p>\n<p>Ausgestattet mit einem 64Bit Highspeed Quad Core (4 x 1.6GHz) 15000 DMIPS Hisilicon Hi3798MV200 Prozessor!<br \/>\nErleben Sie dank des kraftvollen Quad Core Prozessors eine un\u00fcbertroffen schnelle und verz\u00f6gerungsfreie Bedienung.<br \/>\nStreaming von Full HD und UHD Content ist somit problemlos m\u00f6glich.<br \/>\nDas von Werk aus installierte Betriebsystem Linux E2 (Opena.tv) bietet eine beeindruckende Palette an innovativen Plugins, die kostenlos heruntergeladen und installiert werden k\u00f6nnen.<br \/>\nDer integrierte Mediaplayer und die kinderleichte Verbindung mit externen Ger\u00e4ten (Festplatte, USB-Stick, NAS) erm\u00f6glichen ein Abspielen von MP3-Dateien, Fotos, Videos und vieles mehr.<\/p>\n<ul>\n<li>DVB-S2x\/C\/T2 4K UHD E2 (Enigma2) Betriebssystem &#8211; Linux Embedded<\/li>\n<li>Hisilicon Hi3798MV200 Huawei (15000 DMIPS) Quad Core-Prozessor mit 4 x 1600 MHz<\/li>\n<li>1 GB RAM (DDR3) Speicher und 4 GB Flash-Speicher (eMMC)<\/li>\n<li>Bildaufl\u00f6sung bis zu 3840x2160p (Ultra HD 4K), 10Bit HDR<\/li>\n<li>2.4G WLAN integriert<\/li>\n<li>H.265 kompatibel<\/li>\n<li>Ein Kartenleser-Steckplatz<\/li>\n<li>Schnelle und einfache Installation mit dem Installationsassistenten<\/li>\n<li>1 x High Speed \u200b\u200bUSB3.0 + 1 x USB 2.0 Verbindungen<\/li>\n<li>Video Multimedia-Wiedergabe (DivX, MKV, AVI, MPG, MP4, TS, WMA, MP3 und mehr &#8230;), Internetradios und vieles mehr &#8230;<\/li>\n<li>Internet Streaming TV und Radio Unterst\u00fctzung<\/li>\n<li>100Mbps Ethernet-Verbindung<\/li>\n<li>Leicht erweiterbar mit Addons und Plugins<\/li>\n<li>Fernverwaltung \u00fcber HTTP \/ Telnet \/ SSH \/ FTP &#8230;<\/li>\n<li>Live-Streaming \u00fcber das Netzwerk<\/li>\n<li>Medienwiedergabe \u00fcber lokales Netzwerk Unterst\u00fctzung f\u00fcr externe USB-DVD-Laufwerke<\/li>\n<li>Elektronischer Programmf\u00fchrer (EPG)<\/li>\n<li>Benutzeroptimiertes, mehrsprachiges OSD-Men\u00fc<\/li>\n<li>Multisatellitengesteuert mit DiSEqC1.0, 1.1, 1.2 und USALS<\/li>\n<li>Hochaufl\u00f6sende grafische Benutzeroberfl\u00e4che (GUI)<\/li>\n<li>Anpassbares Erscheinungsbild mit Skins<\/li>\n<li>Mehrsprachig &#8211; Audio \/ Videotext \/ Untertitel &#8211; Unterst\u00fctzung<\/li>\n<li>Einfache Software-Upgrades \u00fcber das Internet \/ USB<\/li>\n<li>UHD\/FullHD HDMI 2.0 Verbindung<\/li>\n<li>Dolby Digital Plus-Bitstream-Ausgang \u00fcber optisches S \/ PDIF und HDMI<\/li>\n<li>Standby &lt;0,5 Watt Leistungsaufnahme<\/li>\n<li>DC 12V Netzteil<\/li>\n<\/ul>\n<p>&nbsp;<\/p>\n<p><b><u>Technische Spezifikationen<br \/>\n<\/u><\/b><b><br \/>\nHauptprozessor: Hisilicon Hi3798MV200 Huawei<\/b><b><u><br \/>\n<\/u><\/b><\/p>\n<p>Anzahl der Kerne: 4 (Quad)<br \/>\nTaktrate: 1600 MHz (4 x 1,6 GHz)<br \/>\nDDR-SDRAM: RAM 1 GB DDR3<br \/>\nFlash-Speicher: Flash 4 GB eMMC<\/p>\n<p><b>Videodekodierung<\/b><\/p>\n<p>Dekodieren: MPEG-2: MP @ ML, MPEG-4: ASP @ L5, H.265 \/ AVC: MP@L3.2, VC-1: AP @ L1<br \/>\nAufl\u00f6sung: 2160p \/ 1080p \/ 1080i \/ 720p \/ 576p \/ 480p \/ 576i \/ 480i<br \/>\nVideostandard: PAL \/ NTSC<br \/>\nDatenrate: Bis zu 15 Mbit \/ s<br \/>\nAnzeigeformat: 4: 3, 16: 9<\/p>\n<p><b>Audio-Decodierung<\/b><\/p>\n<p>Dekodierung: MPEG-1 Schicht I &amp; II, MPEG-2 Schicht I &amp; II, MPEG-2 Digital (AC-3), HE-AAC<br \/>\nTyp: Stereo, Right Mono, Left Mono<br \/>\nAbtastrate: 32K, 44,1K, 48K oder 192KHz<\/p>\n<p><b>Tuner &amp; Demodulato<\/b>r<\/p>\n<p>Tunertyp: DVB-S \/ S2 \/ S2x Silabs Si2166-D60 &amp; RDA5815m<br \/>\nEingangsimpedanz: 75 Ohm<br \/>\nFrequenzbereich: 950 MHz &#8211; 2150 MHz<br \/>\nLNB Power &amp; Polarization 13V \/ 18V, Max 400mA<br \/>\nEingangssignalpegel: -79 dBm &#8211; -11 dBm<br \/>\nLNB Switch Control:\u00a0 22KHz, DiSEqc:Version 1.0, 1.1 &amp; 1.2 USALS<br \/>\nModulation: QPSK \/ 8PSK<\/p>\n<p>Tunertyp: DVB-C \/ T2 Altobeam ATBM7821<br \/>\nFrequenzbereich: 48 MHz &#8211; 862 MHz<br \/>\nEingangssignalpegel: -80 dBm &#8211; -20 dBm<br \/>\nAntenna power output:\u00a0 DC 5V at max 75mA, Overload protection<br \/>\nDemodulation: COFDM 1K, 2K, 4K, 8K normal andextended, 16K normal and extended, 2K normal and extended<br \/>\nInput Symbol Rate: 1.0 ~ 7.0Ms\/s<br \/>\nConstellations: QPSK, 16QAM, 64QAM, 256QAM<br \/>\nGuard Intervals: 1\/4, 19\/256, 1\/8, 19\/128, 1\/16, 1\/32, 1\/128<br \/>\nCode Rate: 1\/2, 3\/5, 2\/3, 3\/4, 5\/6<\/p>\n<p><b>Datenschnittstelle<\/b><\/p>\n<p>Ethernet-Anschluss: 1 x 10\/100 Mbit \/ s<br \/>\nUSB-Anschluss: 1 x USB 3.0, 1 x USB 2.0 (beide hinten)<br \/>\nDigitales Video: 1 x HDMI 2.0<br \/>\nAnaloges Video\/Audio: 3,5mm Klinke<br \/>\nIR-EXT: Externe Fernbedienung<\/p>\n<p><b>Netzteil<\/b><\/p>\n<p>Eingangsspannung: 100-240V \uff5e<br \/>\nFrequenz: 50\/60 Hz<br \/>\nLeistungsaufnahme: Max 15W<\/p>\n<p><b>Fernbedienung<\/b><\/p>\n<p>Batterie: 2 x 1,5 V AAA<br \/>\nArbeitsabstand: Bis zu 8 Meter<\/p>\n<p><b>Allgemeine Daten<\/b><\/p>\n<p>Gr\u00f6\u00dfe (LxTxH): 220 mm x 125 mm x 40 mm<br \/>\nNettogewicht: 1,2 kg<br \/>\nBetriebstemperatur: 0 \u00b0 C bis + 45 \u00b0 C<br \/>\nBetriebsfeuchtigkeit: 20% -80%<\/p>","protected":false},"excerpt":{"rendered":"<p>Linux 4k UHD DVB-S2x\/DVB-C\/T2 Combo Tuner Linux Enigma2 Receiver mit integriertem WLAN, USB 2.0\/3.0 und Kartenleser zum Spitzenpreis. Ausgestattet mit einem 64Bit Highspeed Quad Core (4 x 1.6GHz) 15000 DMIPS [&hellip;]<\/p>","protected":false},"featured_media":1769,"template":"","meta":{"powered_cache_disable_cache":false,"powered_cache_disable_lazyload":false,"powered_cache_disable_css_optimization":false},"product_cat":[43,57,269,61],"product_tag":[],"_links":{"self":[{"href":"https:\/\/satmedia.at\/en\/wp-json\/wp\/v2\/product\/1771"}],"collection":[{"href":"https:\/\/satmedia.at\/en\/wp-json\/wp\/v2\/product"}],"about":[{"href":"https:\/\/satmedia.at\/en\/wp-json\/wp\/v2\/types\/product"}],"wp:featuredmedia":[{"embeddable":true,"href":"https:\/\/satmedia.at\/en\/wp-json\/wp\/v2\/media\/1769"}],"wp:attachment":[{"href":"https:\/\/satmedia.at\/en\/wp-json\/wp\/v2\/media?parent=1771"}],"wp:term":[{"taxonomy":"product_cat","embeddable":true,"href":"https:\/\/satmedia.at\/en\/wp-json\/wp\/v2\/product_cat?post=1771"},{"taxonomy":"product_tag","embeddable":true,"href":"https:\/\/satmedia.at\/en\/wp-json\/wp\/v2\/product_tag?post=1771"}],"curies":[{"name":"wp","href":"https:\/\/api.w.org\/{rel}","templated":true}]}}