{"id":1820,"date":"2020-05-19T11:26:12","date_gmt":"2020-05-19T11:26:12","guid":{"rendered":"https:\/\/satmediawp.edv-kroiss.com\/produkt\/satmedia-profi-messgeraet-leihservice\/"},"modified":"2024-05-17T11:20:20","modified_gmt":"2024-05-17T09:20:20","slug":"satmedia-profi-messgeraet-leihservice","status":"publish","type":"product","link":"https:\/\/satmedia.at\/en\/product\/satmedia-profi-messgeraet-leihservice\/","title":{"rendered":"Satmedia Profi Messger\u00e4t Leihservice"},"content":{"rendered":"<p>Amiko Profi Messger\u00e4te Leihservice.  <br \/>Rental period: up to 7 days  <br \/>Kaution: 250 Euro <\/p>\n<p> Das Profi Messger\u00e4t Amiko x-Finder 3 hilft Ihnen zuverl\u00e4ssig und effizient bei der   exakten Ausrichtung von Satelliten Antennen, DVB-T Antennen oder DVB-C Signalen.<\/p>","protected":false},"excerpt":{"rendered":"<p>Amiko Profi Messger\u00e4te Leihservice. Mietdauer: bis zu 7 Tage Kaution: 250 Euro Das Profi Messger\u00e4t Amiko x-Finder 3 hilft Ihnen zuverl\u00e4ssig und effizient bei der exakten Ausrichtung von Satelliten Antennen, [&hellip;]<\/p>","protected":false},"featured_media":1819,"template":"","meta":{"powered_cache_disable_cache":false,"powered_cache_disable_lazyload":false,"powered_cache_disable_css_optimization":false},"product_cat":[49,136],"product_tag":[],"_links":{"self":[{"href":"https:\/\/satmedia.at\/en\/wp-json\/wp\/v2\/product\/1820"}],"collection":[{"href":"https:\/\/satmedia.at\/en\/wp-json\/wp\/v2\/product"}],"about":[{"href":"https:\/\/satmedia.at\/en\/wp-json\/wp\/v2\/types\/product"}],"wp:featuredmedia":[{"embeddable":true,"href":"https:\/\/satmedia.at\/en\/wp-json\/wp\/v2\/media\/1819"}],"wp:attachment":[{"href":"https:\/\/satmedia.at\/en\/wp-json\/wp\/v2\/media?parent=1820"}],"wp:term":[{"taxonomy":"product_cat","embeddable":true,"href":"https:\/\/satmedia.at\/en\/wp-json\/wp\/v2\/product_cat?post=1820"},{"taxonomy":"product_tag","embeddable":true,"href":"https:\/\/satmedia.at\/en\/wp-json\/wp\/v2\/product_tag?post=1820"}],"curies":[{"name":"wp","href":"https:\/\/api.w.org\/{rel}","templated":true}]}}