{"id":1861,"date":"2020-08-18T14:31:47","date_gmt":"2020-08-18T14:31:47","guid":{"rendered":"https:\/\/satmediawp.edv-kroiss.com\/produkt\/dvb-t2-t-22db-aktiv524-antenne-inkl-24v-netzteil\/"},"modified":"2024-05-16T14:57:42","modified_gmt":"2024-05-16T12:57:42","slug":"dvb-t2-t-22db-aktiv524-antenne-inkl-24v-netzteil","status":"publish","type":"product","link":"https:\/\/satmedia.at\/en\/product\/dvb-t2-t-22db-aktiv524-antenne-inkl-24v-netzteil\/","title":{"rendered":"DVB-T2\/T 22db Aktiv524 Antenne inkl. 24V Netzteil"},"content":{"rendered":"<p><span class=\"tlid-translation translation\" lang=\"de\"><span title=\"\" class=\"\">Aktive Outdoor-DVB-T\/T2-Antenne, besonders geeignet         f\u00fcr Wohnwagen und Lastwagen, aber auch f\u00fcr H\u00e4user und H\u00fctten zum         DVB-T\/T2 &#8211; Signalempfang.<\/span><br \/>       <span title=\"\" class=\"\">Es kann sowohl f\u00fcr den horizontalen als         auch f\u00fcr den vertikalen Signalempfang installiert werden.<\/p>\n<p>Die Stromversorgung f\u00fcr den Verst\u00e4rker erfolgt \u00fcber die Koax-Leitung.<br \/>Falls Ihr Ger\u00e4t (TV, DVB-T2-Box) keine Stromversorgung zur Antenne zur Verf\u00fcgung stellt,&nbsp;liegt der Antenne auch ein 24V Netzteil bei.<br \/><\/span><br \/>       <span title=\"\" class=\"\">Frequenzbereich: 45 &#8211; 862 MHz<\/span><br \/>       <span title=\"\" class=\"\">Verst\u00e4rkung: 22 dB<\/span><br \/>       <span title=\"\">Max.<\/span> <span title=\"\" class=\"\">Ausgangspegel         Sig .: 102 dB\u00b5V<\/span><br \/>       <span title=\"\">Rauschzahl: 2dB<\/span><br \/>       <span title=\"\" class=\"\">Maximaler Mastdurchmesser: 50 mm<\/span><br \/>       <span title=\"\">Ausgangsanschluss: F.<\/span><br \/>       <span title=\"\">Impedanz: 75 Ohm<\/span><br \/>       <span title=\"\" class=\"\">Verst\u00e4rkerstromversorgung: 5 &#8211; 24 V.<\/span><br \/>       <span title=\"\" class=\"\">Maximaler Strom: 32 mA, max.<br \/>         Ma\u00dfe: 35cm x 30cm x 4cm<br \/>       <\/span><span title=\"\">Gewicht: 0,950 kg<\/span><\/span><\/p>","protected":false},"excerpt":{"rendered":"<p>Aktive Outdoor-DVB-T\/T2-Antenne, besonders geeignet f\u00fcr Wohnwagen und Lastwagen, aber auch f\u00fcr H\u00e4user und H\u00fctten zum DVB-T\/T2 &#8211; Signalempfang. Es kann sowohl f\u00fcr den horizontalen als auch f\u00fcr den vertikalen Signalempfang [&hellip;]<\/p>","protected":false},"featured_media":1860,"template":"","meta":{"powered_cache_disable_cache":false,"powered_cache_disable_lazyload":false,"powered_cache_disable_css_optimization":false},"product_cat":[46,118],"product_tag":[],"_links":{"self":[{"href":"https:\/\/satmedia.at\/en\/wp-json\/wp\/v2\/product\/1861"}],"collection":[{"href":"https:\/\/satmedia.at\/en\/wp-json\/wp\/v2\/product"}],"about":[{"href":"https:\/\/satmedia.at\/en\/wp-json\/wp\/v2\/types\/product"}],"wp:featuredmedia":[{"embeddable":true,"href":"https:\/\/satmedia.at\/en\/wp-json\/wp\/v2\/media\/1860"}],"wp:attachment":[{"href":"https:\/\/satmedia.at\/en\/wp-json\/wp\/v2\/media?parent=1861"}],"wp:term":[{"taxonomy":"product_cat","embeddable":true,"href":"https:\/\/satmedia.at\/en\/wp-json\/wp\/v2\/product_cat?post=1861"},{"taxonomy":"product_tag","embeddable":true,"href":"https:\/\/satmedia.at\/en\/wp-json\/wp\/v2\/product_tag?post=1861"}],"curies":[{"name":"wp","href":"https:\/\/api.w.org\/{rel}","templated":true}]}}