{"id":1883,"date":"2020-10-02T09:12:46","date_gmt":"2020-10-02T09:12:46","guid":{"rendered":"https:\/\/satmediawp.edv-kroiss.com\/produkt\/vu-duo-4k-se-dual-dvb-s2x-fbc-ci-enigma2-uhd-2160p\/"},"modified":"2026-03-19T10:09:30","modified_gmt":"2026-03-19T09:09:30","slug":"vu-duo-4k-se-dual-dvb-s2x-fbc-ci-enigma2-uhd-2160p","status":"publish","type":"product","link":"https:\/\/satmedia.at\/en\/product\/vu-duo-4k-se-dual-dvb-s2x-fbc-ci-enigma2-uhd-2160p\/","title":{"rendered":"VU+ Duo 4k SE Dual DVB-S2X FBC CI+ Enigma2 UHD 2160p"},"content":{"rendered":"<p><b>VU+ Duo 4K SE Linux UHD Set-Top-Box<\/b><\/p>\n<p>Digitaler Satelliten-Empfangsreceiver f\u00fcr UHD und HD TV- und Radioprogramme.<br \/>\nDas Herzst\u00fcck der VU+ Duo 4K SE ist der 4x 1.500 MHz starke ARM QuadCore-Prozessor. Erleben Sie UltraHighDefinition (UHD) TV mit der VU+ Duo 4K SE Set-Top-Box.<\/p>\n<p><b>Was ist ein DVB-S2 FBC Twin Tuner ?<\/b><br \/>\nEin DVB-S2 FBC Twin Tuner besitzt 8 Demodulatoren.<br \/>\nBei zwei herk\u00f6mmlichen (z.B. Twin-LNB) Sat-Zuleitungen ist der Tuner mit 2 herk\u00f6mmlichen und 6 zus\u00e4tzlichen Tunern, die im Durchschleifbetrieb arbeiten, vergleichbar. Sie k\u00f6nnen somit Sender aus 8 verschiedenen Transpondern aus 2 unterschiedlichen Sat-Ebenen gleichzeitig ansehen, streamen oder aufnehmen.<br \/>\nIm SCR-Betrieb (Unicable) mit 8 Frequenzen entspricht dies 8 herk\u00f6mmlichen Tunern.<\/p>\n<p><b>Was ist ein DVB-C FBC Tuner ?<\/b><br \/>\nEin DVB-C FBC Tuner besitzt 8 Demodulatoren. Dies entspricht einem Receiver mit 8 herk\u00f6mmlichen DVB-C Tunern.<br \/>\nSie k\u00f6nnen somit 8 Sender zur gleichen Zeit ansehen, streamen oder aufnehmen.<\/p>\n<p><b>Hauptmerkmale:<\/b><br \/>\nSehr schnelle Umschaltzeiten<br \/>\nWebKit Browser<br \/>\nChromium OS<br \/>\nDual HD Transcoding<br \/>\nMediatheken<br \/>\nHDMI 2.0 Ausgang<br \/>\nHDMI 2.0 Eingang<br \/>\nGigabit LAN<br \/>\nDualBand WiFi (2,4 \/ 5 GHz)<br \/>\nGleichzeitiges Entschl\u00fcsseln von 2 CI-Modulen<br \/>\nBT 4.1 f\u00fcr z.B. BT Soundbars oder Kopfh\u00f6rer<br \/>\n3,5&#8243; TFT LCD Display &#8211; MiniTV<br \/>\n2x Tunersteckplatz\u00a0 f\u00fcr z.B.\u00a0 DVB-S2 \/ DVB-C* Full Band Capture (FBC) oder DVB-T2 Dual Tuner<br \/>\nUSB 3.0<br \/>\nARM CPU (4x 1.500 MHz)<br \/>\neMMC Flashspeicher<br \/>\nHEVC \/ H.265 Videodekodierung<br \/>\nPlug&amp;Play Wechselrahmen f\u00fcr 2,5&#8243; SATA-Festplatten (max. 15 mm HDD-Bauh\u00f6he)<br \/>\nExternes 12 V Netzteil<\/p>\n<p><b>Technische Highlights:<\/b><br \/>\n1.500 MHz ARM QuadCore-Prozessor<br \/>\n4096 MB Flash (eMMC)<br \/>\n3072 MB RAM<br \/>\nGigabit LAN (10\/100\/1000 MBit\/s)<br \/>\nWlan: IEEE 802.11 b\/g\/n\/ac 2,4 \/ 5 GHz integriert<br \/>\nBT 4.1 integriert f\u00fcr z.B. BT Soundbars oder Kopfh\u00f6rer<br \/>\n2x DVB Common-Interface Einschub (gleichzeitige Nutzung m\u00f6glich)<br \/>\n1x Smartcard-Reader (Xcrypt)<br \/>\n2x USB 3.0 (R\u00fcckseite)<br \/>\n1x USB 2.0 (Vorderseite)<br \/>\n3,5&#8243; TFT LCD Display &#8211; MiniTV<br \/>\nS\/PDIF\u00a0 Audio Ausgang optisch (digital)<br \/>\n1x HDMI 2.0 Video\/Audio Ausgang (digital)<br \/>\n1x HDMI 2.0 Video\/Audio Eingang (digital)<br \/>\nunbegrenzte Kanalliste f\u00fcr TV und Radio<br \/>\nEPG (Electronic Program Guide) Unterst\u00fctzung<br \/>\nUnterst\u00fctzung von Bouquet-Listen (Favoritenlisten)<br \/>\nOSD in vielen Sprachen<br \/>\nAussehen der Benutzeroberfl\u00e4che vielf\u00e4ltig anpassbar (Skin-Unterst\u00fctzung)<br \/>\nErweiterbar durch viele kostenfreie Plugins (Apps)<br \/>\nautomatischer \/ manueller Kanalsuchlauf<br \/>\nDiSEqC 1.0\/1.1\/1.2, USALS<br \/>\nSCR \/ dCSS (EN50494 &amp; EN50607)<br \/>\nExternes 12 Volt Netzteil<br \/>\nNetzschalter<br \/>\nRS232 &#8211; Serviceschnittstelle<br \/>\nkostenfreie Apps f\u00fcr iOS und Android verf\u00fcgbar<\/p>\n<p><b> Videodekodierung:<\/b><br \/>\nVideokompression HVEC \/ H.265, MPEG-2 \/ H.264 und MPEG-1 kompatibel<br \/>\nVideostandard PAL G\/ 25 Hz, NTSC<br \/>\nBildformat 4:3 \/ 16:9<br \/>\nLetterbox f\u00fcr 4:3 TV-Ger\u00e4te<\/p>\n<p><b>Ausgang Digital:<\/b><br \/>\nAbtastfrequenzen 32 kHz, 44.1 kHz, 48 kHz<br \/>\nS\/PDIF-Ausgang optisch (AC3)<br \/>\nAudiokompression MPEG-1 &amp; MPEG-2 Layer I und II, MP3<br \/>\nAudio Mode Dual (main\/sub), Stereo<br \/>\nAbtastfrequenzen 32 kHz, 44.1 kHz, 48 kHz, 16 kHz, 22.05 kHz, 24 kHz<\/p>\n<p><b> Leistungsaufnahme:<\/b><br \/>\n&lt; 15W (im Betrieb, mit LNB)<br \/>\n&lt; 14W (im Betrieb, ohne LNB)<br \/>\n&lt; 0,5W (Deep-Standby-Mode)<\/p>\n<p><b>Externes Netzteil:<\/b><br \/>\nEingang: 110 &#8211; 240V AC \/ 50 &#8211; 60Hz \/ 1,5A<br \/>\nAusgang: 12V = \/ 5,0A<\/p>\n<p><b>Allgemeines:<\/b><br \/>\nUmgebungstemperatur +15\u00b0C&#8230;+35\u00b0C<br \/>\nLuftfeuchtigkeit &lt; 80%<br \/>\nAbmessungen (B x T x H): 310 mm x 255 mm x 68 mm<br \/>\nGewicht: 2,9 kg<\/p>\n<p><b> Scope of delivery:<\/b><br \/>\n1x VU+ Duo 4K SE UHD Receiver<br \/>\n1x Fernbedienung<br \/>\n1x Quickmanual (deutsch \/ englisch)<br \/>\n1x HDMI Kabel<br \/>\n2x Batterien (AA)<br \/>\n1x Netzteil (110-240V \/ 12V)<\/p>","protected":false},"excerpt":{"rendered":"<p>VU+ Duo 4K SE Linux UHD Set-Top-Box Digitaler Satelliten-Empfangsreceiver f\u00fcr UHD und HD TV- und Radioprogramme. Das Herzst\u00fcck der VU+ Duo 4K SE ist der 4x 1.500 MHz starke ARM [&hellip;]<\/p>","protected":false},"featured_media":1881,"template":"","meta":{"powered_cache_disable_cache":false,"powered_cache_disable_lazyload":false,"powered_cache_disable_css_optimization":false},"product_cat":[43,57,269],"product_tag":[],"_links":{"self":[{"href":"https:\/\/satmedia.at\/en\/wp-json\/wp\/v2\/product\/1883"}],"collection":[{"href":"https:\/\/satmedia.at\/en\/wp-json\/wp\/v2\/product"}],"about":[{"href":"https:\/\/satmedia.at\/en\/wp-json\/wp\/v2\/types\/product"}],"wp:featuredmedia":[{"embeddable":true,"href":"https:\/\/satmedia.at\/en\/wp-json\/wp\/v2\/media\/1881"}],"wp:attachment":[{"href":"https:\/\/satmedia.at\/en\/wp-json\/wp\/v2\/media?parent=1883"}],"wp:term":[{"taxonomy":"product_cat","embeddable":true,"href":"https:\/\/satmedia.at\/en\/wp-json\/wp\/v2\/product_cat?post=1883"},{"taxonomy":"product_tag","embeddable":true,"href":"https:\/\/satmedia.at\/en\/wp-json\/wp\/v2\/product_tag?post=1883"}],"curies":[{"name":"wp","href":"https:\/\/api.w.org\/{rel}","templated":true}]}}