{"id":1885,"date":"2020-10-02T09:21:51","date_gmt":"2020-10-02T09:21:51","guid":{"rendered":"https:\/\/satmediawp.edv-kroiss.com\/produkt\/interne-2-tb-hdd-25-sata-geraeuscharm\/"},"modified":"2026-02-25T11:50:50","modified_gmt":"2026-02-25T10:50:50","slug":"interne-2-tb-hdd-25-sata-geraeuscharm","status":"publish","type":"product","link":"https:\/\/satmedia.at\/en\/product\/interne-2-tb-hdd-25-sata-geraeuscharm\/","title":{"rendered":"Interne 2TB HDD 2,5 SATA Ger\u00e4uscharm"},"content":{"rendered":"<p>Diese Festplatte wird extra produziert f\u00fcr Digital Receiver und DVD-Brenner und verf\u00fcgt \u00fcber 5400U\/min.  <br \/>Die Platten zeichnet sich aus durch eine geringe Stromaufnahme und einem leisen Lauf!  <br \/>Preis inkl. Festplatteneinbau!<\/p>","protected":false},"excerpt":{"rendered":"<p>Diese Festplatte wird extra produziert f\u00fcr Digital Receiver und DVD-Brenner und verf\u00fcgt \u00fcber 5400U\/min. Die Platten zeichnet sich aus durch eine geringe Stromaufnahme und einem leisen Lauf! Preis inkl. Festplatteneinbau!<\/p>","protected":false},"featured_media":1884,"template":"","meta":{"powered_cache_disable_cache":false,"powered_cache_disable_lazyload":false,"powered_cache_disable_css_optimization":false},"product_cat":[50,96],"product_tag":[],"_links":{"self":[{"href":"https:\/\/satmedia.at\/en\/wp-json\/wp\/v2\/product\/1885"}],"collection":[{"href":"https:\/\/satmedia.at\/en\/wp-json\/wp\/v2\/product"}],"about":[{"href":"https:\/\/satmedia.at\/en\/wp-json\/wp\/v2\/types\/product"}],"wp:featuredmedia":[{"embeddable":true,"href":"https:\/\/satmedia.at\/en\/wp-json\/wp\/v2\/media\/1884"}],"wp:attachment":[{"href":"https:\/\/satmedia.at\/en\/wp-json\/wp\/v2\/media?parent=1885"}],"wp:term":[{"taxonomy":"product_cat","embeddable":true,"href":"https:\/\/satmedia.at\/en\/wp-json\/wp\/v2\/product_cat?post=1885"},{"taxonomy":"product_tag","embeddable":true,"href":"https:\/\/satmedia.at\/en\/wp-json\/wp\/v2\/product_tag?post=1885"}],"curies":[{"name":"wp","href":"https:\/\/api.w.org\/{rel}","templated":true}]}}