{"id":1965,"date":"2021-08-12T14:13:12","date_gmt":"2021-08-12T14:13:12","guid":{"rendered":"https:\/\/satmediawp.edv-kroiss.com\/produkt\/gummituelle-gummi-manschette-schwarz-o-38-60-mm-uv-schutz\/"},"modified":"2024-05-23T11:53:58","modified_gmt":"2024-05-23T09:53:58","slug":"gummituelle-gummi-manschette-schwarz-o-38-60-mm-uv-schutz","status":"publish","type":"product","link":"https:\/\/satmedia.at\/en\/product\/gummituelle-gummi-manschette-schwarz-o-38-60-mm-uv-schutz\/","title":{"rendered":"Rubber grommet \/ rubber cuff, black \u00d8 38-60 mm UV protection"},"content":{"rendered":"<ul style=\"color: rgb(70, 70, 70); font-family: Verdana, Helvetica, Arial, sans-serif;\">\n<li>Material: UV- best\u00e4ndige Gummimischung, schwarz<\/li>\n<li>in the UV - chamber tested<\/li>\n<li>geeignet f\u00fcr Maste \u00d8 38-60 mm<\/li>\n<li>Montagehinweis: Gummit\u00fclle&nbsp;<strong>clean and straight<\/strong>&nbsp;an der entsprechenden Abstufung abschneiden. Dies verhindert, dass&nbsp;die Gummit\u00fclle beim Aufziehen auf das Mastrohr rei\u00dft.<\/li>\n<\/ul>","protected":false},"excerpt":{"rendered":"<p>Material: UV- best\u00e4ndige Gummimischung, schwarz in der UV- Kammer getestet geeignet f\u00fcr Maste \u00d8 38-60 mm Montagehinweis: Gummit\u00fclle&nbsp;sauber und gerade&nbsp;an der entsprechenden Abstufung abschneiden. Dies verhindert, dass&nbsp;die Gummit\u00fclle beim Aufziehen [&hellip;]<\/p>","protected":false},"featured_media":1964,"template":"","meta":{"powered_cache_disable_cache":false,"powered_cache_disable_lazyload":false,"powered_cache_disable_css_optimization":false},"product_cat":[49,134],"product_tag":[],"_links":{"self":[{"href":"https:\/\/satmedia.at\/en\/wp-json\/wp\/v2\/product\/1965"}],"collection":[{"href":"https:\/\/satmedia.at\/en\/wp-json\/wp\/v2\/product"}],"about":[{"href":"https:\/\/satmedia.at\/en\/wp-json\/wp\/v2\/types\/product"}],"wp:featuredmedia":[{"embeddable":true,"href":"https:\/\/satmedia.at\/en\/wp-json\/wp\/v2\/media\/1964"}],"wp:attachment":[{"href":"https:\/\/satmedia.at\/en\/wp-json\/wp\/v2\/media?parent=1965"}],"wp:term":[{"taxonomy":"product_cat","embeddable":true,"href":"https:\/\/satmedia.at\/en\/wp-json\/wp\/v2\/product_cat?post=1965"},{"taxonomy":"product_tag","embeddable":true,"href":"https:\/\/satmedia.at\/en\/wp-json\/wp\/v2\/product_tag?post=1965"}],"curies":[{"name":"wp","href":"https:\/\/api.w.org\/{rel}","templated":true}]}}