{"id":2039,"date":"2021-10-06T09:08:50","date_gmt":"2021-10-06T09:08:50","guid":{"rendered":"https:\/\/satmediawp.edv-kroiss.com\/produkt\/terra-unicable-srm581-dscr-profi-class-a-multischalter\/"},"modified":"2024-05-17T11:20:16","modified_gmt":"2024-05-17T09:20:16","slug":"terra-unicable-srm581-dscr-profi-class-a-multischalter","status":"publish","type":"product","link":"https:\/\/satmedia.at\/en\/product\/terra-unicable-srm581-dscr-profi-class-a-multischalter\/","title":{"rendered":"Terra Unicable SRM581 dscr Profi Class A Multischalter"},"content":{"rendered":"<p>Wir sind offizieller Terra \u00d6sterreich Distributor!<br \/><b>Terra Distributor Aktion -25% Rabatt:<\/b> <font color=\"#FF0000\"><b>TERRA25<\/b><\/font><b>&nbsp;<\/b> (Gutschein im Warenkorb einl\u00f6sbar, ab einem Bestellwert von 650 \u20ac netto)&nbsp;<\/p>\n<p>Installationsdiagramme und Beispielschemas siehe <a href=\"http:\/\/satmediawp.edv-kroiss.com\/wp-content\/uploads\/2021\/10\/Terra_Katalog_EN_latest.pdf\" target=\"_blank\" rel=\"noopener\">Terra Katalog<\/a>!<\/p>\n<div>\n<div>Der programmierbare Multischalter SRM-581 verf\u00fcgt \u00fcber vier Paare von Legacy \/dSCR +Terr. TV-Ausg\u00e4nge. Die SAT-ZF-Ausg\u00e4nge erm\u00f6glichen im dSCR-Modus den unabh\u00e4ngigen Betrieb von bis zu 32 SAT-dSCR-Receivern\/STBs, eingespeist \u00fcber zwei Koaxialkabel (16+16, Standardkonfiguration) oder \u00fcber ein Koaxialkabel (32 vom dSCR1-Ausgang, nach Umprogrammierung mit dem PC102W Programmierer). Im Legacy-Modus kann jeder der Ausg\u00e4nge als typischer SAT-Ausgang (wie bei Universal-LNBs oder Standard-(Legacy-)Multischaltern) zum Anschluss eines alten SAT-TV-Empf\u00e4ngers verwendet werden.<\/div>\n<div><b>Hauptmerkmale<\/b><\/div>\n<div>Konformit\u00e4t mit EN50494 &#8211; Unicable I, 8 UBs (User Bands) von jedem Ausgangspaar<\/div>\n<div>Konformit\u00e4t mit EN50607 &#8211; Unicable II, 32 UBs von jedem Ausgangspaar<\/div>\n<div>M\u00f6glichkeit der Verwendung von Empf\u00e4ngern gem\u00e4\u00df EN50607 und EN50494 im selben Verteilernetz (8 x EN50494 + 24 x EN50607)<\/div>\n<div>AGC-System sorgt f\u00fcr einen stabilen Ausgangspegel von 84 dB\u03bcV<\/div>\n<div>Signale von einem Wideband LNB werden nur \u00fcber zwei Kabel (ein Satellit) oder vier Kabel (zwei Satelliten) eingespeist<\/div>\n<div>Kompatibilit\u00e4t mit Quatro-LNBs (nach Umprogrammierung mit PC102W R80561 Programmer)<\/div>\n<div>Statischer Modus: ZF\/ZF-Wandler<\/div>\n<div>SRM-581 Einkabel-kaskadierbarer Multischalter erm\u00f6glicht die Verteilung von DVB-S\/S2-Signalen von zwei Satelliten und von terrestrischen Signalen (DVB-T, DAB+\/FM-Radio). Die Satellitensignale k\u00f6nnen mittels dSCR-Technologie (Digital Satellite Cable Router) verteilt werden, wobei nur eine Koaxialleitung und Satellitensplitter ben\u00f6tigt werden, um die Signale an kompatible SAT-Receiver zu liefern, zusammen mit terrestrischen Signalen, die von Standardfernsehern und -radios empfangen werden k\u00f6nnen. Der Multischalter SRM-581 unterst\u00fctzt vollst\u00e4ndig Empf\u00e4nger, die in zwei dynamischen Modi betrieben werden: SCR (Unicable I &#8211; 8 User Bands) und dSCR (Unicable II &#8211; 32 User Bands). Der Multischalter hat 5 Eing\u00e4nge. Zwei Paare von SAT-ZF-Eing\u00e4ngen (V1, H1, V2, H2, 290&#8230;2340 MHz) sollten an zwei Breitband-LNBs A98222 angeschlossen werden, der f\u00fcnfte Eingang (des aktiven terrestrischen Pfads) ist f\u00fcr DVB-T, DAB( +) und UKW-Radiosignale. Jeder der acht Legacy \/ dSCR +Terr.TV-Ausg\u00e4nge erm\u00f6glicht im dSCR-Modus den unabh\u00e4ngigen Betrieb von bis zu 16 SAT-dSCR-Receivern\/STBs (EN50607), die \u00fcber ein Koaxialkabel gespeist werden oder im Legacy-Modus an ein Legacy-SAT-TV-Receiver, genauso wie ein Ausgang eines Universal-LNBs oder eines Standard-(Legacy-)Multischalters.<\/div>\n<div>Standardm\u00e4\u00dfig sind alle Ausg\u00e4nge des Multischalters SRM-581 im Legacy-Modus konfiguriert (der Legacy-Receiver liefert 14\/18 V Versorgungsspannung und 0\/22 kHz Tonsteuersignale). Sie schalten in den Unicable-Modus, nachdem sie einen DiSEqC-Befehl von einem Empf\u00e4nger\/STB erhalten haben, der der Norm EN50494 oder EN50607 entspricht. Das bedeutet, dass jeder der acht Ausg\u00e4nge des Multischalters bis zu 16 Empf\u00e4nger (in der Norm EN50607) unabh\u00e4ngig versorgen kann. Die digitalen Signale sollten unter Verwendung von Satelliten-Splittern, die im 5-2400-MHz-Band arbeiten, auf die Empf\u00e4nger aufgeteilt werden.<\/div>\n<div>Das Ger\u00e4t kann in zwei Modi betrieben werden;<\/div>\n<div>DYNAMIC &#8211; feste Ausgangsfrequenzen (User Bands) zugewiesen f\u00fcr einzelne dSCR\/Unicable-Empf\u00e4nger (Verteilung \u00fcber einzelnes Koaxialkabel an bis zu 8 (EN50494 &#8211; UNICABLE I) oder 32 (EN50607 &#8211; UNICABLE II) Empf\u00e4nger);<\/div>\n<div>STATIC &#8211; feste Eingangs- und Ausgangsfrequenzen, ZF\/ZF-Umwandlung erm\u00f6glicht die Verteilung der Signale von 32 Satelliten-Transpondern an eine unbegrenzte Anzahl von Empf\u00e4ngern.<\/div>\n<div>Die Programmierung von dSCR-Multischaltern erfolgt durch den dedizierten PC102W R80561 Programmierer.<\/div>\n<div>Das Druckgussgeh\u00e4use bietet eine hohe Schirmungseffizienz, indem es das Eindringen von St\u00f6rsignalen in das Ger\u00e4t verhindert.<\/div>\n<div>SMATV-Systeme auf Basis von SRM-581-Multischaltern sollten aus Wideband oder QUATRO gespeist werden. LNBs (die Verwendung letzterer erfordert eine Neuprogrammierung des Multischalters).<\/div>\n<div>Der Multischalter sollte \u00fcber ein externes Netzteil versorgt werden, z.B. PS202F (20 VDC, 2 A).<\/div>\n<\/div>","protected":false},"excerpt":{"rendered":"<p>Wir sind offizieller Terra \u00d6sterreich Distributor!Terra Distributor Aktion -25% Rabatt: TERRA25&nbsp; (Gutschein im Warenkorb einl\u00f6sbar, ab einem Bestellwert von 650 \u20ac netto)&nbsp; Installationsdiagramme und Beispielschemas siehe Terra Katalog! Der programmierbare [&hellip;]<\/p>","protected":false},"featured_media":2037,"template":"","meta":{"powered_cache_disable_cache":false,"powered_cache_disable_lazyload":false,"powered_cache_disable_css_optimization":false},"product_cat":[42,110,48,123],"product_tag":[],"_links":{"self":[{"href":"https:\/\/satmedia.at\/en\/wp-json\/wp\/v2\/product\/2039"}],"collection":[{"href":"https:\/\/satmedia.at\/en\/wp-json\/wp\/v2\/product"}],"about":[{"href":"https:\/\/satmedia.at\/en\/wp-json\/wp\/v2\/types\/product"}],"wp:featuredmedia":[{"embeddable":true,"href":"https:\/\/satmedia.at\/en\/wp-json\/wp\/v2\/media\/2037"}],"wp:attachment":[{"href":"https:\/\/satmedia.at\/en\/wp-json\/wp\/v2\/media?parent=2039"}],"wp:term":[{"taxonomy":"product_cat","embeddable":true,"href":"https:\/\/satmedia.at\/en\/wp-json\/wp\/v2\/product_cat?post=2039"},{"taxonomy":"product_tag","embeddable":true,"href":"https:\/\/satmedia.at\/en\/wp-json\/wp\/v2\/product_tag?post=2039"}],"curies":[{"name":"wp","href":"https:\/\/api.w.org\/{rel}","templated":true}]}}