{"id":2047,"date":"2021-10-07T10:53:01","date_gmt":"2021-10-07T10:53:01","guid":{"rendered":"https:\/\/satmediawp.edv-kroiss.com\/produkt\/terra-od004a-optical-node-ftth-receiver-fuer-dvb-c-t-1x-sat-if-dvb-s2\/"},"modified":"2026-03-23T14:43:34","modified_gmt":"2026-03-23T13:43:34","slug":"terra-od004a-optical-node-ftth-receiver-fuer-dvb-c-t-1x-sat-if-dvb-s2","status":"publish","type":"product","link":"https:\/\/satmedia.at\/en\/product\/terra-od004a-optical-node-ftth-receiver-fuer-dvb-c-t-1x-sat-if-dvb-s2\/","title":{"rendered":"Terra OD004A Optical Node FTTH Receiver f\u00fcr DVB-C\/T &#038; 1x SAT IF (DVB-S2)"},"content":{"rendered":"<p>Wir sind offizieller Terra \u00d6sterreich Distributor!<\/p>\n<p><b>Terra Distributor Aktion -25% Rabatt:<\/b> <span style=\"color: #ff0000;\"><b>TERRA25<\/b><\/span><b>\u00a0<\/b> (Gutschein im Warenkorb einl\u00f6sbar, ab einem Bestellwert von 650 \u20ac netto)<\/p>\n<p>Installationsdiagramme und Beispielschemas siehe <a href=\"http:\/\/satmediawp.edv-kroiss.com\/wp-content\/uploads\/2021\/10\/Terra_Katalog_EN_latest.pdf\" target=\"_blank\" rel=\"noopener\">Terra Katalog<\/a>!<\/p>\n<p>Der optische FTTH-Empf\u00e4nger TERRA OD-004A wird in Systemen verwendet, die Satelliten-DVB-S\/S2-, DVB-C\/T- und FM\/DAB-Signale \u00fcber Lichtwellenleiter verteilen. Lichtwellenleitersysteme zeichnen sich durch geringe Verluste und Immunit\u00e4t gegen elektromagnetische St\u00f6rungen aus, sodass sie Signale problemlos \u00fcber gro\u00dfe Entfernungen \u00fcbertragen k\u00f6nnen.<\/p>\n<p>Der optische Empf\u00e4nger OD-004A wandelt optische Signale in HF-Spektrum um.<br \/>\nDieses moderne Kleinger\u00e4t ist f\u00fcr Endbenutzer in FTTH-Verteilungsnetzen bestimmt. Es kann zB vom optischen TV-Sender mo418 4D31 gespeist werden.<\/p>\n<p>Die hohe Empfindlichkeit des Ger\u00e4tes im Bereich von -15&#8230;-6 dBm und optional -8&#8230;0 dBm erm\u00f6glicht eine wirtschaftliche Verteilung des optischen Signals. Der maximale Ausgangspegel von 80 dB\u00b5V ist geeignet, um HF-Signale \u00fcber passive Splitter\/Abgriffe an zig Steckdosen in Wohnungen oder B\u00fcros ohne zus\u00e4tzlichen Verst\u00e4rker bereitzustellen.<\/p>","protected":false},"excerpt":{"rendered":"<p>Wir sind offizieller Terra \u00d6sterreich Distributor! Terra Distributor Aktion -25% Rabatt: TERRA25\u00a0 (Gutschein im Warenkorb einl\u00f6sbar, ab einem Bestellwert von 650 \u20ac netto) Installationsdiagramme und Beispielschemas siehe Terra Katalog! Der [&hellip;]<\/p>","protected":false},"featured_media":619,"template":"","meta":{"powered_cache_disable_cache":false,"powered_cache_disable_lazyload":false,"powered_cache_disable_css_optimization":false},"product_cat":[42,160],"product_tag":[],"_links":{"self":[{"href":"https:\/\/satmedia.at\/en\/wp-json\/wp\/v2\/product\/2047"}],"collection":[{"href":"https:\/\/satmedia.at\/en\/wp-json\/wp\/v2\/product"}],"about":[{"href":"https:\/\/satmedia.at\/en\/wp-json\/wp\/v2\/types\/product"}],"wp:featuredmedia":[{"embeddable":true,"href":"https:\/\/satmedia.at\/en\/wp-json\/wp\/v2\/media\/619"}],"wp:attachment":[{"href":"https:\/\/satmedia.at\/en\/wp-json\/wp\/v2\/media?parent=2047"}],"wp:term":[{"taxonomy":"product_cat","embeddable":true,"href":"https:\/\/satmedia.at\/en\/wp-json\/wp\/v2\/product_cat?post=2047"},{"taxonomy":"product_tag","embeddable":true,"href":"https:\/\/satmedia.at\/en\/wp-json\/wp\/v2\/product_tag?post=2047"}],"curies":[{"name":"wp","href":"https:\/\/api.w.org\/{rel}","templated":true}]}}