{"id":2060,"date":"2021-10-07T14:32:46","date_gmt":"2021-10-07T14:32:46","guid":{"rendered":"https:\/\/satmediawp.edv-kroiss.com\/produkt\/terra-od006-optical-node-ftth-receiver-fuer-dvb-c-t\/"},"modified":"2026-03-23T15:33:57","modified_gmt":"2026-03-23T14:33:57","slug":"terra-mo428l-2x6dbm-transmitter-sender-fuer-dvb-c-t-dvb-s2","status":"publish","type":"product","link":"https:\/\/satmedia.at\/en\/product\/terra-mo428l-2x6dbm-transmitter-sender-fuer-dvb-c-t-dvb-s2\/","title":{"rendered":"Terra mo428L 2x6dBm Transmitter Sender f\u00fcr DVB-C\/T &#038; DVB-S2"},"content":{"rendered":"<p>Wir sind offizieller Terra \u00d6sterreich Distributor!<\/p>\n<p><b>Terra Distributor Aktion -25% Rabatt:<\/b> <span style=\"color: #ff0000;\"><b>TERRA25<\/b><\/span><b>\u00a0<\/b> (Gutschein im Warenkorb einl\u00f6sbar, ab einem Bestellwert von 650 \u20ac netto)<\/p>\n<p>Installationsdiagramme und Beispielschemas siehe <a href=\"http:\/\/satmediawp.edv-kroiss.com\/wp-content\/uploads\/2021\/10\/Terra_Katalog_EN_latest.pdf\" target=\"_blank\" rel=\"noopener\">Terra Katalog<\/a>!<\/p>\n<ul>\n<li>SC\/APC DFB Glasfaserverkabelung<\/li>\n<li>Modulargeh\u00e4use kompatibel zu unseren Kopfstationen mit hoher Abschirmwirkung \u2013 Klasse A<\/li>\n<li>Komplette Signal\u00fcbertragung von 47-2400 MHz (Radio, DVB-C, DVB-T, DVB-S2 Einkabel)<\/li>\n<li>Stabile Signalpegel dank AGC im optischen Sender und OLC (Optical Level Control) in optischen Empf\u00e4ngern.<\/li>\n<li>Optisches Leistungsbudget von 21 dB \u2013 das Signal des optischen Senders kann durch Splitter auf bis zu 32 Pfade aufgeteilt werden, die jeweils bis zu 10 km lang sind. Die genaue Anzahl der Anschlusspunkte und die maximalen Entfernungen zur Signalquelle k\u00f6nnen durch die Planung des optischen Leistungsbudgets bestimmt werden.<\/li>\n<li>Jeder der mit optischen Knoten abgeschlossenen Pfade kann mit einem Verst\u00e4rker verbunden werden. Die Gesamtzahl der Teilnehmeranschl\u00fcsse in einem System mit einem optischen Sender kann 1000 \u00fcberschreiten.<\/li>\n<\/ul>\n<p>Der optische Sender TERRA mo428L \u00a0dient zur \u00dcbertragung von Fernsehsignalen \u00fcber ein optisches Medium. Es wandelt eingehende DVB-C\/T\/S2 Signale um. Die beiden optischen Ausg\u00e4nge (SC\/APC ) des Senders liefern jeweils ein optisches Signal mit 6 dBm Pegel, was eine Aufteilung und Verteilung des Signals sogar an 32 Knoten im Umkreis von bis zu 10 km erm\u00f6glicht. Die genaue Anzahl der Anschlusspunkte und die maximalen Entfernungen zur Signalquelle k\u00f6nnen bei der Planung des optischen Leistungsbudgets festgelegt werden. Jeder Eingang des Senders ist mit einer automatischen Verst\u00e4rkungsregelung (AGC) ausgestattet, die die Signalstabilit\u00e4t gew\u00e4hrleistet (Kompensation von Signalpegelschwankungen in Verbindung mit wechselnden Wetterbedingungen &#8211; Regen, starke Wolken usw.). Folglich hat das optische Ausgangssignal eine konstante Modulationstiefe.<\/p>","protected":false},"excerpt":{"rendered":"<p>Wir sind offizieller Terra \u00d6sterreich Distributor! Terra Distributor Aktion -25% Rabatt: TERRA25\u00a0 (Gutschein im Warenkorb einl\u00f6sbar, ab einem Bestellwert von 650 \u20ac netto) Installationsdiagramme und Beispielschemas siehe Terra Katalog! SC\/APC [&hellip;]<\/p>","protected":false},"featured_media":4869,"template":"","meta":{"powered_cache_disable_cache":false,"powered_cache_disable_lazyload":false,"powered_cache_disable_css_optimization":false},"product_cat":[42,159],"product_tag":[],"_links":{"self":[{"href":"https:\/\/satmedia.at\/en\/wp-json\/wp\/v2\/product\/2060"}],"collection":[{"href":"https:\/\/satmedia.at\/en\/wp-json\/wp\/v2\/product"}],"about":[{"href":"https:\/\/satmedia.at\/en\/wp-json\/wp\/v2\/types\/product"}],"wp:featuredmedia":[{"embeddable":true,"href":"https:\/\/satmedia.at\/en\/wp-json\/wp\/v2\/media\/4869"}],"wp:attachment":[{"href":"https:\/\/satmedia.at\/en\/wp-json\/wp\/v2\/media?parent=2060"}],"wp:term":[{"taxonomy":"product_cat","embeddable":true,"href":"https:\/\/satmedia.at\/en\/wp-json\/wp\/v2\/product_cat?post=2060"},{"taxonomy":"product_tag","embeddable":true,"href":"https:\/\/satmedia.at\/en\/wp-json\/wp\/v2\/product_tag?post=2060"}],"curies":[{"name":"wp","href":"https:\/\/api.w.org\/{rel}","templated":true}]}}