{"id":2066,"date":"2021-10-07T14:37:47","date_gmt":"2021-10-07T14:37:47","guid":{"rendered":"https:\/\/satmediawp.edv-kroiss.com\/produkt\/terra-od007-optical-node-ftth-receiver-fuer-dvb-c-t-1x-sat-if-dvb-s2\/"},"modified":"2026-03-23T14:56:13","modified_gmt":"2026-03-23T13:56:13","slug":"terra-od007-optical-node-ftth-receiver-fuer-dvb-c-t-1x-sat-if-dvb-s2","status":"publish","type":"product","link":"https:\/\/satmedia.at\/en\/product\/terra-od007-optical-node-ftth-receiver-fuer-dvb-c-t-1x-sat-if-dvb-s2\/","title":{"rendered":"Terra OD007 Optical Node FTTH Receiver f\u00fcr DVB-C\/T &#038; 1x SAT IF (DVB-S2)"},"content":{"rendered":"<p>Wir sind offizieller Terra \u00d6sterreich Distributor!<\/p>\n<p><b>Terra Distributor Aktion -25% Rabatt:<\/b> <span style=\"color: #ff0000;\"><b>TERRA25<\/b><\/span><b>\u00a0<\/b> (Gutschein im Warenkorb einl\u00f6sbar, ab einem Bestellwert von 650 \u20ac netto)<\/p>\n<p>Installationsdiagramme und Beispielschemas siehe <a href=\"http:\/\/satmediawp.edv-kroiss.com\/wp-content\/uploads\/2021\/10\/Terra_Katalog_EN_latest.pdf\" target=\"_blank\" rel=\"noopener\">Terra Katalog<\/a>!<\/p>\n<p>Der optische Knoten TERRA OD-007 (FTTH optischer Empf\u00e4nger) ist ein Bestandteil von TV-Antennensystemen mit Glasfasertechnologie. Das Ger\u00e4t wandelt DVB-S\/S2-, DVB-C\/T- und FM\/DAB-Signale, die \u00fcber eine optische Verbindung bereitgestellt werden, in RF-Signale um, die lokal an Endger\u00e4te-Steckdosen verteilt werden. Die optische Technologie zeichnet sich durch geringe D\u00e4mpfung, geringe Interferenzen und vor allem die \u00dcbertragung von Signalen \u00fcber gro\u00dfe Entfernungen aus.<\/p>\n<p>Aufgrund der geringen Gr\u00f6\u00dfe, des modernen Designs und der geeigneten Parameter ist das Ger\u00e4t OD-007 der ideale Empf\u00e4nger f\u00fcr FTTH-Systeme, die Satelliten- und terrestrische TV- und Radiokan\u00e4le \u00fcber optische Verbindungen bereitstellen. Die \u00fcber Glasfaser bereitgestellten SAT-TV-, DVB-C\/T- und DAB\/FM-Radiosignale werden vom Ger\u00e4t \u00fcber eine Koaxialverkabelung in die im Geb\u00e4ude (Einfamilienhaus, Wohnung, B\u00fcro) verteilte RF-Form umgewandelt.<\/p>\n<p>Der optische Empf\u00e4nger zeichnet sich durch eine hohe Empfindlichkeit (-15&#8230;0 dBm) aus und kann somit am Ende vergleichsweise langer optischer Strecken oder bei Sendern mit geringer Leistung eingesetzt werden. Der maximale RF-Ausgangspegel von 80 dB\u00b5V eignet sich f\u00fcr die Verteilung der Kan\u00e4le \u00fcber passive Splitter\/Abgriffe auf bis zu ca. 10 Steckdosen ohne zus\u00e4tzlichen Verst\u00e4rker.<\/p>\n<p>Der optische Empf\u00e4nger ben\u00f6tigt ein externe Stromspeisung \u00fcber den RF-Out Anschluss von 10-20V DC.<\/p>\n<p>&nbsp;<\/p>","protected":false},"excerpt":{"rendered":"<p>Wir sind offizieller Terra \u00d6sterreich Distributor! Terra Distributor Aktion -25% Rabatt: TERRA25\u00a0 (Gutschein im Warenkorb einl\u00f6sbar, ab einem Bestellwert von 650 \u20ac netto) Installationsdiagramme und Beispielschemas siehe Terra Katalog! Der [&hellip;]<\/p>","protected":false},"featured_media":2062,"template":"","meta":{"powered_cache_disable_cache":false,"powered_cache_disable_lazyload":false,"powered_cache_disable_css_optimization":false},"product_cat":[42,160],"product_tag":[],"_links":{"self":[{"href":"https:\/\/satmedia.at\/en\/wp-json\/wp\/v2\/product\/2066"}],"collection":[{"href":"https:\/\/satmedia.at\/en\/wp-json\/wp\/v2\/product"}],"about":[{"href":"https:\/\/satmedia.at\/en\/wp-json\/wp\/v2\/types\/product"}],"wp:featuredmedia":[{"embeddable":true,"href":"https:\/\/satmedia.at\/en\/wp-json\/wp\/v2\/media\/2062"}],"wp:attachment":[{"href":"https:\/\/satmedia.at\/en\/wp-json\/wp\/v2\/media?parent=2066"}],"wp:term":[{"taxonomy":"product_cat","embeddable":true,"href":"https:\/\/satmedia.at\/en\/wp-json\/wp\/v2\/product_cat?post=2066"},{"taxonomy":"product_tag","embeddable":true,"href":"https:\/\/satmedia.at\/en\/wp-json\/wp\/v2\/product_tag?post=2066"}],"curies":[{"name":"wp","href":"https:\/\/api.w.org\/{rel}","templated":true}]}}