{"id":2077,"date":"2021-10-07T16:21:36","date_gmt":"2021-10-07T16:21:36","guid":{"rendered":"https:\/\/satmediawp.edv-kroiss.com\/produkt\/terra-ot501w-optical-transmitter-ftth-sender-fuer-4xsatif-dvb-s2-dvb-c-t\/"},"modified":"2024-05-17T11:20:15","modified_gmt":"2024-05-17T09:20:15","slug":"terra-ot501w-optical-transmitter-ftth-sender-fuer-4xsatif-dvb-s2-dvb-c-t","status":"publish","type":"product","link":"https:\/\/satmedia.at\/en\/product\/terra-ot501w-optical-transmitter-ftth-sender-fuer-4xsatif-dvb-s2-dvb-c-t\/","title":{"rendered":"Terra OT501W Optical Transmitter FTTH Sender f\u00fcr 4xSATIF DVB-S2\/DVB-C\/T"},"content":{"rendered":"<p>Wir sind offizieller Terra \u00d6sterreich Distributor!<\/p>\n<p><b>Terra Distributor Aktion -25% Rabatt:<\/b> <font color=\"#FF0000\"><b>TERRA25<\/b><\/font><b>&nbsp;<\/b> (Gutschein im Warenkorb einl\u00f6sbar, ab einem Bestellwert von 650 \u20ac netto)&nbsp;<\/p>\n<p>Installationsdiagramme und Beispielschemas siehe <a href=\"http:\/\/satmediawp.edv-kroiss.com\/wp-content\/uploads\/2021\/10\/Terra_Katalog_EN_latest.pdf\" target=\"_blank\" rel=\"noopener\">Terra Katalog<\/a>!<\/p>\n<ul>\n<li>Glasfaserverkabelung<\/li>\n<li>Eine Singlemode-Faser statt 5- oder 9-Kabel-Bus bestehend aus Koaxialkabeln.<\/li>\n<li>Druckgussgeh\u00e4use mit hoher Abschirmwirkung \u2013 Klasse A.<\/li>\n<li>Anwendung von traditionellem QUATRO LNB \u2013 die Sch\u00fcssel und das LNB k\u00f6nnen mit einem herk\u00f6mmlichen SAT-TV-Messger\u00e4t eingerichtet werden.<\/li>\n<li>Stabile Signalpegel dank AGC im optischen Sender und OLC (Optical Level Control) in optischen Empf\u00e4ngern.<\/li>\n<li>Der Wandler\/Sender ist nicht an der Sch\u00fcssel montiert, sodass er unter g\u00fcnstigeren Bedingungen aufgestellt werden kann, z.B. auf dem Dachboden, was die Stabilit\u00e4t und Zuverl\u00e4ssigkeit des Systems verbessert.<\/li>\n<li>Optisches Leistungsbudget von 21 dB \u2013 das Signal des optischen Senders kann durch Splitter auf bis zu 32 Pfade aufgeteilt werden, die jeweils bis zu 10 km lang sind. Die genaue Anzahl der Anschlusspunkte und die maximalen Entfernungen zur Signalquelle k\u00f6nnen durch die Planung des optischen Leistungsbudgets bestimmt werden.<\/li>\n<li>Jeder der mit optischen Knoten abgeschlossenen Pfade (optischer Empf\u00e4nger\/Konverter mit Ausgangssignalen wie QUATRO LNB) kann mit einem Multischalter oder einer Gruppe von Multischaltern verbunden werden. Die Gesamtzahl der Teilnehmeranschl\u00fcsse in einem System mit einem optischen Sender kann 1000 \u00fcberschreiten.<\/li>\n<\/ul>\n<p>Der optische Sender TERRA OT501W dient zur \u00dcbertragung von Fernsehsignalen \u00fcber ein optisches Medium. Es wandelt eingehende Satellitensignale von einem Quatro-LNB und DTT- (DVB-T) und Radiosignale (DAB und FM) (die terrestrischen Signale m\u00fcssen durch einen Triplexer kombiniert werden) von einem Satz terrestrischer Antennen um. Der eingebaute WDM-Multiplexer \u00fcbertr\u00e4gt die beiden Signalgruppen getrennt, im II-\u00dcbertragungsfenster (1310 nm) und III-\u00dcbertragungsfenster (1550 nm), was eine au\u00dfergew\u00f6hnliche \u00dcbertragungsqualit\u00e4t garantiert. Der optische Ausgang (FC\/APC &#8211; Angled Physical Contact) des Senders OT501W liefert ein optisches Signal mit 6 dBm Pegel, was eine Aufteilung und Verteilung des Signals sogar an 32 Knoten (OR501W QUATRO + DVB-T oder OR501MW QUAD + DVB- T&nbsp; Empf\u00e4nger\/Wandler) im Umkreis von bis zu 10 km eingesetzt, verbunden \u00fcber Singlemode-Fasern. Die genaue Anzahl der Anschlusspunkte und die maximalen Entfernungen zur Signalquelle k\u00f6nnen bei der Planung des optischen Leistungsbudgets festgelegt werden. Jeder Eingang des Senders ist mit einer automatischen Verst\u00e4rkungsregelung (AGC) ausgestattet, die die Signalstabilit\u00e4t gew\u00e4hrleistet (Kompensation von Signalpegelschwankungen in Verbindung mit wechselnden Wetterbedingungen &#8211; Regen, starke Wolken usw.). Folglich hat das optische Ausgangssignal eine konstante Modulationstiefe.<\/p>\n<p><\/p>\n<p>\u00dcbersicht Optische Sender \/ Optical Transmitter<\/p>\n<\/p>\n<table>\n<thead>\n<tr>\n<th>Modell&nbsp; &nbsp; &nbsp; &nbsp; &nbsp; &nbsp; &nbsp; &nbsp;&nbsp;<\/th>\n<th>Type&nbsp; &nbsp; &nbsp; &nbsp; &nbsp; &nbsp; &nbsp; &nbsp; &nbsp; &nbsp; &nbsp; &nbsp; &nbsp;&nbsp;<\/th>\n<th>Connector&nbsp; &nbsp;<\/th>\n<th>Optical Out&nbsp; &nbsp; &nbsp; &nbsp; &nbsp; &nbsp; &nbsp; &nbsp; &nbsp; &nbsp;&nbsp;<\/th>\n<th>RF Level&nbsp; &nbsp; &nbsp; &nbsp;&nbsp;<\/th>\n<th>RF Bereich&nbsp; &nbsp; &nbsp; &nbsp;<\/th>\n<th>Datenblatt<\/th>\n<\/tr>\n<\/thead>\n<tbody>\n<tr>\n<td>MO001 6F31<\/td>\n<td>DVB-C\/T\/1xSatIF<\/td>\n<td>FC\/APC<\/td>\n<td>6dBm FP 1310nm<\/td>\n<td>65-90dBuV<\/td>\n<td>45-2400MHz<\/td>\n<td><a href=\"http:\/\/www.terraelectronics.com\/Pub\/Temp\/MO001_en.pdf\" target=\"_blank\" rel=\"noopener\">Link<\/a><\/td>\n<\/tr>\n<tr>\n<td>OT401 6F31<\/td>\n<td>4xSatIF DVB-S2<\/td>\n<td>FC\/APC<\/td>\n<td>6dBm FP 1310nm<\/td>\n<td>60-80dBuV<\/td>\n<td>950-2150MHz<\/td>\n<td><a href=\"http:\/\/www.terraelectronics.com\/Pub\/Temp\/OT401_OT501W_en.pdf\" target=\"_blank\" rel=\"noopener\">Link<\/a><\/td>\n<\/tr>\n<tr>\n<td>OT501W<\/td>\n<td>DVB-C\/T\/4xSatIF<\/td>\n<td>FC\/APC<\/td>\n<td>6dBm FP 1310nm<\/td>\n<td>60-80dBuV<\/td>\n<td>950-2150MHz<\/td>\n<td><a href=\"http:\/\/www.terraelectronics.com\/Pub\/Temp\/OT401_OT501W_en.pdf\" target=\"_blank\" rel=\"noopener\">Link<\/a><\/td>\n<\/tr>\n<tr>\n<td>MO418L 4D31<\/td>\n<td>DVB-C\/T\/1xSatIF<\/td>\n<td>SC\/APC<\/td>\n<td>6dBm DFB 1310nm<\/td>\n<td>70-85dBuV<\/td>\n<td>47-2400MHz<\/td>\n<td><a href=\"http:\/\/www.terraelectronics.com\/Pub\/Temp\/mo418_mo428_en.pdf\" target=\"_blank\" rel=\"noopener\">Link<\/a><\/td>\n<\/tr>\n<tr>\n<td>MO428L 4D31<\/td>\n<td>DVB-C\/T\/1xSatIF<\/td>\n<td>SC\/APC<\/td>\n<td>2x6dBm DFB 1310nm<\/td>\n<td>70-85dBuV<\/td>\n<td>47-2400MHz<\/td>\n<td><a href=\"http:\/\/www.terraelectronics.com\/Pub\/Temp\/mo418_mo428_en.pdf\" target=\"_blank\" rel=\"noopener\">Link<\/a><\/td>\n<\/tr>\n<tr>\n<td>MO418L 4D55<\/td>\n<td>DVB-C\/T\/1xSatIF<\/td>\n<td>SC\/APC<\/td>\n<td>6dBm DFB 1550nm<\/td>\n<td>70-85dBuV<\/td>\n<td>47-2400MHz<\/td>\n<td><a href=\"http:\/\/www.terraelectronics.com\/Pub\/Temp\/mo418_mo428_en.pdf\" target=\"_blank\" rel=\"noopener\">Link<\/a><\/td>\n<\/tr>\n<tr>\n<td>MO428L 4D55<\/td>\n<td>DVB-C\/T\/1xSatIF<\/td>\n<td>SC\/APC<\/td>\n<td>2x6dBm DFB 1550nm<\/td>\n<td>70-85dBuV<\/td>\n<td>47-2400MHz<\/td>\n<td><a href=\"http:\/\/www.terraelectronics.com\/Pub\/Temp\/mo418_mo428_en.pdf\" target=\"_blank\" rel=\"noopener\">Link<\/a><\/td>\n<\/tr>\n<tr>\n<td>MO418 4F31<\/td>\n<td>DVB-C\/T\/1xSatIF<\/td>\n<td>SC\/APC<\/td>\n<td>6dBm FP 1310nm<\/td>\n<td>70-85dBuV<\/td>\n<td>47-2400MHz<\/td>\n<td><a href=\"http:\/\/www.terraelectronics.com\/Pub\/Temp\/mo418_mo428_en.pdf\" target=\"_blank\" rel=\"noopener\">Link<\/a><\/td>\n<\/tr>\n<\/tbody>\n<\/table>","protected":false},"excerpt":{"rendered":"<p>Wir sind offizieller Terra \u00d6sterreich Distributor! Terra Distributor Aktion -25% Rabatt: TERRA25&nbsp; (Gutschein im Warenkorb einl\u00f6sbar, ab einem Bestellwert von 650 \u20ac netto)&nbsp; Installationsdiagramme und Beispielschemas siehe Terra Katalog! Glasfaserverkabelung [&hellip;]<\/p>","protected":false},"featured_media":2073,"template":"","meta":{"powered_cache_disable_cache":false,"powered_cache_disable_lazyload":false,"powered_cache_disable_css_optimization":false},"product_cat":[42,159],"product_tag":[],"_links":{"self":[{"href":"https:\/\/satmedia.at\/en\/wp-json\/wp\/v2\/product\/2077"}],"collection":[{"href":"https:\/\/satmedia.at\/en\/wp-json\/wp\/v2\/product"}],"about":[{"href":"https:\/\/satmedia.at\/en\/wp-json\/wp\/v2\/types\/product"}],"wp:featuredmedia":[{"embeddable":true,"href":"https:\/\/satmedia.at\/en\/wp-json\/wp\/v2\/media\/2073"}],"wp:attachment":[{"href":"https:\/\/satmedia.at\/en\/wp-json\/wp\/v2\/media?parent=2077"}],"wp:term":[{"taxonomy":"product_cat","embeddable":true,"href":"https:\/\/satmedia.at\/en\/wp-json\/wp\/v2\/product_cat?post=2077"},{"taxonomy":"product_tag","embeddable":true,"href":"https:\/\/satmedia.at\/en\/wp-json\/wp\/v2\/product_tag?post=2077"}],"curies":[{"name":"wp","href":"https:\/\/api.w.org\/{rel}","templated":true}]}}