{"id":2098,"date":"2021-10-25T11:54:00","date_gmt":"2021-10-25T11:54:00","guid":{"rendered":"https:\/\/satmediawp.edv-kroiss.com\/produkt\/24-fach-unicable-multischalter-8-satelliten-set-inkl-lnbs\/"},"modified":"2025-04-24T14:27:10","modified_gmt":"2025-04-24T12:27:10","slug":"u-24-fach-unicable-multischalter-8-satelliten-set-inkl-lnbs","status":"publish","type":"product","link":"https:\/\/satmedia.at\/en\/product\/u-24-fach-unicable-multischalter-8-satelliten-set-inkl-lnbs\/","title":{"rendered":"24 fach Unicable-Multischalter (8 Satelliten SET inkl. LNBs)"},"content":{"rendered":"<p>Dieser Unicable Multischalter unterst\u00fctzt sowohl das Unicable I als auch das Unicable II Protokoll.<br \/>Somit k\u00f6nnen \u00fcber diesem Schalter bis zu 8 \u00e4ltere Sat Receiver (Unicable I) und 16 SAT-Receiver mit Unicable II Protokoll (fast alle Ger\u00e4te ab 2013) angeschlossen werden.<\/p>\n<p>Insgesamt somit 24 Receiver an nur einer Koax-Leitung. Ein 8-fach Splitter zur besseren Verteilung liegt unserem Angebot bei.<br \/>Nat\u00fcrlich k\u00f6nnen mit diesem Unicable System auch Mehrfach Tuner Receiver (Twin Tuner, 4-fach Tuner, Octo FBC Tuner) \u00fcber eine Koax Leitung betrieben werden. <\/p>\n<p>Dieses System erm\u00f6glicht den Empfang von 8 Satelliten mit nur 16 Koax Leitungen kommend von des SAT-Antenne.<br \/>Die 8 ben\u00f6tigten Wideband LNBs liegen dem Lieferumfang bei!<br \/>Die Unicable Schalter werden von uns f\u00fcr dieses 8 Sat-Set vorprogrammiert!<\/p>\n<p>Wichtig:<br \/>Zum Weiterschleifen der Koax-Leitung kann entweder eine  Unicable taugliche SAT-Dose mit DC-Durchlass oder ein Unicable  tauglicher SAT-Splitter verwendet werden.<br \/>Ein 8fach Splitter liegt unserem SET bereits bei.<\/p>\n<p>Scope of delivery:<br \/>4 x 24fach Unicable Multischalter inkl. Netzteil &#8211; Programmiert auf Unicable I\/II<br \/>8 x Wideband LNBs<br \/>1 x &nbsp;4-fach Unicable 2-wege Combiner<br \/>1 x 8-fach Splitter<br \/>5 x F-Verbindungskabel<\/p>","protected":false},"excerpt":{"rendered":"<p>Dieser Unicable Multischalter unterst\u00fctzt sowohl das Unicable I als auch das Unicable II Protokoll.Somit k\u00f6nnen \u00fcber diesem Schalter bis zu 8 \u00e4ltere Sat Receiver (Unicable I) und 16 SAT-Receiver mit [&hellip;]<\/p>","protected":false},"featured_media":2096,"template":"","meta":{"powered_cache_disable_cache":false,"powered_cache_disable_lazyload":false,"powered_cache_disable_css_optimization":false},"product_cat":[48,123,126],"product_tag":[],"_links":{"self":[{"href":"https:\/\/satmedia.at\/en\/wp-json\/wp\/v2\/product\/2098"}],"collection":[{"href":"https:\/\/satmedia.at\/en\/wp-json\/wp\/v2\/product"}],"about":[{"href":"https:\/\/satmedia.at\/en\/wp-json\/wp\/v2\/types\/product"}],"wp:featuredmedia":[{"embeddable":true,"href":"https:\/\/satmedia.at\/en\/wp-json\/wp\/v2\/media\/2096"}],"wp:attachment":[{"href":"https:\/\/satmedia.at\/en\/wp-json\/wp\/v2\/media?parent=2098"}],"wp:term":[{"taxonomy":"product_cat","embeddable":true,"href":"https:\/\/satmedia.at\/en\/wp-json\/wp\/v2\/product_cat?post=2098"},{"taxonomy":"product_tag","embeddable":true,"href":"https:\/\/satmedia.at\/en\/wp-json\/wp\/v2\/product_tag?post=2098"}],"curies":[{"name":"wp","href":"https:\/\/api.w.org\/{rel}","templated":true}]}}