{"id":2134,"date":"2022-07-18T13:34:14","date_gmt":"2022-07-18T13:34:14","guid":{"rendered":"https:\/\/satmediawp.edv-kroiss.com\/produkt\/hotel-sat-auf-kabel-kopfstation-set-4-4-ci-40-sender-inkl-hd\/"},"modified":"2025-01-23T11:30:09","modified_gmt":"2025-01-23T10:30:09","slug":"hotel-sat-auf-kabel-kopfstation-set-4-4-ci-40-sender-inkl-hd","status":"publish","type":"product","link":"https:\/\/satmedia.at\/en\/product\/hotel-sat-auf-kabel-kopfstation-set-4-4-ci-40-sender-inkl-hd\/","title":{"rendered":"Hotel Sat auf Kabel Kopfstation 4.4 CI (>40 Sender inkl. HD)"},"content":{"rendered":"<p>Lagernd und nach Bestelleingang innerhalb von 3-7 Werktagen fertig gestellt!<\/p>\n<p>Satmedia Komplettset f\u00fcr eine Hotel HD Kabelkopfstationen \/ Kabelkopfstelle mit \u00fcber 40 Sendern inkl. HD Programme. Dieses Set enth\u00e4lt 4 CI Schnittstellen f\u00fcr CA-Module!<br \/>\nUnsere Sets sind komplett ausgestattet inkl. aller ben\u00f6tigten Komponenten (wie Multischalter, Anschlusskabeln) und programmiert mit den HD-Kan\u00e4len der deutschen \u00f6ffentlich rechtlichen Fernsehsender.<br \/>\nLNB (Quattro bei Astra oder Wideband bei 2 Satelliten) am Eingang anschlie\u00dfen, das fertige DVB-C Signal liegt am Ausgang bereit zur Verteilung.<\/p>\n<p>Die Vorteile unserer Kopfstation kurz zusammengefasst:<\/p>\n<ul>\n<li>Komplett-Set &#8211; Auslieferung vorkonfiguriert inkl. aller notwendiger Komponenten &#8211; Individuelle Senderreihenfolge.<\/li>\n<li>Senderliste wird in Kopfstelle programmiert &#8211; TV-Ger\u00e4te \u00fcbernehmen die Senderliste beim Suchlauf.<\/li>\n<li>\u00c4nderungen der Senderliste werden im TV-Ger\u00e4t ohne Sendersuchlauf \u00fcbernommen (TV muss NIT unterst\u00fctzen. LG und Samsung getestet)<\/li>\n<li>Unbegrenzte Anzahl an TV-Ger\u00e4ten anschlie\u00dfbar &#8211; Kein Limit<\/li>\n<li>Programmierung \u00fcber Webinterface\/Netzwerk. Fernwartung \u00fcber Teamviewer m\u00f6glich.<\/li>\n<li>HD-Tauglich &#8211; Bereit f\u00fcr die SD Abschaltung von ARD\/ZDF\/Co<\/li>\n<li>Unbegrenzte Anzahl an TV-Ger\u00e4te anschlie\u00dfbar &#8211; Kein Limit<\/li>\n<li>Neue Dynamische Transponderverteilung &#8211; Keine Kabelumsteckung bei Transponderwechsel notwendig. Fernwartung dadurch \u00fcber zB. Teamviewer m\u00f6glich.<\/li>\n<li>Jederzeit erweiterbar auf \u00fcber 300 Sender<\/li>\n<li>Integrierbar in bestehende Kopfstelle<\/li>\n<li>Empfohlene Erweiterung: <a href=\"https:\/\/satmedia.at\/en\/product\/plugplay-fertig-aufgebaut-mit-19-schrank-erweiterung\/\">Lieferung fertig aufgebaut im 19&#8221; Schrank.<\/a><\/li>\n<li>Optional: Redundante Stromversorgung (Kein Ausfall bei einem Defekt des Netzteiles)<\/li>\n<li>Optional: Infokanal Einspielung \u00fcber Audio\/Video Input<\/li>\n<li>Optional: Optische \u00dcbertragung: Leitungsl\u00e4ngen von \u00fcber 10km m\u00f6glich<\/li>\n<li>Optional: ORF Tauglich (Siehe SET #2)<\/li>\n<\/ul>\n<p><b>Voraussetzungen:<\/b><\/p>\n<ul>\n<li>TV-Ger\u00e4t mit integriertem DVB-C HD Tuner (QAM 6900)<\/li>\n<li>F\u00fcr automatische Kanalsortierung TV-Ger\u00e4t mit NIT Funktion<\/li>\n<li>Astra Satelliten Antenne (Nur eine Koax-Leitung von Antenne zur Kopfstation ben\u00f6tigt)<\/li>\n<\/ul>\n<p><b>Liefer-\/Leistungsumfang<\/b><\/p>\n<ul>\n<li>Terra Kopfstation Komplett-Set<\/li>\n<li>Individuelle Programmierung inklusive!<\/li>\n<li>Ausmessung und Justierung aller DVB-C Kan\u00e4le!<\/li>\n<li>Modul Terra SDQ480<\/li>\n<li>Netzteil Terra SUP413<\/li>\n<li>Unicable Multischalter 2x16fach<\/li>\n<li>1 x Quattro Pro LNB f\u00fcr 1 Satellit oder 2 x WideBand-LNBs bei 2 Satelliten. Zuleitung jeweils immer nur 4 Koax-Kabel!<\/li>\n<li>Plug &amp; Play: Alle notwendigen Verbindungskabel\/Stecker\/Hutschiene<\/li>\n<li>Empfohlene Erweiterung: <a href=\"https:\/\/satmedia.at\/en\/product\/plugplay-fertig-aufgebaut-mit-19-schrank-erweiterung\/\">Lieferung fertig aufgebaut im 19&#8221; Schrank.<\/a><\/li>\n<\/ul>\n<p><b><br \/>\n<\/b><b>Montage<\/b><\/p>\n<ul>\n<li>Unsere Plug&amp;Play Kopfstation Sets sind so konfiguriert, dass der Anschluss und die Inbetriebnahme selbstst\u00e4ndig oder durch Ihren Haustechniker bzw. Hauselektriker durchgef\u00fchrt werden k\u00f6nnen.<br \/>\nWir bieten bei jeder Kopfstation gerne kostenlose telefonische Unterst\u00fctzung. Der Anschluss erfolgt meist innerhalb weniger Minuten.Sollten Sie einen Partner ben\u00f6tigen, finden Sie Ihren Montagepartner in Ihrem Bundesland in unserem<b> <a href=\"https:\/\/hotel-kopfstation.com\/haendler\/\" target=\"_blank\" rel=\"noopener\">Vertriebspartner Verzeichnis<\/a>.<br \/>\n<\/b><\/li>\n<\/ul>\n<p><b><br \/>\n<\/b><b>M\u00f6gliche Senderliste: <\/b><br \/>\n(individuell \u00e4nderbar)<\/p>\n<p>1\u00a0\u00a0\u00a0 Das Erste <b>HD<\/b><br \/>\n2\u00a0\u00a0\u00a0 ZDF <b>HD<\/b><br \/>\n3\u00a0\u00a0\u00a0 3sat <b>HD<\/b><br \/>\n4\u00a0\u00a0\u00a0 arte <b>HD<\/b><br \/>\n5\u00a0\u00a0\u00a0 SAT 1<br \/>\n6\u00a0\u00a0\u00a0 ProSieben<br \/>\n7\u00a0\u00a0\u00a0 Kabel eins<br \/>\n8\u00a0\u00a0\u00a0 RTL Television<br \/>\n9\u00a0\u00a0\u00a0 RTL2<br \/>\n10\u00a0\u00a0\u00a0 VOX<br \/>\n11\u00a0\u00a0\u00a0 RTLPlus<br \/>\n12\u00a0\u00a0\u00a0 NITRO<br \/>\n13\u00a0\u00a0\u00a0 Super RTL<br \/>\n14\u00a0\u00a0\u00a0 TOGGO plus<br \/>\n15\u00a0\u00a0\u00a0 KIKA <b>HD<\/b><br \/>\n16\u00a0\u00a0\u00a0 Disney Channel<br \/>\n17\u00a0\u00a0\u00a0 Nickelodeon<br \/>\n18\u00a0\u00a0\u00a0 Sat 1 Gold<br \/>\n19\u00a0\u00a0\u00a0 Pro7 Maxx<br \/>\n20\u00a0\u00a0\u00a0 kabel eins Doku<br \/>\n21\u00a0\u00a0\u00a0 N24 DOKU Austria<br \/>\n22\u00a0\u00a0\u00a0 DMAX Austria<br \/>\n23\u00a0\u00a0\u00a0 SIXX<br \/>\n24\u00a0\u00a0\u00a0 Welt<br \/>\n25\u00a0\u00a0\u00a0 n-tv<br \/>\n26\u00a0\u00a0\u00a0 ZDFinfo <b>HD<\/b><br \/>\n27\u00a0\u00a0\u00a0 zdf_neo <b>HD<\/b><br \/>\n28\u00a0\u00a0\u00a0 SWR Fernsehen BW <b>HD<\/b><br \/>\n29\u00a0\u00a0\u00a0 TLC<br \/>\n30\u00a0\u00a0\u00a0 Anixe SD<br \/>\n31\u00a0\u00a0\u00a0 France 24 ENG<br \/>\n32\u00a0\u00a0\u00a0 Russia Today<br \/>\n33\u00a0\u00a0\u00a0 CGTN Documentary<br \/>\n34\u00a0\u00a0\u00a0 CGTN<br \/>\n35\u00a0\u00a0\u00a0 TRT World <b>HD<\/b><br \/>\n36\u00a0\u00a0\u00a0 France 24 FRA<br \/>\n37\u00a0\u00a0\u00a0 CGTN F<br \/>\n38\u00a0\u00a0\u00a0 TV5MONDE EUROPE<br \/>\n39\u00a0\u00a0\u00a0 France 24 ARA<br \/>\n40\u00a0\u00a0\u00a0 Deluxe Music<br \/>\n41\u00a0\u00a0\u00a0 Comedy Central<\/p>\n<p>&nbsp;<\/p>","protected":false},"excerpt":{"rendered":"<p>Lagernd und nach Bestelleingang innerhalb von 3-7 Werktagen fertig gestellt! Satmedia Komplettset f\u00fcr eine Hotel HD Kabelkopfstationen \/ Kabelkopfstelle mit \u00fcber 40 Sendern inkl. HD Programme. Dieses Set enth\u00e4lt 4 [&hellip;]<\/p>","protected":false},"featured_media":2132,"template":"","meta":{"powered_cache_disable_cache":false,"powered_cache_disable_lazyload":false,"powered_cache_disable_css_optimization":false},"product_cat":[41,39],"product_tag":[],"_links":{"self":[{"href":"https:\/\/satmedia.at\/en\/wp-json\/wp\/v2\/product\/2134"}],"collection":[{"href":"https:\/\/satmedia.at\/en\/wp-json\/wp\/v2\/product"}],"about":[{"href":"https:\/\/satmedia.at\/en\/wp-json\/wp\/v2\/types\/product"}],"wp:featuredmedia":[{"embeddable":true,"href":"https:\/\/satmedia.at\/en\/wp-json\/wp\/v2\/media\/2132"}],"wp:attachment":[{"href":"https:\/\/satmedia.at\/en\/wp-json\/wp\/v2\/media?parent=2134"}],"wp:term":[{"taxonomy":"product_cat","embeddable":true,"href":"https:\/\/satmedia.at\/en\/wp-json\/wp\/v2\/product_cat?post=2134"},{"taxonomy":"product_tag","embeddable":true,"href":"https:\/\/satmedia.at\/en\/wp-json\/wp\/v2\/product_tag?post=2134"}],"curies":[{"name":"wp","href":"https:\/\/api.w.org\/{rel}","templated":true}]}}