{"id":3920,"date":"2024-05-22T09:50:02","date_gmt":"2024-05-22T07:50:02","guid":{"rendered":"https:\/\/streammedia.at\/?post_type=product&#038;p=3920"},"modified":"2024-05-23T11:53:58","modified_gmt":"2024-05-23T09:53:58","slug":"homatics-dongle-r-4k-simpli-free-joyn-streaming-stick-android-11-tv-dolby-chromecast","status":"publish","type":"product","link":"https:\/\/satmedia.at\/en\/product\/homatics-dongle-r-4k-simpli-free-joyn-streaming-stick-android-11-tv-dolby-chromecast\/","title":{"rendered":"Homatics Dongle R 4k Simpli Free Joyn Streaming Stick Android 11 TV Dolby Chromecast"},"content":{"rendered":"<p>Mit dem Homatics DONGLE R 4K wurde ein leistungsstarker Smart-TV-Stick auf den Markt gebracht, der mit seinem kompakten Design aus einem normalen Fernseher einen Smart-TV macht. Genie\u00dfen Sie ein ultrahochaufl\u00f6sendes, lebensechtes Seherlebnis. Mit dem integrierten Chromecast k\u00f6nnen Sie Ihre Lieblingsfilme, Musik und mehr ganz einfach auf Ihren Fernseher \u00fcbertragen. Dazu erhalten Sie eine Fernbedienung mit Sprachsteuerung, sodass Ihr Fernsehabend so angenehm wie m\u00f6glich ist.<\/p>\n<p><strong>Features<\/strong><br \/>\n&#8211; Android TV 11<br \/>\n&#8211; HDR, Dolby Audio<br \/>\n&#8211; 4K Ultra HD Aufl\u00f6sung<br \/>\n&#8211; integrierte Dual-WiFi (2.4\/5G)<br \/>\n&#8211; Sprachfernbedienung mit Google<br \/>\n&#8211; Google-zertifizierter Media Player<br \/>\n&#8211; Google Assistant und Chromecast integrier<br \/>\n&#8211; Netflix, Youtube, Prime Video, Google Play, HBO Apps (jeweilige Abo notwendig)<\/p>\n<p>Vereinfachen Sie Ihr Entertainment-Erlebnis mit Android TV. Greifen Sie an einem Ort auf \u00fcber 700.000 Filme und Serien zu. Das Ger\u00e4t verf\u00fcgt \u00fcber die neueste 4K HDR-Technologie und Hochgeschwindigkeits-4K-Verarbeitung f\u00fcr die Wiedergabe mit bis zu 60 Bildern pro Sekunde.<\/p>\n<p><strong>Android-zertifiziertes Betriebssystem<\/strong><br \/>\nGenie\u00dfen Sie beeindruckende Bilder mit 4K-Aufl\u00f6sung. Der neue Standard in Sachen Bildqualit\u00e4t bietet im Vergleich zu herk\u00f6mmlichem Full HD eine fast viermal h\u00f6here Aufl\u00f6sung von 3.840 x 2.160 Pixeln. Erleben Sie noch sch\u00e4rfere und detailreichere Bilder, einen erh\u00f6hten Dynamikumfang und somit ein noch naturgetreueres Abbild der Realit\u00e4t.<\/p>\n<p><strong>Google Voice Assistant<\/strong><br \/>\nIm Ger\u00e4t enthalten ist der Google Voice Assistant, YouTube, Netflix, Google Play Store und Prime Video sowie der Chromecast. Das Ger\u00e4t unterst\u00fctzt die g\u00e4ngigsten Apps und die Fernbedienung hat ein integriertes Mikrofon f\u00fcr den Google Voice Assistant.<\/p>\n<p><strong>Spiele am Fernseher spielen<\/strong><br \/>\nSie k\u00f6nnen eine Reihe von Spielen aus dem Google Play Store herunterladen, die Sie \u00fcber das Homatics-Ger\u00e4t direkt auf Ihrem Fernseher spielen k\u00f6nnen. Sie k\u00f6nnen aus verschiedenen Genres wie Action, Rennen, Plattform, Sport, Kampf und Multiplayer-Spielen ausw\u00e4hlen. F\u00fcr mehr Komfort beim Spielen k\u00f6nnen Sie beispielsweise auch den Xbox Wireless Controller verwenden, der sich einfach und schnell via Bluetooth verbinden l\u00e4sst.<\/p>\n<p><strong>Viele Funktionen und kompakte Abmessungen<\/strong><br \/>\nDank seiner kompakten Abmessungen k\u00f6nnen Sie Homatics DONGLE Q \u00fcberall hin mitnehmen. Ob Gesch\u00e4ftsreise, Urlaub oder bei Freunden, mit diesem kleinen Ger\u00e4t haben Sie immer Ihre Lieblingsfilme, Musik und Spiele dabei. Die integrierte Chromecast-Funktion sorgt daf\u00fcr, dass Sie Ihr Smartphone einfach und drahtlos mit Ihrem Fernseher verbinden k\u00f6nnen. Diese Funktion kann Inhalte von fast jedem Smartphone, Tablet oder Laptop spiegeln.<\/p>\n<p><strong>Technische Daten<\/strong><br \/>\n&#8211; Betriebssystem: Android 11<br \/>\n&#8211; GPU: ARM Mali-G31 MP2<br \/>\n&#8211; CPU: Amlogic S905Y4 (ARM Cortex-A35)<br \/>\n&#8211; RAM: 2 GB DDR4 &amp; Speicher: 8 GB eMMC<br \/>\n&#8211; Zertifizierungen: Google-zertifiziertes Android TV\u0099, Netflix, Amazon Prime Video (jeweilige Abo notwendig)<br \/>\n&#8211; 16.500 DMIPS<\/p>\n<p><strong>Dekodierung<\/strong><br \/>\n&#8211; Audio-Decoder: DOLBY, MP3, AAC, WMA, RM, FLAC, Ogg and programmable with 7.1\/5.1 down-mixing<br \/>\n&#8211; Bilddecoder: JPG, BMP, GIF, PNG<br \/>\n&#8211; Audioformat: MP3, AAC, FLAC, OGG<br \/>\n&#8211; DRM: Widevine L1, L3, MS PlayReady<br \/>\n&#8211; Videoformat: mkv, wmv, mpg, mpeg, dat, avi, mov, iso, mp4, rm, jpg, bmp, gif<br \/>\n&#8211; Ausgangsaufl\u00f6sung: 480i\/p, 576i\/p, 720p, 1080i\/p, 2K, 4K UHD<br \/>\n&#8211; Videodecoder: VP9-10, H.265, H.264, VC-1, MPEG1\/2\/4, Real8\/9\/10<\/p>\n<p><strong>Anschl\u00fcsse &amp; Konnektivit\u00e4t<\/strong><br \/>\n1x HDMI 2.1<br \/>\n1x Bluetooth 4.2<br \/>\n1x Dual-WiFi (2.4\/5G AC)<br \/>\n1x DC 5V<\/p>\n<p><strong>Lieferumfang<\/strong><br \/>\n1x Homatics Dongle R Android TV<br \/>\n1x Sprachfernbedienung<br \/>\n2x AAA-Batterien<br \/>\n1x Kurzanleitung<br \/>\n1x Netzteil<br \/>\n1x Stromkabel<\/p>","protected":false},"excerpt":{"rendered":"<p>Mit dem Homatics DONGLE R 4K wurde ein leistungsstarker Smart-TV-Stick auf den Markt gebracht, der mit seinem kompakten Design aus einem normalen Fernseher einen Smart-TV macht. Genie\u00dfen Sie ein ultrahochaufl\u00f6sendes, [&hellip;]<\/p>","protected":false},"featured_media":3921,"template":"","meta":{"powered_cache_disable_cache":false,"powered_cache_disable_lazyload":false,"powered_cache_disable_css_optimization":false},"product_cat":[44,68,71,67],"product_tag":[],"_links":{"self":[{"href":"https:\/\/satmedia.at\/en\/wp-json\/wp\/v2\/product\/3920"}],"collection":[{"href":"https:\/\/satmedia.at\/en\/wp-json\/wp\/v2\/product"}],"about":[{"href":"https:\/\/satmedia.at\/en\/wp-json\/wp\/v2\/types\/product"}],"wp:featuredmedia":[{"embeddable":true,"href":"https:\/\/satmedia.at\/en\/wp-json\/wp\/v2\/media\/3921"}],"wp:attachment":[{"href":"https:\/\/satmedia.at\/en\/wp-json\/wp\/v2\/media?parent=3920"}],"wp:term":[{"taxonomy":"product_cat","embeddable":true,"href":"https:\/\/satmedia.at\/en\/wp-json\/wp\/v2\/product_cat?post=3920"},{"taxonomy":"product_tag","embeddable":true,"href":"https:\/\/satmedia.at\/en\/wp-json\/wp\/v2\/product_tag?post=3920"}],"curies":[{"name":"wp","href":"https:\/\/api.w.org\/{rel}","templated":true}]}}