{"id":4034,"date":"2024-05-28T10:27:19","date_gmt":"2024-05-28T08:27:19","guid":{"rendered":"https:\/\/satmedia.at\/?post_type=product&#038;p=4034"},"modified":"2024-06-06T14:08:12","modified_gmt":"2024-06-06T12:08:12","slug":"lg-50ur781c-127cm-smart-wifi-hotel-tv","status":"publish","type":"product","link":"https:\/\/satmedia.at\/en\/product\/lg-50ur781c-127cm-smart-wifi-hotel-tv\/","title":{"rendered":"LG 50UR781C 127cm Smart Wifi Hotel TV"},"content":{"rendered":"<p><b>Lieferzeit: 2-4 Werktage.<\/b><\/p>\n<p><b>HotelTV mit Wifi Smart Screen Share. G\u00e4ste k\u00f6nnen den Inhalt von Smartphones, Tablets oder Notebooks am TV teilen!<\/b><\/p>\n<p>BILDSCHIRM<\/p>\n<p>Bildschirmdiagonale: 127 cm (50&#8243;)<br \/>\n4K Ultra HD<br \/>\nLED-Hintergrundbeleuchtung: Direct-LED<br \/>\nHelligkeit: 300 cd\/m\u00b2<br \/>\nWiederholfrequenz: 60 Hz<br \/>\nDisplay-Aufl\u00f6sung: 3840 x 2160 Pixel<\/p>\n<p>SMART TV Web OS 23<br \/>\nSmart-Modi: Filmemacher, Spiel, lebendig, Standard<\/p>\n<p>AUDIO<br \/>\nAnzahl der Lautsprecher: 2<br \/>\nAudio Kan\u00e4le: 2.0 Kan\u00e4le<br \/>\nRMS-Leistung: 10 W<\/p>\n<p>NETZWERK<br \/>\nWLAN-Standards Wi-Fi 5 (802.11ac)<br \/>\nBluetooth-Version 5.0<br \/>\nEthernet\/LAN<\/p>\n<p>LEISTUNGEN<br \/>\nBildverarbeitungsverfahren<br \/>\nLG AI Picture<br \/>\nHigh Dynamic Range Video (HDR) Unterst\u00fctzung<br \/>\n4K Ultra HD Hochskalierung<br \/>\nVideo Hochskalierung<\/p>\n<p>ANSCHL\u00dcSSE UND SCHNITTSTELLEN<br \/>\nHDMI-Version 2.1<br \/>\nAudio Return Channel (ARC)<br \/>\nAnzahl Ethernet-LAN-Anschl\u00fcsse (RJ-45) Anzahl 1<br \/>\nAnzahl USB 2.0 Anschl\u00fcsse 1<br \/>\nAnzahl RF Anschl\u00fcsse 1<br \/>\nCommon interface (CI)<br \/>\nAnzahl HDMI-Anschl\u00fcsse 3<\/p>\n<p>MANAGEMENT-FUNKTIONEN<br \/>\nHotelmodus<\/p>\n<p>ENERGIE<br \/>\nEnergieeffizienzklasse (SDR) F<br \/>\nEnergieeffizienzklasse (HDR) G<br \/>\nEnergieverbrauch (SDR) pro 1.000 Stunden 65 kWh<br \/>\nEnergieverbrauch (HDR) pro 1.000 Stunden 129 kWh<br \/>\nStromverbrauch (Sleep-Modus) 0,5 W<br \/>\nAC Eingangsspannung 100 &#8211; 240 V \/50-60Hz<br \/>\nEnergieeffizienzskala A bis G<\/p>\n<p>GEWICHT UND ABMESSUNGEN<br \/>\nGer\u00e4tebreite (inkl. Fu\u00df) 1121 mm<br \/>\nGer\u00e4tetiefe (inkl. Fu\u00df) 57,1 mm<br \/>\nGer\u00e4teh\u00f6he (inkl. Fu\u00df) 651 mm<br \/>\nGewicht (mit St\u00e4nder) 11,8 kg<br \/>\nBreite (ohne Standfu\u00df) 1121 mm<br \/>\nTiefe (ohne Standfu\u00df) 57,1 mm<br \/>\nH\u00f6he (ohne Standfu\u00df) 651 mm<br \/>\nGewicht (ohne St\u00e4nder) 11,7 kg<br \/>\nBreite der Standhalterung 80,4 cm<br \/>\nTiefe der Standhalterung 20 cm<\/p>\n<p>VERPACKUNGSDATEN<br \/>\nVerpackungsbreite\u00a0 1215 mm<br \/>\nVerpackungstiefe\u00a0 152 mm<br \/>\nVerpackungsh\u00f6he\u00a0 775 mm<br \/>\nPaketgewicht\u00a0 14,5 kg<br \/>\nVerpackungsart\u00a0 Box<\/p>\n<p>LIEFERUMFANG<br \/>\nDesktop-St\u00e4nder Ja<br \/>\nMitgelieferte Kabel AC<br \/>\nFernbedienung enthalten<\/p>","protected":false},"excerpt":{"rendered":"<p>Lieferzeit: 2-4 Werktage. HotelTV mit Wifi Smart Screen Share. G\u00e4ste k\u00f6nnen den Inhalt von Smartphones, Tablets oder Notebooks am TV teilen! BILDSCHIRM Bildschirmdiagonale: 127 cm (50&#8243;) 4K Ultra HD LED-Hintergrundbeleuchtung: [&hellip;]<\/p>","protected":false},"featured_media":4042,"template":"","meta":{"powered_cache_disable_cache":false,"powered_cache_disable_lazyload":false,"powered_cache_disable_css_optimization":false},"product_cat":[41,74,51,270],"product_tag":[],"_links":{"self":[{"href":"https:\/\/satmedia.at\/en\/wp-json\/wp\/v2\/product\/4034"}],"collection":[{"href":"https:\/\/satmedia.at\/en\/wp-json\/wp\/v2\/product"}],"about":[{"href":"https:\/\/satmedia.at\/en\/wp-json\/wp\/v2\/types\/product"}],"wp:featuredmedia":[{"embeddable":true,"href":"https:\/\/satmedia.at\/en\/wp-json\/wp\/v2\/media\/4042"}],"wp:attachment":[{"href":"https:\/\/satmedia.at\/en\/wp-json\/wp\/v2\/media?parent=4034"}],"wp:term":[{"taxonomy":"product_cat","embeddable":true,"href":"https:\/\/satmedia.at\/en\/wp-json\/wp\/v2\/product_cat?post=4034"},{"taxonomy":"product_tag","embeddable":true,"href":"https:\/\/satmedia.at\/en\/wp-json\/wp\/v2\/product_tag?post=4034"}],"curies":[{"name":"wp","href":"https:\/\/api.w.org\/{rel}","templated":true}]}}