{"id":4126,"date":"2024-06-05T11:42:51","date_gmt":"2024-06-05T09:42:51","guid":{"rendered":"https:\/\/satmedia.at\/?post_type=product&#038;p=4126"},"modified":"2024-06-05T11:49:49","modified_gmt":"2024-06-05T09:49:49","slug":"quad-lnb-megasat-multifeed-23mm-40mm-01db-1","status":"publish","type":"product","link":"https:\/\/satmedia.at\/en\/product\/quad-lnb-megasat-multifeed-23mm-40mm-01db-1\/","title":{"rendered":"Quad LNB Megasat Multifeed 23mm \/ 40mm 0,1db"},"content":{"rendered":"<p>Nicht mehr lieferbar &#8211; 23mm LNB Alternative Quattro LNB mit stromlosen Multischalter 5\/8 im Aktionspaket lieberbar!<br \/>\nSiehe:\u00a0<a href=\"https:\/\/satmedia.at\/en\/product\/quad-lnb-megasat-multifeed-23mm-40mm-01db\/\">https:\/\/satmedia.at\/produkt\/quad-lnb-megasat-multifeed-23mm-40mm-01db\/<\/a><\/p>\n<p>&nbsp;<\/p>\n<p>Megasat Multifeed LNB-Serie &#8211; das schmalste Universal Quattroswitch\/Quad LNB mit 23mm und 40mm (Distanzring inklusive) Feedaufnahme auf dem Markt.<\/p>\n<p>Optimal geeignet f\u00fcr alte 23mm Anlagen und alle Multifeed-Anlagen &#8211; LNB Abstand unter 3\u00b0 m\u00f6glich! (zB Astra, Eutelsat 16\u00b0, Hotbird)<\/p>\n<p>Witterungsbest\u00e4ndiges LNB dank vollst\u00e4ndigem HARTPLASTIK Geh\u00e4use!<br \/>\nLNB ist geeignet f\u00fcr DVB-S2 UHD\/FULL HDTV.<br \/>\nF\u00fcr den direkten Anschlu\u00df von 4 digitalen Sat und HD\/UHD Receivern!<\/p>","protected":false},"excerpt":{"rendered":"<p>Nicht mehr lieferbar &#8211; 23mm LNB Alternative Quattro LNB mit stromlosen Multischalter 5\/8 im Aktionspaket lieberbar! Siehe:\u00a0https:\/\/satmedia.at\/produkt\/quad-lnb-megasat-multifeed-23mm-40mm-01db\/ &nbsp; Megasat Multifeed LNB-Serie &#8211; das schmalste Universal Quattroswitch\/Quad LNB mit 23mm und [&hellip;]<\/p>","protected":false},"featured_media":919,"template":"","meta":{"powered_cache_disable_cache":false,"powered_cache_disable_lazyload":false,"powered_cache_disable_css_optimization":false},"product_cat":[47,106],"product_tag":[],"_links":{"self":[{"href":"https:\/\/satmedia.at\/en\/wp-json\/wp\/v2\/product\/4126"}],"collection":[{"href":"https:\/\/satmedia.at\/en\/wp-json\/wp\/v2\/product"}],"about":[{"href":"https:\/\/satmedia.at\/en\/wp-json\/wp\/v2\/types\/product"}],"wp:featuredmedia":[{"embeddable":true,"href":"https:\/\/satmedia.at\/en\/wp-json\/wp\/v2\/media\/919"}],"wp:attachment":[{"href":"https:\/\/satmedia.at\/en\/wp-json\/wp\/v2\/media?parent=4126"}],"wp:term":[{"taxonomy":"product_cat","embeddable":true,"href":"https:\/\/satmedia.at\/en\/wp-json\/wp\/v2\/product_cat?post=4126"},{"taxonomy":"product_tag","embeddable":true,"href":"https:\/\/satmedia.at\/en\/wp-json\/wp\/v2\/product_tag?post=4126"}],"curies":[{"name":"wp","href":"https:\/\/api.w.org\/{rel}","templated":true}]}}