{"id":4148,"date":"2024-06-05T16:02:26","date_gmt":"2024-06-05T14:02:26","guid":{"rendered":"https:\/\/satmedia.at\/?post_type=product&#038;p=4148"},"modified":"2024-07-01T00:00:02","modified_gmt":"2024-06-30T22:00:02","slug":"lg-55-qned866re-smart-tv","status":"publish","type":"product","link":"https:\/\/satmedia.at\/en\/product\/lg-55-qned866re-smart-tv\/","title":{"rendered":"LG 55 QNED866RE Quantum Dot Smart TV"},"content":{"rendered":"<div class=\"columns-general product-bottom-info\">\n<div class=\"column\">\n<div class=\"tab-control components-tab ui-tabs ui-widget ui-widget-content ui-corner-all\">\n<div id=\"description\" class=\"ui-tabs-panel ui-widget-content ui-corner-bottom\" role=\"tabpanel\" aria-labelledby=\"ui-id-2\" aria-hidden=\"false\">\n<div class=\"description\">\n<p>Dank Quantum Dot NanoCell Plus-Technologie begeistert der LG QNED MiniLED TV QNED86 mit farbechten, akkuraten Farben auf seinem Bildschirm, der durch die integrierte Mini-LED-Hintergrundbeleuchtung mit Precision Dimming-Technologie optimal ausgeleuchtet wird. Der \u03b17 Gen6 4K AI-Prozessor und Dolby Vision\u2122 verwandeln Ihre Inhalte zudem in noch kontrastreichere und detailreichere Bilder, die Sie zusammen mit dem intensiven Dolby Atmos\u00ae Sound begeistern werden.<\/p>\n<div>4K Quantum Dot NanoCell Plus-Display mit Mini-LED-Backlight und Precision Dimming f\u00fcr reinste Farben<\/div>\n<div>\u03b17 Gen6 4K AI-Prozessor mit AI Sound Pro, AI Picture Pro, AI Brightness Control und 4K AI Super Upscaling<\/div>\n<div>Filmmaker Mode, Dolby Vision und Dolby Atmos<\/div>\n<div>HDR-Unterst\u00fctzung mit HDR10 Pro &amp; HLG<\/div>\n<div>2.2 Soundsystem, WOW Orchestra &amp; WOW Interface kompatibel<\/div>\n<div>WebOS 23 mit LG ThinQ, Amazon Alexa integriert, Kompatibel zu Apple AirPlay 2 und Apple HomeKit<\/div>\n<div>Unterst\u00fctzt AMD FreeSync f\u00fcr fl\u00fcssiges Gameplay ohne Tearing &amp; HGiG f\u00fcr \u00fcberzeugende HDR-Darstellung<\/div>\n<div>Home Dashboard f\u00fcr komfortable Bedienung aller angeschlossenen Ger\u00e4te<\/div>\n<div>Single Triple Tuner (DVB-T2\/-C2\/-S2), 4x HDMI (4K 120Hz, eARC, VRR, ALLM, QMS), 2x USB, CI+ Slot, Digitaler Audio-Ausgang (optisch), LAN, WiFi 5 (802.11ac) integriert<\/div>\n<\/div>\n<\/div>\n<\/div>\n<\/div>\n<\/div>\n<div class=\"column\"><\/div>\n<div>\n<table class=\"gvi gvi-name-value font-name-value\">\n<tbody>\n<tr>\n<td class=\"font-h4\" colspan=\"2\">BILD-EIGENSCHAFTEN<\/td>\n<\/tr>\n<tr>\n<td class=\"name\">Bilddiagonale (cm)<\/td>\n<td class=\"value\">139<\/td>\n<\/tr>\n<tr>\n<td class=\"name\">Bilddiagonale (Zoll)<\/td>\n<td class=\"value\">55<\/td>\n<\/tr>\n<tr>\n<td class=\"name\">16:9 Format<\/td>\n<td class=\"value\">JA<\/td>\n<\/tr>\n<tr>\n<td class=\"name\">Anzahl Pixel, horizontal<\/td>\n<td class=\"value\">3840<\/td>\n<\/tr>\n<tr>\n<td class=\"name\">Anzahl Pixel, vertikal<\/td>\n<td class=\"value\">2160<\/td>\n<\/tr>\n<tr>\n<td class=\"name\">Dolby Vision<\/td>\n<td class=\"value\">JA<\/td>\n<\/tr>\n<tr>\n<td class=\"name\">HDR-Wiedergabe<\/td>\n<td class=\"value\">JA<\/td>\n<\/tr>\n<tr>\n<td class=\"name\">Quantum Dot Technik<\/td>\n<td class=\"value\">JA<\/td>\n<\/tr>\n<tr>\n<td class=\"name\">4K Signalkonvertierung<\/td>\n<td class=\"value\">JA<\/td>\n<\/tr>\n<tr>\n<td class=\"name\">120 Hz Technik<\/td>\n<td class=\"value\">JA<\/td>\n<\/tr>\n<tr>\n<td class=\"name\">Spiele-Schaltung<\/td>\n<td class=\"value\">JA<\/td>\n<\/tr>\n<tr>\n<td class=\"name\">Raumlichtanpassung<\/td>\n<td class=\"value\">automatische Raumlichtanpassung<\/td>\n<\/tr>\n<tr>\n<td class=\"name\">LED-Hintergrundbeleuchtung<\/td>\n<td class=\"value\">Mini-LED-Hintergrundbeleuchtung<\/td>\n<\/tr>\n<tr>\n<td class=\"font-h4\" colspan=\"2\">ELEKTRONIK-EIGENSCHAFTEN<\/td>\n<\/tr>\n<tr>\n<td class=\"name\">Ultra HD<\/td>\n<td class=\"value\">JA<\/td>\n<\/tr>\n<tr>\n<td class=\"name\">Auto Low Latency Mode (ALLM)<\/td>\n<td class=\"value\">JA<\/td>\n<\/tr>\n<tr>\n<td class=\"name\">FreeSync<\/td>\n<td class=\"value\">JA<\/td>\n<\/tr>\n<tr>\n<td class=\"name\">Sprachsteuerung<\/td>\n<td class=\"value\">JA<\/td>\n<\/tr>\n<tr>\n<td class=\"name\">Bildschirmanzeigen (OSD)<\/td>\n<td class=\"value\">JA<\/td>\n<\/tr>\n<tr>\n<td class=\"name\">mehrsprachiges Men\u00fc<\/td>\n<td class=\"value\">JA<\/td>\n<\/tr>\n<tr>\n<td class=\"name\">elek. men\u00fcgest. TV-Programmf\u00fchrung (EPG)<\/td>\n<td class=\"value\">JA<\/td>\n<\/tr>\n<tr>\n<td class=\"name\">Idealwert-Funktion Bild\/Ton<\/td>\n<td class=\"value\">JA<\/td>\n<\/tr>\n<tr>\n<td class=\"name\">USB-Aufnahmefunktion<\/td>\n<td class=\"value\">JA<\/td>\n<\/tr>\n<tr>\n<td class=\"name\">Medienwiedergabe \u00fcber USB<\/td>\n<td class=\"value\">JA<\/td>\n<\/tr>\n<tr>\n<td class=\"name\">Netzwerkf\u00e4hig<\/td>\n<td class=\"value\">JA<\/td>\n<\/tr>\n<tr>\n<td class=\"font-h4\" colspan=\"2\">VIDEO-TEIL<\/td>\n<\/tr>\n<tr>\n<td class=\"name\">zeitversetzte Wiedergabe<\/td>\n<td class=\"value\">JA<\/td>\n<\/tr>\n<tr>\n<td class=\"font-h4\" colspan=\"2\">SMART TV AUSSTATTUNG<\/td>\n<\/tr>\n<tr>\n<td class=\"name\">Amazon Prime Video<\/td>\n<td class=\"value\">JA<\/td>\n<\/tr>\n<tr>\n<td class=\"name\">Netflix<\/td>\n<td class=\"value\">JA<\/td>\n<\/tr>\n<tr>\n<td class=\"name\">Amazon Alexa kompatibel<\/td>\n<td class=\"value\">JA<\/td>\n<\/tr>\n<tr>\n<td class=\"name\">Google Assistant kompatibel<\/td>\n<td class=\"value\">JA<\/td>\n<\/tr>\n<tr>\n<td class=\"name\">HbbTV<\/td>\n<td class=\"value\">JA<\/td>\n<\/tr>\n<tr>\n<td class=\"name\">Online Apps erh\u00e4ltlich<\/td>\n<td class=\"value\">JA<\/td>\n<\/tr>\n<tr>\n<td class=\"name\">Online Videodienste abrufbar<\/td>\n<td class=\"value\">JA<\/td>\n<\/tr>\n<tr>\n<td class=\"name\">steuerbar \u00fcber Smartphone\/Tablet<\/td>\n<td class=\"value\">JA<\/td>\n<\/tr>\n<tr>\n<td class=\"name\">Smartp.-\/Tabl. Inhalte kabellos streamen<\/td>\n<td class=\"value\">JA<\/td>\n<\/tr>\n<tr>\n<td class=\"font-h4\" colspan=\"2\">DOLBY-PROLOGIC-DEKODER<\/td>\n<\/tr>\n<tr>\n<td class=\"name\">Dolby Atmos<\/td>\n<td class=\"value\">JA<\/td>\n<\/tr>\n<tr>\n<td class=\"font-h4\" colspan=\"2\">TON-EIGENSCHAFTEN<\/td>\n<\/tr>\n<tr>\n<td class=\"name\">verdeckte Lautsprecher<\/td>\n<td class=\"value\">JA<\/td>\n<\/tr>\n<tr>\n<td class=\"name\">Lautsprecher-System<\/td>\n<td class=\"value\">Breitband-Lautsprecher<\/td>\n<\/tr>\n<tr>\n<td class=\"name\">integrierter Bass\/Subwoofer<\/td>\n<td class=\"value\">JA<\/td>\n<\/tr>\n<tr>\n<td class=\"name\">Musikleistung (W), gesamt<\/td>\n<td class=\"value\">40<\/td>\n<\/tr>\n<tr>\n<td class=\"font-h4\" colspan=\"2\">EMPFANGSEIGENSCHAFTEN<\/td>\n<\/tr>\n<tr>\n<td class=\"name\">UHDTV-Empfang<\/td>\n<td class=\"value\">JA<\/td>\n<\/tr>\n<tr>\n<td class=\"name\">DVB-T2<\/td>\n<td class=\"value\">JA<\/td>\n<\/tr>\n<tr>\n<td class=\"name\">DVB-S2<\/td>\n<td class=\"value\">JA<\/td>\n<\/tr>\n<tr>\n<td class=\"name\">DVB-C<\/td>\n<td class=\"value\">JA<\/td>\n<\/tr>\n<tr>\n<td class=\"name\">analoger Kabelempfang<\/td>\n<td class=\"value\">JA<\/td>\n<\/tr>\n<tr>\n<td class=\"font-h4\" colspan=\"2\">WIEDERGABE-STANDARDS<\/td>\n<\/tr>\n<tr>\n<td class=\"name\">H.264 kompatibel<\/td>\n<td class=\"value\">JA<\/td>\n<\/tr>\n<tr>\n<td class=\"name\">H.265 kompatibel (HEVC)<\/td>\n<td class=\"value\">JA<\/td>\n<\/tr>\n<tr>\n<td class=\"font-h4\" colspan=\"2\">ANSCHL\u00dcSSE<\/td>\n<\/tr>\n<tr>\n<td class=\"name\">Digital-Optisch (OUT), Audio<\/td>\n<td class=\"value\">JA<\/td>\n<\/tr>\n<tr>\n<td class=\"name\">Common-Interface (CI+)<\/td>\n<td class=\"value\">JA<\/td>\n<\/tr>\n<tr>\n<td class=\"name\">Anzahl Common-Interface (CI+)<\/td>\n<td class=\"value\">1<\/td>\n<\/tr>\n<tr>\n<td class=\"name\">Anzahl HDMI-Schnittstellen (IN)<\/td>\n<td class=\"value\">4<\/td>\n<\/tr>\n<tr>\n<td class=\"name\">eARC (Enhanced Audio Return Channel)<\/td>\n<td class=\"value\">JA<\/td>\n<\/tr>\n<tr>\n<td class=\"name\">Anzahl USB-Schnittstellen<\/td>\n<td class=\"value\">2<\/td>\n<\/tr>\n<tr>\n<td class=\"name\">WLAN Ausstattung<\/td>\n<td class=\"value\">WLAN integriert<\/td>\n<\/tr>\n<tr>\n<td class=\"name\">Ethernet LAN<\/td>\n<td class=\"value\">JA<\/td>\n<\/tr>\n<tr>\n<td class=\"font-h4\" colspan=\"2\">LEISTUNGSAUFNAHME<\/td>\n<\/tr>\n<tr>\n<td class=\"name\">Angabe gem. EU-Verordnung 2019\/2013<\/td>\n<td class=\"value\">JA<\/td>\n<\/tr>\n<tr>\n<td class=\"name\">Energieeffizienzklasse<\/td>\n<td class=\"value\">Energieeffizienzklasse E<\/td>\n<\/tr>\n<tr>\n<td class=\"name\">Energieeffizienzspektrum<\/td>\n<td class=\"value\">Spektrum [A bis G]<\/td>\n<\/tr>\n<tr>\n<td class=\"name\">Energieeffizienzklasse HDR-Wiedergabe<\/td>\n<td class=\"value\">Energieeffizienzklasse HDR-Wiedergabe G<\/td>\n<\/tr>\n<tr>\n<td class=\"name\">min. Netzspannung (V)<\/td>\n<td class=\"value\">100<\/td>\n<\/tr>\n<tr>\n<td class=\"name\">max. Netzspannung (V)<\/td>\n<td class=\"value\">240<\/td>\n<\/tr>\n<tr>\n<td class=\"name\">Leistungsaufnahme, Stand-By (W)<\/td>\n<td class=\"value\">0,5<\/td>\n<\/tr>\n<tr>\n<td class=\"name\">Energieverbrauch (kWh\/1000h)<\/td>\n<td class=\"value\">64<\/td>\n<\/tr>\n<tr>\n<td class=\"name\">Energieverbr. HDR-Wiedergabe (kWh\/1000h)<\/td>\n<td class=\"value\">130<\/td>\n<\/tr>\n<tr>\n<td class=\"name\">\u00d6ko-Schalter\/Stromsparschaltung<\/td>\n<td class=\"value\">JA<\/td>\n<\/tr>\n<tr>\n<td class=\"font-h4\" colspan=\"2\">GEH\u00c4USE-EIGENSCHAFTEN<\/td>\n<\/tr>\n<tr>\n<td class=\"name\">Breite (cm)<\/td>\n<td class=\"value\">123,3<\/td>\n<\/tr>\n<tr>\n<td class=\"name\">H\u00f6he (cm)<\/td>\n<td class=\"value\">78,4<\/td>\n<\/tr>\n<tr>\n<td class=\"name\">Tiefe (cm)<\/td>\n<td class=\"value\">26<\/td>\n<\/tr>\n<tr>\n<td class=\"name\">Gewicht (kg)<\/td>\n<td class=\"value\">23,7<\/td>\n<\/tr>\n<tr>\n<td class=\"name\">Breite ohne Standfu\u00df (cm)<\/td>\n<td class=\"value\">123,3<\/td>\n<\/tr>\n<tr>\n<td class=\"name\">H\u00f6he ohne Standfu\u00df (cm)<\/td>\n<td class=\"value\">71,6<\/td>\n<\/tr>\n<tr>\n<td class=\"name\">Tiefe ohne Standfu\u00df (cm)<\/td>\n<td class=\"value\">4,55<\/td>\n<\/tr>\n<tr>\n<td class=\"name\">Gewicht ohne Standfu\u00df (kg)<\/td>\n<td class=\"value\">20<\/td>\n<\/tr>\n<tr>\n<td class=\"name\">Wandmontage m\u00f6glich<\/td>\n<td class=\"value\">JA<\/td>\n<\/tr>\n<tr>\n<td class=\"name\">VESA kompatibel<\/td>\n<td class=\"value\">JA<\/td>\n<\/tr>\n<tr>\n<td class=\"name\">Befestigungsl\u00f6cher (H):<\/td>\n<td class=\"value\">300<\/td>\n<\/tr>\n<tr>\n<td class=\"name\">Befestigungsl\u00f6cher (V):<\/td>\n<td class=\"value\">300<\/td>\n<\/tr>\n<tr>\n<td class=\"name\">Tisch- und Wandger\u00e4t<\/td>\n<td class=\"value\">JA<\/td>\n<\/tr>\n<tr>\n<td class=\"font-h4\" colspan=\"2\">VERPACKUNGSANGABEN<\/td>\n<\/tr>\n<tr>\n<td class=\"name\">Breite mit Verpackung (cm)<\/td>\n<td class=\"value\">136<\/td>\n<\/tr>\n<tr>\n<td class=\"name\">H\u00f6he mit Verpackung (cm)<\/td>\n<td class=\"value\">81<\/td>\n<\/tr>\n<tr>\n<td class=\"name\">Tiefe mit Verpackung (cm)<\/td>\n<td class=\"value\">20<\/td>\n<\/tr>\n<tr>\n<td class=\"name\">Gewicht mit Verpackung (kg)<\/td>\n<td class=\"value\">29<\/td>\n<\/tr>\n<\/tbody>\n<\/table>\n<\/div>","protected":false},"excerpt":{"rendered":"<p>Dank Quantum Dot NanoCell Plus-Technologie begeistert der LG QNED MiniLED TV QNED86 mit farbechten, akkuraten Farben auf seinem Bildschirm, der durch die integrierte Mini-LED-Hintergrundbeleuchtung mit Precision Dimming-Technologie optimal ausgeleuchtet wird. [&hellip;]<\/p>","protected":false},"featured_media":4153,"template":"","meta":{"powered_cache_disable_cache":false,"powered_cache_disable_lazyload":false,"powered_cache_disable_css_optimization":false},"product_cat":[51,81],"product_tag":[],"_links":{"self":[{"href":"https:\/\/satmedia.at\/en\/wp-json\/wp\/v2\/product\/4148"}],"collection":[{"href":"https:\/\/satmedia.at\/en\/wp-json\/wp\/v2\/product"}],"about":[{"href":"https:\/\/satmedia.at\/en\/wp-json\/wp\/v2\/types\/product"}],"wp:featuredmedia":[{"embeddable":true,"href":"https:\/\/satmedia.at\/en\/wp-json\/wp\/v2\/media\/4153"}],"wp:attachment":[{"href":"https:\/\/satmedia.at\/en\/wp-json\/wp\/v2\/media?parent=4148"}],"wp:term":[{"taxonomy":"product_cat","embeddable":true,"href":"https:\/\/satmedia.at\/en\/wp-json\/wp\/v2\/product_cat?post=4148"},{"taxonomy":"product_tag","embeddable":true,"href":"https:\/\/satmedia.at\/en\/wp-json\/wp\/v2\/product_tag?post=4148"}],"curies":[{"name":"wp","href":"https:\/\/api.w.org\/{rel}","templated":true}]}}