{"id":4166,"date":"2024-06-06T10:16:41","date_gmt":"2024-06-06T08:16:41","guid":{"rendered":"https:\/\/satmedia.at\/?post_type=product&#038;p=4166"},"modified":"2024-06-06T14:07:05","modified_gmt":"2024-06-06T12:07:05","slug":"lg-75-ur91006la-smart-tv","status":"publish","type":"product","link":"https:\/\/satmedia.at\/en\/product\/lg-75-ur91006la-smart-tv\/","title":{"rendered":"LG 75 UR91006LA Smart TV"},"content":{"rendered":"<p>Der LG UHD TV UR91 begeistert mit seinem 4K LCD Display und Edge-LED Hintergrundbeleuchtung seine Zuschauer. Zusammen mit dem integrierten \u03b15 Gen6 4K AI-Prozessor mit AI Sound Pro und AI Brightness Control bringt er ultra-gute Unterhaltung zu Ihnen nach Hause. Und mit dem Filmmaker Mode\u2122 erleben Sie Filme genau so, wie sie die Regisseure auch gedacht haben.<\/p>\n<div>4K LCD TV mit Edge LED-Backlight<\/div>\n<div>\u03b15 Gen6 4K AI-Prozessor mit AI Sound Pro und AI Brightness Control<\/div>\n<div>Bild wie vom Regisseur gewollt mit dem Filmmaker Mode<\/div>\n<div>HDR-Unterst\u00fctzung mit HDR10 Pro und HLG<\/div>\n<div>WebOS 23 mit LG ThinQ<\/div>\n<div>Amazon Alexa integriert, Kompatibel zu Apple AirPlay 2 und Apple HomeKit<\/div>\n<div>Unterst\u00fctzt WOW Interface, Game Optimizer optimale Unterst\u00fctzung von ALLM &amp; HGiG f\u00fcr \u00fcberzeugende HDR-Darstellung<\/div>\n<div>Home Dashboard f\u00fcr komfortable Bedienung aller angeschlossenen Ger\u00e4te<\/div>\n<div>3x HDMI (eARC, ALLMS), 2x USB, CI+, Digitaler Audio-Ausgang (optisch), LAN, WiFi 5 (802.11ac) integriert<\/div>\n<div><\/div>\n<div>\n<div class=\"columns-general product-bottom-info\">\n<div class=\"column\">\n<div class=\"tab-control components-tab ui-tabs ui-widget ui-widget-content ui-corner-all\">\n<div id=\"features\" class=\"ui-tabs-panel ui-widget-content ui-corner-bottom\" role=\"tabpanel\" aria-labelledby=\"ui-id-4\" aria-hidden=\"false\">\n<div class=\"specifications clearfix\">\n<table class=\"gvi gvi-name-value font-name-value\">\n<tbody>\n<tr>\n<td class=\"font-h4\" colspan=\"2\">BILD-EIGENSCHAFTEN<\/td>\n<\/tr>\n<tr>\n<td class=\"name\">Bilddiagonale (cm)<\/td>\n<td class=\"value\">189<\/td>\n<\/tr>\n<tr>\n<td class=\"name\">Bilddiagonale (Zoll)<\/td>\n<td class=\"value\">75<\/td>\n<\/tr>\n<tr>\n<td class=\"name\">16:9 Format<\/td>\n<td class=\"value\">JA<\/td>\n<\/tr>\n<tr>\n<td class=\"name\">Anzahl Pixel, horizontal<\/td>\n<td class=\"value\">3840<\/td>\n<\/tr>\n<tr>\n<td class=\"name\">Anzahl Pixel, vertikal<\/td>\n<td class=\"value\">2160<\/td>\n<\/tr>\n<tr>\n<td class=\"name\">HDR-Wiedergabe<\/td>\n<td class=\"value\">JA<\/td>\n<\/tr>\n<tr>\n<td class=\"name\">4K Signalkonvertierung<\/td>\n<td class=\"value\">JA<\/td>\n<\/tr>\n<tr>\n<td class=\"name\">Spiele-Schaltung<\/td>\n<td class=\"value\">JA<\/td>\n<\/tr>\n<tr>\n<td class=\"name\">Raumlichtanpassung<\/td>\n<td class=\"value\">automatische Raumlichtanpassung<\/td>\n<\/tr>\n<tr>\n<td class=\"name\">LED-Hintergrundbeleuchtung<\/td>\n<td class=\"value\">Edge-LED-Hintergrundbeleuchtung<\/td>\n<\/tr>\n<tr>\n<td class=\"font-h4\" colspan=\"2\">ELEKTRONIK-EIGENSCHAFTEN<\/td>\n<\/tr>\n<tr>\n<td class=\"name\">Ultra HD<\/td>\n<td class=\"value\">JA<\/td>\n<\/tr>\n<tr>\n<td class=\"name\">Auto Low Latency Mode (ALLM)<\/td>\n<td class=\"value\">JA<\/td>\n<\/tr>\n<tr>\n<td class=\"name\">Sprachsteuerung<\/td>\n<td class=\"value\">JA<\/td>\n<\/tr>\n<tr>\n<td class=\"name\">Bildschirmanzeigen (OSD)<\/td>\n<td class=\"value\">JA<\/td>\n<\/tr>\n<tr>\n<td class=\"name\">mehrsprachiges Men\u00fc<\/td>\n<td class=\"value\">JA<\/td>\n<\/tr>\n<tr>\n<td class=\"name\">elek. men\u00fcgest. TV-Programmf\u00fchrung (EPG)<\/td>\n<td class=\"value\">JA<\/td>\n<\/tr>\n<tr>\n<td class=\"name\">Datenverbindung zwischen Video und TV<\/td>\n<td class=\"value\">JA<\/td>\n<\/tr>\n<tr>\n<td class=\"name\">Idealwert-Funktion Bild\/Ton<\/td>\n<td class=\"value\">JA<\/td>\n<\/tr>\n<tr>\n<td class=\"name\">USB-Aufnahmefunktion<\/td>\n<td class=\"value\">JA<\/td>\n<\/tr>\n<tr>\n<td class=\"name\">Medienwiedergabe \u00fcber USB<\/td>\n<td class=\"value\">JA<\/td>\n<\/tr>\n<tr>\n<td class=\"name\">Netzwerkf\u00e4hig<\/td>\n<td class=\"value\">JA<\/td>\n<\/tr>\n<tr>\n<td class=\"font-h4\" colspan=\"2\">VIDEO-TEIL<\/td>\n<\/tr>\n<tr>\n<td class=\"name\">zeitversetzte Wiedergabe<\/td>\n<td class=\"value\">JA<\/td>\n<\/tr>\n<tr>\n<td class=\"font-h4\" colspan=\"2\">SMART TV AUSSTATTUNG<\/td>\n<\/tr>\n<tr>\n<td class=\"name\">Amazon Prime Video<\/td>\n<td class=\"value\">JA<\/td>\n<\/tr>\n<tr>\n<td class=\"name\">Netflix<\/td>\n<td class=\"value\">JA<\/td>\n<\/tr>\n<tr>\n<td class=\"name\">Amazon Alexa kompatibel<\/td>\n<td class=\"value\">JA<\/td>\n<\/tr>\n<tr>\n<td class=\"name\">Google Assistant kompatibel<\/td>\n<td class=\"value\">JA<\/td>\n<\/tr>\n<tr>\n<td class=\"name\">HbbTV<\/td>\n<td class=\"value\">JA<\/td>\n<\/tr>\n<tr>\n<td class=\"name\">Online Apps erh\u00e4ltlich<\/td>\n<td class=\"value\">JA<\/td>\n<\/tr>\n<tr>\n<td class=\"name\">Online Videodienste abrufbar<\/td>\n<td class=\"value\">JA<\/td>\n<\/tr>\n<tr>\n<td class=\"name\">steuerbar \u00fcber Smartphone\/Tablet<\/td>\n<td class=\"value\">JA<\/td>\n<\/tr>\n<tr>\n<td class=\"name\">Smartp.-\/Tabl. Inhalte kabellos streamen<\/td>\n<td class=\"value\">JA<\/td>\n<\/tr>\n<tr>\n<td class=\"font-h4\" colspan=\"2\">TON-EIGENSCHAFTEN<\/td>\n<\/tr>\n<tr>\n<td class=\"name\">verdeckte Lautsprecher<\/td>\n<td class=\"value\">JA<\/td>\n<\/tr>\n<tr>\n<td class=\"name\">Lautsprecher-System<\/td>\n<td class=\"value\">Breitband-Lautsprecher<\/td>\n<\/tr>\n<tr>\n<td class=\"name\">Musikleistung (W), gesamt<\/td>\n<td class=\"value\">20<\/td>\n<\/tr>\n<tr>\n<td class=\"font-h4\" colspan=\"2\">EMPFANGSEIGENSCHAFTEN<\/td>\n<\/tr>\n<tr>\n<td class=\"name\">UHDTV-Empfang<\/td>\n<td class=\"value\">JA<\/td>\n<\/tr>\n<tr>\n<td class=\"name\">DVB-T2<\/td>\n<td class=\"value\">JA<\/td>\n<\/tr>\n<tr>\n<td class=\"name\">DVB-S2<\/td>\n<td class=\"value\">JA<\/td>\n<\/tr>\n<tr>\n<td class=\"name\">DVB-C<\/td>\n<td class=\"value\">JA<\/td>\n<\/tr>\n<tr>\n<td class=\"name\">analoger Kabelempfang<\/td>\n<td class=\"value\">JA<\/td>\n<\/tr>\n<tr>\n<td class=\"font-h4\" colspan=\"2\">WIEDERGABE-STANDARDS<\/td>\n<\/tr>\n<tr>\n<td class=\"name\">H.264 kompatibel<\/td>\n<td class=\"value\">JA<\/td>\n<\/tr>\n<tr>\n<td class=\"name\">H.265 kompatibel (HEVC)<\/td>\n<td class=\"value\">JA<\/td>\n<\/tr>\n<tr>\n<td class=\"font-h4\" colspan=\"2\">ANSCHL\u00dcSSE<\/td>\n<\/tr>\n<tr>\n<td class=\"name\">Digital-Optisch (OUT), Audio<\/td>\n<td class=\"value\">JA<\/td>\n<\/tr>\n<tr>\n<td class=\"name\">Common-Interface (CI+)<\/td>\n<td class=\"value\">JA<\/td>\n<\/tr>\n<tr>\n<td class=\"name\">Anzahl Common-Interface (CI+)<\/td>\n<td class=\"value\">1<\/td>\n<\/tr>\n<tr>\n<td class=\"name\">Anzahl HDMI-Schnittstellen (IN)<\/td>\n<td class=\"value\">3<\/td>\n<\/tr>\n<tr>\n<td class=\"name\">eARC (Enhanced Audio Return Channel)<\/td>\n<td class=\"value\">JA<\/td>\n<\/tr>\n<tr>\n<td class=\"name\">Anzahl USB-Schnittstellen<\/td>\n<td class=\"value\">2<\/td>\n<\/tr>\n<tr>\n<td class=\"name\">WLAN Ausstattung<\/td>\n<td class=\"value\">WLAN integriert<\/td>\n<\/tr>\n<tr>\n<td class=\"name\">Ethernet LAN<\/td>\n<td class=\"value\">JA<\/td>\n<\/tr>\n<tr>\n<td class=\"font-h4\" colspan=\"2\">LEISTUNGSAUFNAHME<\/td>\n<\/tr>\n<tr>\n<td class=\"name\">Angabe gem. EU-Verordnung 2019\/2013<\/td>\n<td class=\"value\">JA<\/td>\n<\/tr>\n<tr>\n<td class=\"name\">Energieeffizienzklasse<\/td>\n<td class=\"value\">Energieeffizienzklasse F<\/td>\n<\/tr>\n<tr>\n<td class=\"name\">Energieeffizienzspektrum<\/td>\n<td class=\"value\">Spektrum [A bis G]<\/td>\n<\/tr>\n<tr>\n<td class=\"name\">Energieeffizienzklasse HDR-Wiedergabe<\/td>\n<td class=\"value\">Energieeffizienzklasse HDR-Wiedergabe G<\/td>\n<\/tr>\n<tr>\n<td class=\"name\">min. Netzspannung (V)<\/td>\n<td class=\"value\">100<\/td>\n<\/tr>\n<tr>\n<td class=\"name\">max. Netzspannung (V)<\/td>\n<td class=\"value\">240<\/td>\n<\/tr>\n<tr>\n<td class=\"name\">Leistungsaufnahme, Stand-By (W)<\/td>\n<td class=\"value\">0,5<\/td>\n<\/tr>\n<tr>\n<td class=\"name\">Energieverbrauch (kWh\/1000h)<\/td>\n<td class=\"value\">114<\/td>\n<\/tr>\n<tr>\n<td class=\"name\">Energieverbr. HDR-Wiedergabe (kWh\/1000h)<\/td>\n<td class=\"value\">198<\/td>\n<\/tr>\n<tr>\n<td class=\"name\">\u00d6ko-Schalter\/Stromsparschaltung<\/td>\n<td class=\"value\">JA<\/td>\n<\/tr>\n<tr>\n<td class=\"font-h4\" colspan=\"2\">GEH\u00c4USE-EIGENSCHAFTEN<\/td>\n<\/tr>\n<tr>\n<td class=\"name\">Breite (cm)<\/td>\n<td class=\"value\">167,7<\/td>\n<\/tr>\n<tr>\n<td class=\"name\">H\u00f6he (cm)<\/td>\n<td class=\"value\">104,2<\/td>\n<\/tr>\n<tr>\n<td class=\"name\">Tiefe (cm)<\/td>\n<td class=\"value\">37<\/td>\n<\/tr>\n<tr>\n<td class=\"name\">Gewicht (kg)<\/td>\n<td class=\"value\">41,5<\/td>\n<\/tr>\n<tr>\n<td class=\"name\">Breite ohne Standfu\u00df (cm)<\/td>\n<td class=\"value\">167,7<\/td>\n<\/tr>\n<tr>\n<td class=\"name\">H\u00f6he ohne Standfu\u00df (cm)<\/td>\n<td class=\"value\">96,5<\/td>\n<\/tr>\n<tr>\n<td class=\"name\">Tiefe ohne Standfu\u00df (cm)<\/td>\n<td class=\"value\">3,09<\/td>\n<\/tr>\n<tr>\n<td class=\"name\">Gewicht ohne Standfu\u00df (kg)<\/td>\n<td class=\"value\">33,3<\/td>\n<\/tr>\n<tr>\n<td class=\"name\">Wandmontage m\u00f6glich<\/td>\n<td class=\"value\">JA<\/td>\n<\/tr>\n<tr>\n<td class=\"name\">VESA kompatibel<\/td>\n<td class=\"value\">JA<\/td>\n<\/tr>\n<tr>\n<td class=\"name\">Befestigungsl\u00f6cher (H):<\/td>\n<td class=\"value\">400<\/td>\n<\/tr>\n<tr>\n<td class=\"name\">Befestigungsl\u00f6cher (V):<\/td>\n<td class=\"value\">300<\/td>\n<\/tr>\n<tr>\n<td class=\"name\">Tisch- und Wandger\u00e4t<\/td>\n<td class=\"value\">JA<\/td>\n<\/tr>\n<tr>\n<td class=\"font-h4\" colspan=\"2\">VERPACKUNGSANGABEN<\/td>\n<\/tr>\n<tr>\n<td class=\"name\">Breite mit Verpackung (cm)<\/td>\n<td class=\"value\">182<\/td>\n<\/tr>\n<tr>\n<td class=\"name\">H\u00f6he mit Verpackung (cm)<\/td>\n<td class=\"value\">120,5<\/td>\n<\/tr>\n<tr>\n<td class=\"name\">Tiefe mit Verpackung (cm)<\/td>\n<td class=\"value\">22,8<\/td>\n<\/tr>\n<tr>\n<td class=\"name\">Gewicht mit Verpackung (kg)<\/td>\n<td class=\"value\">52,4<\/td>\n<\/tr>\n<\/tbody>\n<\/table>\n<\/div>\n<\/div>\n<\/div>\n<\/div>\n<div class=\"column\"><\/div>\n<\/div>\n<div id=\"flix-inpage\">\n<div id=\"flixinpage_23317501717661266680\">\n<div id=\"AllInOne\">\n<div id=\"FullInpageHtml\">\n<div>\n<div>\n<div>\n<div id=\"inpage-iframe-modal\"><\/div>\n<div id=\"flix-lg-inpage\" class=\"flix-lg5  flix-lg5-loaded lg_inpage_700_1199\" data-flix-dist=\"6\">\n<div id=\"flix-std-inpage\">\n<div id=\"inpage_container\" class=\"inpage_1000\" data-flx-p=\"2331750\" data-flixtime3=\"1717661839493\">\n<div class=\"inpage_selector_info clearfix\">\n<section>\n<div class=\"flix-mod-header flix-new-header\"><\/div>\n<\/section>\n<\/div>\n<\/div>\n<\/div>\n<\/div>\n<\/div>\n<\/div>\n<\/div>\n<\/div>\n<\/div>\n<\/div>\n<\/div>\n<\/div>","protected":false},"excerpt":{"rendered":"<p>Der LG UHD TV UR91 begeistert mit seinem 4K LCD Display und Edge-LED Hintergrundbeleuchtung seine Zuschauer. Zusammen mit dem integrierten \u03b15 Gen6 4K AI-Prozessor mit AI Sound Pro und AI [&hellip;]<\/p>","protected":false},"featured_media":4165,"template":"","meta":{"powered_cache_disable_cache":false,"powered_cache_disable_lazyload":false,"powered_cache_disable_css_optimization":false},"product_cat":[51,81,82],"product_tag":[],"_links":{"self":[{"href":"https:\/\/satmedia.at\/en\/wp-json\/wp\/v2\/product\/4166"}],"collection":[{"href":"https:\/\/satmedia.at\/en\/wp-json\/wp\/v2\/product"}],"about":[{"href":"https:\/\/satmedia.at\/en\/wp-json\/wp\/v2\/types\/product"}],"wp:featuredmedia":[{"embeddable":true,"href":"https:\/\/satmedia.at\/en\/wp-json\/wp\/v2\/media\/4165"}],"wp:attachment":[{"href":"https:\/\/satmedia.at\/en\/wp-json\/wp\/v2\/media?parent=4166"}],"wp:term":[{"taxonomy":"product_cat","embeddable":true,"href":"https:\/\/satmedia.at\/en\/wp-json\/wp\/v2\/product_cat?post=4166"},{"taxonomy":"product_tag","embeddable":true,"href":"https:\/\/satmedia.at\/en\/wp-json\/wp\/v2\/product_tag?post=4166"}],"curies":[{"name":"wp","href":"https:\/\/api.w.org\/{rel}","templated":true}]}}