{"id":4191,"date":"2024-06-06T16:18:02","date_gmt":"2024-06-06T14:18:02","guid":{"rendered":"https:\/\/satmedia.at\/?post_type=product&#038;p=4191"},"modified":"2024-06-06T16:25:24","modified_gmt":"2024-06-06T14:25:24","slug":"homatics-sound-sound-2-1-soundsystem","status":"publish","type":"product","link":"https:\/\/satmedia.at\/en\/product\/homatics-sound-sound-2-1-soundsystem\/","title":{"rendered":"HOMATICS Sound &#038; Sound 2.1, 2.1 Bluetooth Soundsystem, Silber"},"content":{"rendered":"<p>Homatics Sound&amp;Sound 2.1 bietet Ihnen echten kabellosen Stereoklang mit 2 Lautsprechern auf der linken und rechten Seite des Ger\u00e4ts (TV, Monitor, etc.) und 1 Subwoofer f\u00fcr zus\u00e4tzlichen Bass. Features<\/p>\n<p>&#8211; Einfache drahtlose Einrichtung<br \/>\n&#8211; Dolby Audio-Unterst\u00fctzung<br \/>\n&#8211; TWS unterst\u00fctzt<br \/>\n&#8211; 360-Grad-Klang<br \/>\n&#8211; Bluetooth 5.0<br \/>\n&#8211; 2x 15W-Lautsprecher, 40W-Subwoofer<\/p>\n<p>Sind Sie bereit f\u00fcr echten 2.1 Sound am Flat TV?<br \/>\n\u00c4ndern Sie die Art und Weise, wie Sie Musik h\u00f6ren, und tauchen Sie mit Homatics Sound&amp;Sound 2.1 in TV, Musik und mehr ein.<br \/>\nSie sp\u00fcren den Klang aus jeder Richtung, als ob Sie Teil kraftvoller Live-Auftritte w\u00e4ren.<br \/>\nEindringlicher Surround-Sound Mit der Technologie f\u00fcr virtuellen Surround-Sound erzeugt Homatics Sound&amp;Sound 2.1 virtuellen Surround-Sound, der von allen Seiten kommt.<br \/>\nVerbessern Sie Ihre Seh- oder Spielerfahrung von gew\u00f6hnlich zu au\u00dfergew\u00f6hnlich.<br \/>\nMeisterhaftes akustisches Design mit 360-Grad-Klang Egal, wo Sie es h\u00f6ren, Sie h\u00f6ren alles in 360 Grad erstaunlichem Klang.<br \/>\nLeichtes H\u00f6ren Verbinden Sie Ihr Homatics Sound &amp; Sound 2.1 mit jedem Bluetooth-f\u00e4higen Ger\u00e4t und streamen Sie Ihre Lieblingsmusik, Podcasts und Unterhaltung.<br \/>\nVerbinden Sie sich einfach und wechseln Sie zwischen zwei Ger\u00e4ten.<br \/>\nBenutzerdefinierte Equalizer-Einstellung Benutzer k\u00f6nnen die EQ-Einstellung auf der Benutzeroberfl\u00e4che anpassen, um unterschiedliche Klangeffekte zu erzielen und die Abspielbarkeit zu erh\u00f6hen.<\/p>\n<p>Technische Daten<br \/>\n&#8211; Lautsprecher: 15W (f\u00fcr PC), 30W (2X15W) \u00fcber True Wireless Stereo Sound<br \/>\n&#8211; Subwoofer: 40W<br \/>\n&#8211; Bluetooth: 5.0<br \/>\n&#8211; Stromversorgung (Lautsprecher): 12V\/2A<br \/>\n&#8211; Stromversorgung (Subwoofer): AC 100V &#8211; 240V 50-60Hz<br \/>\n&#8211; L\u00e4nge des Stromkabels: 1,5 m<\/p>","protected":false},"excerpt":{"rendered":"<p>Homatics Sound&amp;Sound 2.1 bietet Ihnen echten kabellosen Stereoklang mit 2 Lautsprechern auf der linken und rechten Seite des Ger\u00e4ts (TV, Monitor, etc.) und 1 Subwoofer f\u00fcr zus\u00e4tzlichen Bass. Features &#8211; [&hellip;]<\/p>","protected":false},"featured_media":4192,"template":"","meta":{"powered_cache_disable_cache":false,"powered_cache_disable_lazyload":false,"powered_cache_disable_css_optimization":false},"product_cat":[51,82],"product_tag":[],"_links":{"self":[{"href":"https:\/\/satmedia.at\/en\/wp-json\/wp\/v2\/product\/4191"}],"collection":[{"href":"https:\/\/satmedia.at\/en\/wp-json\/wp\/v2\/product"}],"about":[{"href":"https:\/\/satmedia.at\/en\/wp-json\/wp\/v2\/types\/product"}],"wp:featuredmedia":[{"embeddable":true,"href":"https:\/\/satmedia.at\/en\/wp-json\/wp\/v2\/media\/4192"}],"wp:attachment":[{"href":"https:\/\/satmedia.at\/en\/wp-json\/wp\/v2\/media?parent=4191"}],"wp:term":[{"taxonomy":"product_cat","embeddable":true,"href":"https:\/\/satmedia.at\/en\/wp-json\/wp\/v2\/product_cat?post=4191"},{"taxonomy":"product_tag","embeddable":true,"href":"https:\/\/satmedia.at\/en\/wp-json\/wp\/v2\/product_tag?post=4191"}],"curies":[{"name":"wp","href":"https:\/\/api.w.org\/{rel}","templated":true}]}}