{"id":4615,"date":"2025-07-07T09:15:42","date_gmt":"2025-07-07T07:15:42","guid":{"rendered":"https:\/\/satmedia.at\/?post_type=product&#038;p=4615"},"modified":"2025-07-07T09:25:11","modified_gmt":"2025-07-07T07:25:11","slug":"single-lnb-high-gain-70db-megasat-01db","status":"publish","type":"product","link":"https:\/\/satmedia.at\/en\/product\/single-lnb-high-gain-70db-megasat-01db\/","title":{"rendered":"Single LNB High Gain 70dB Megasat 0,1dB"},"content":{"rendered":"<p data-style=\"margin-bottom:0px;margin-top:0px;\"><span data-style=\"font-family:Arial,Helvetica,sans-serif;font-size:10pt;\">Bester Empfang durch 70dB Verst\u00e4rkung<\/span><\/p>\n<p data-style=\"margin-bottom:0px;margin-top:0px;\"><span data-style=\"font-family:Arial,Helvetica,sans-serif;font-size:10pt;\">Steht Ihre Sat-Anlage auch so ung\u00fcnstig, dass der Empfang durch B\u00e4ume oder sonstiges extrem eingeschrenkt wird? Oder haben Sie mit Ihrer Anlage nur eine schlechte Signalst\u00e4rke?<\/span><\/p>\n<p data-style=\"margin-bottom:0px;margin-top:0px;\"><span data-style=\"font-family:Arial,Helvetica,sans-serif;font-size:10pt;\">Dann ist dieses LNB genau das richtige f\u00fcr Sie. Dieses LNB ist eines der ersten High Gain LNB&#8217;s mit nat\u00fcrlich nur 0,1dB Rauschmass. Durch die 70dB Verst\u00e4rkung erreichen Sie auch bei ung\u00fcstigen Standorten ein optimales Signal. Herk\u00f6mmliche LNB&#8217;s haben im Vergleich nur 50dB Verst\u00e4rkung. Ein neues Zeitalter in Sachen Bildsch\u00e4rfe hat begonnen, mit diesem LNB sind sie bestens ausgestattet. Ein LNB in zuverl\u00e4ssiger Profi-Qualit\u00e4t f\u00fcr ihr gestochen scharfes Fernsehvergn\u00fcgen. Geeignet f\u00fcr 1 Teilnehmer und Full-HD\/UHD kompatibel.<\/span><\/p>\n<p data-style=\"margin-bottom:0px;margin-top:0px;\"><span data-style=\"font-family:Arial,Helvetica,sans-serif;font-size:10pt;\"><b>Austattungsmerkmale:<\/b><\/span><\/p>\n<ul>\n<li><span data-style=\"font-family:Arial,Helvetica,sans-serif;font-size:10pt;\">geeignet f\u00fcr 1 Teilnehmer<\/span><\/li>\n<li><span data-style=\"font-family:Arial,Helvetica,sans-serif;font-size:10pt;\">Rauschma\u00df 0,1 dB<\/span><\/li>\n<li><span data-style=\"font-family:Arial,Helvetica,sans-serif;font-size:10pt;\">extrem hitze- und k\u00e4ltebest\u00e4ndig<\/span><\/li>\n<li><span data-style=\"font-family:Arial,Helvetica,sans-serif;font-size:10pt;\">70dB Verst\u00e4rkung f\u00fcr besten Empfang auch bei schwierigen Standorten<\/span><\/li>\n<li><span data-style=\"font-family:Arial,Helvetica,sans-serif;font-size:10pt;\">einfache Installation<\/span><\/li>\n<li><span data-style=\"font-family:Arial,Helvetica,sans-serif;font-size:10pt;\">Eingangsfrequenzbereich 10,7 &#8211; 12,75<\/span><\/li>\n<li><span data-style=\"font-family:Arial,Helvetica,sans-serif;font-size:10pt;\">integrierte Wetterschutzfunktion<\/span><\/li>\n<li><span data-style=\"font-family:Arial,Helvetica,sans-serif;font-size:10pt;\">Universal LNB (digital)<\/span><\/li>\n<\/ul>\n<p data-style=\"margin-bottom:0px;margin-top:0px;\"><span data-style=\"font-family:Arial,Helvetica,sans-serif;font-size:10pt;\"><b>Artikelzustand:<\/b><\/span><\/p>\n<ul>\n<li><span data-style=\"font-family:Arial,Helvetica,sans-serif;font-size:10pt;\">Neuware mit Rechnung<\/span><\/li>\n<li><span data-style=\"font-family:Arial,Helvetica,sans-serif;font-size:10pt;\">2 Jahre Gew\u00e4hrleistung<\/span><\/li>\n<\/ul>","protected":false},"excerpt":{"rendered":"<p>Bester Empfang durch 70dB Verst\u00e4rkung Steht Ihre Sat-Anlage auch so ung\u00fcnstig, dass der Empfang durch B\u00e4ume oder sonstiges extrem eingeschrenkt wird? Oder haben Sie mit Ihrer Anlage nur eine schlechte [&hellip;]<\/p>","protected":false},"featured_media":4616,"template":"","meta":{"powered_cache_disable_cache":false,"powered_cache_disable_lazyload":false,"powered_cache_disable_css_optimization":false},"product_cat":[47,104],"product_tag":[],"_links":{"self":[{"href":"https:\/\/satmedia.at\/en\/wp-json\/wp\/v2\/product\/4615"}],"collection":[{"href":"https:\/\/satmedia.at\/en\/wp-json\/wp\/v2\/product"}],"about":[{"href":"https:\/\/satmedia.at\/en\/wp-json\/wp\/v2\/types\/product"}],"wp:featuredmedia":[{"embeddable":true,"href":"https:\/\/satmedia.at\/en\/wp-json\/wp\/v2\/media\/4616"}],"wp:attachment":[{"href":"https:\/\/satmedia.at\/en\/wp-json\/wp\/v2\/media?parent=4615"}],"wp:term":[{"taxonomy":"product_cat","embeddable":true,"href":"https:\/\/satmedia.at\/en\/wp-json\/wp\/v2\/product_cat?post=4615"},{"taxonomy":"product_tag","embeddable":true,"href":"https:\/\/satmedia.at\/en\/wp-json\/wp\/v2\/product_tag?post=4615"}],"curies":[{"name":"wp","href":"https:\/\/api.w.org\/{rel}","templated":true}]}}