{"id":4842,"date":"2026-03-06T10:11:06","date_gmt":"2026-03-06T09:11:06","guid":{"rendered":"https:\/\/satmedia.at\/?post_type=product&#038;p=4842"},"modified":"2026-03-06T10:52:14","modified_gmt":"2026-03-06T09:52:14","slug":"humax-tivumax-hd3801s2-tivusat-karte","status":"publish","type":"product","link":"https:\/\/satmedia.at\/en\/product\/humax-tivumax-hd3801s2-tivusat-karte\/","title":{"rendered":"Humax TIVUMAX HD3801S2 Tivusat + Karte"},"content":{"rendered":"<p>Produktbeschreibung<br \/>\nDer neue Tivumax LT-Decoder ist ein hochaufl\u00f6sender Satellitenempf\u00e4nger, der mit der tiv\u00f9sat HD-Zertifizierung ausgestattet ist und mit modernen SCR- und dCSS-LNBs kompatibel ist.<\/p>\n<p>Die Easy HD-Funktion erm\u00f6glicht den automatischen und vorrangigen Zugriff auf die auf tiv\u00f9sat vorhandenen HD-Kan\u00e4le. Der elektronische Programmf\u00fchrer (EPG) von tiv\u00f9sat zeigt alle Informationen der Fernsehprogramme der n\u00e4chsten Tage auf Ihrem Fernsehbildschirm an. Die Kompatibilit\u00e4t mit IF-IF-Systemen ist dank der Blind-Scan-Funktion interessant, einer technischen Funktion, die Tivumax LT vielseitig und auf jedem Systemtyp auf dem neuesten Stand macht.<\/p>\n<p>Features:<br \/>\n&#8211; Full HD Aufl\u00f6sung<br \/>\n&#8211; Kompatibel mit tiv\u00f9sat HD<br \/>\n&#8211; DVB-S2 Tuner (SAT In &amp; Out)<br \/>\n&#8211; USB 2.0, HDMI, SCART, LAN<\/p>\n<p>Allgemeine Merkmale:<br \/>\n&#8211; dCSS-Funktionalit\u00e4t, um den Decoder mit einem dCSS LNB oder<br \/>\nMultiswitch zu verbinden und alle 16 Frequenzen zu verwenden<br \/>\n&#8211; Tasten zum Ein- und Ausschalten, Lautst\u00e4rkeregelung und Kanalwechsel<br \/>\n&#8211; Universelle Fernbedienung zur Steuerung des Fernsehger\u00e4ts<br \/>\n&#8211; Kompatibel mit IF-IF-Systeme dank Blind-Scan-Funktion<br \/>\n&#8211; Automatische Sortierung von tiv\u00f9sat-Kan\u00e4len (LCN)<br \/>\n&#8211; Automatisches Software-Update \u00fcber OTA und USB<br \/>\n&#8211; Elektronischer Programmf\u00fchrer (tiv\u00f9sat EPG)<br \/>\n&#8211; Die tiv\u00f9sat Smartcard ist im Paket enthalten<br \/>\n&#8211; Interaktive Dienste: Wetter und Karten<br \/>\n&#8211; Men\u00fcsprache: Englisch\/Italienisch\/Deutsch<br \/>\n&#8211; 12V DC Stromversorgung<br \/>\n&#8211; Videotext und Untertitel<\/p>\n<p>Technical Data:<br \/>\n&#8211; Eingangsfrequenz (Tuner): DVB-S\/S2 950 &#8211; 2150 MHz<br \/>\n&#8211; Eingangssignalpegel (Tuner): DVB-S\/S2 -65 dBm &#8230;- 20 dBm<br \/>\n&#8211; Modulation: QPSK, 8PSK<br \/>\n&#8211; Video Ausgabeformat: H.265\/H.264, MPEG-1, MPEG-2, MPEG-4, VC-1, AVS, MVC<br \/>\n&#8211; Ausgangspegel: 1 Vp-p (75 Ohm)<br \/>\n&#8211; Audio: MPEG-1 layer I\/II, MPEG-2 layer II, Dolby Digital \/ Dolby Digital Plus Decoder<\/p>\n<p>Anschl\u00fcsse:<br \/>\n1x Sat In<br \/>\n1x Sat Out<br \/>\n1x Scart<br \/>\n1x Coaxial<br \/>\n1x HDMI<br \/>\n1x Ethernet<br \/>\n1x Smart Card Slot<br \/>\n1x USB 2.0<\/p>\n<p>Betriebsbedingungen:<br \/>\n&#8211; Stromversorgung: 12V DC<br \/>\n&#8211; Leistungsaufnahme: 15W max<br \/>\n&#8211; Temperatur: 0-40\u00b0C<br \/>\n&#8211; Luftfeuchtigkeit: 10% &#8211; 90%<\/p>\n<p>Scope of delivery:<\/p>\n<p>1x Humax Tivumax LT HD3801S2 Full HD Receiver, Schwarz<br \/>\n1x Tivusat Karte (Original)<br \/>\n1x Benutzerhandbuch<br \/>\n1x Fernbedienung<br \/>\n1x Netzteil<\/p>\n<p>Herstellerinformationen \/ Verantwortliche Person f\u00fcr die EU<br \/>\nName : Emme Esse SpA<br \/>\nStra\u00dfe : Via Moretto 46<br \/>\nOrt : 25025 Manerbio (BS) Italy<br \/>\nLand : IT<br \/>\nTelefon : +39 0309938500<br \/>\nE-Mail : info@emmeesse.it<br \/>\nWebsite : https:\/\/www.emmeesse.it\/<\/p>\n<p>Produkt weiterempfehlen<\/p>","protected":false},"excerpt":{"rendered":"<p>Produktbeschreibung Der neue Tivumax LT-Decoder ist ein hochaufl\u00f6sender Satellitenempf\u00e4nger, der mit der tiv\u00f9sat HD-Zertifizierung ausgestattet ist und mit modernen SCR- und dCSS-LNBs kompatibel ist. Die Easy HD-Funktion erm\u00f6glicht den automatischen [&hellip;]<\/p>","protected":false},"featured_media":4845,"template":"","meta":{"powered_cache_disable_cache":false,"powered_cache_disable_lazyload":false,"powered_cache_disable_css_optimization":false},"product_cat":[43,279,93],"product_tag":[],"_links":{"self":[{"href":"https:\/\/satmedia.at\/en\/wp-json\/wp\/v2\/product\/4842"}],"collection":[{"href":"https:\/\/satmedia.at\/en\/wp-json\/wp\/v2\/product"}],"about":[{"href":"https:\/\/satmedia.at\/en\/wp-json\/wp\/v2\/types\/product"}],"wp:featuredmedia":[{"embeddable":true,"href":"https:\/\/satmedia.at\/en\/wp-json\/wp\/v2\/media\/4845"}],"wp:attachment":[{"href":"https:\/\/satmedia.at\/en\/wp-json\/wp\/v2\/media?parent=4842"}],"wp:term":[{"taxonomy":"product_cat","embeddable":true,"href":"https:\/\/satmedia.at\/en\/wp-json\/wp\/v2\/product_cat?post=4842"},{"taxonomy":"product_tag","embeddable":true,"href":"https:\/\/satmedia.at\/en\/wp-json\/wp\/v2\/product_tag?post=4842"}],"curies":[{"name":"wp","href":"https:\/\/api.w.org\/{rel}","templated":true}]}}