{"id":4849,"date":"2026-03-06T10:36:17","date_gmt":"2026-03-06T09:36:17","guid":{"rendered":"https:\/\/satmedia.at\/?post_type=product&#038;p=4849"},"modified":"2026-03-06T10:52:14","modified_gmt":"2026-03-06T09:52:14","slug":"telesystem-ts9018-full-hd-sat-receiver-tivusatkarte","status":"publish","type":"product","link":"https:\/\/satmedia.at\/en\/product\/telesystem-ts9018-full-hd-sat-receiver-tivusatkarte\/","title":{"rendered":"Telesystem TS9018 Full HD Sat Receiver TivuSat+Karte"},"content":{"rendered":"<p>Telesystem TS9018 HD tiv\u00f9sat Satellitendecoder der neuen Generation, zertifiziert als tivusat HD classic, der dank \u00fcber 70 verf\u00fcgbaren HD-Kan\u00e4len f\u00fcr diejenigen entwickelt wurde, die n\u00e4her an Satellitenfernsehen heranr\u00fccken oder einfach auf HD umsteigen m\u00f6chten.<\/p>\n<p>Features:<br \/>\n&#8211; DVB-S2 Tuner (SAT In)<br \/>\n&#8211; Full HD 1080p Aufl\u00f6sung<br \/>\n&#8211; Kompatibel mit tiv\u00f9sat HD<br \/>\n&#8211; HEVC H.265 &amp; HEVC H.264<br \/>\n&#8211; USB 2.0, HDMI 1.4, SCART, LAN<\/p>\n<p>Technical Data:<br \/>\n&#8211; DVB-S\/S2 HD Tuner<br \/>\n&#8211; Tiv\u00f9sat HD Smartcard<br \/>\n&#8211; HD-Aufl\u00f6sung bis zu 1080p<br \/>\n&#8211; EPG (Electronic Program Guide)<br \/>\n&#8211; 12V DC, 1.5A Stromversorgung<br \/>\n&#8211; Media Player-Funktion \u00fcber USB<br \/>\n&#8211; OTA Software-Update \u00fcber USB<br \/>\n&#8211; Abmessungen: 145 x 109 x 32 mm<br \/>\n&#8211; DiSEqC 1.0\/1.2, USALS, SCR, dCSS<br \/>\n&#8211; MPEG-2\/MPEG-4\/HEVC Main 10-Video<br \/>\n&#8211; Webradio, Untertitel, Videotext, Favoritenlisten<br \/>\n&#8211; Automatische Aktualisierung von tiv\u00f9sat-Kan\u00e4len<br \/>\n&#8211; MPEG Layer I und II Audio, HE-AAC, Stereo Down-Mix<br \/>\n&#8211; Dolby Audio (kompatibel mit Dolby Digital und Dolby Digital Plus)<\/p>\n<p>Anschl\u00fcsse:<br \/>\n1x Sat-In<br \/>\n1x Scart<br \/>\n1x USB 2.0<br \/>\n1x HDMI 1.4<br \/>\n1x Smart Card Slot<br \/>\n1x Ethernet (10\/100 Mbit)<\/p>\n<p>Leistungsaufnahme:<br \/>\n&lt; 18W (im Betrieb)<br \/>\n&lt; 0,5W (Standby-Mode)<\/p>\n<p>Scope of delivery:<br \/>\n1x Telesystem TS9018 Full HD Sat Receiver, Schwarz<br \/>\n1x Tivusat Karte (Original)<br \/>\n1x Fernbedienung<br \/>\n1x Netzteil<br \/>\n1x Benutzerhandbuch<\/p>\n<p>Herstellerinformationen \/ Verantwortliche Person f\u00fcr die EU<\/p>\n<p>Name : TELE System Digital Srl<br \/>\nStra\u00dfe : Sede Legale: Via dell\u2019Artigianato, 35<br \/>\nOrt : 36050 Bressanvido (VI) \u2013 Italy<br \/>\nLand : IT<br \/>\nTelefon : +39.0444.460800<br \/>\nE-Mail : info@telesystemgroup.com<\/p>\n<p>Website : https:\/\/www.telesystem-world.com\/0\/1\/it\/contatti\/<\/p>","protected":false},"excerpt":{"rendered":"<p>Telesystem TS9018 HD tiv\u00f9sat Satellitendecoder der neuen Generation, zertifiziert als tivusat HD classic, der dank \u00fcber 70 verf\u00fcgbaren HD-Kan\u00e4len f\u00fcr diejenigen entwickelt wurde, die n\u00e4her an Satellitenfernsehen heranr\u00fccken oder einfach [&hellip;]<\/p>","protected":false},"featured_media":4852,"template":"","meta":{"powered_cache_disable_cache":false,"powered_cache_disable_lazyload":false,"powered_cache_disable_css_optimization":false},"product_cat":[43,279,93],"product_tag":[],"_links":{"self":[{"href":"https:\/\/satmedia.at\/en\/wp-json\/wp\/v2\/product\/4849"}],"collection":[{"href":"https:\/\/satmedia.at\/en\/wp-json\/wp\/v2\/product"}],"about":[{"href":"https:\/\/satmedia.at\/en\/wp-json\/wp\/v2\/types\/product"}],"wp:featuredmedia":[{"embeddable":true,"href":"https:\/\/satmedia.at\/en\/wp-json\/wp\/v2\/media\/4852"}],"wp:attachment":[{"href":"https:\/\/satmedia.at\/en\/wp-json\/wp\/v2\/media?parent=4849"}],"wp:term":[{"taxonomy":"product_cat","embeddable":true,"href":"https:\/\/satmedia.at\/en\/wp-json\/wp\/v2\/product_cat?post=4849"},{"taxonomy":"product_tag","embeddable":true,"href":"https:\/\/satmedia.at\/en\/wp-json\/wp\/v2\/product_tag?post=4849"}],"curies":[{"name":"wp","href":"https:\/\/api.w.org\/{rel}","templated":true}]}}