{"id":4866,"date":"2026-03-19T10:19:02","date_gmt":"2026-03-19T09:19:02","guid":{"rendered":"https:\/\/satmedia.at\/?post_type=product&#038;p=4866"},"modified":"2026-04-13T10:06:25","modified_gmt":"2026-04-13T08:06:25","slug":"vu-new-dual-dvb-s2x-receiver-coming-soon","status":"publish","type":"product","link":"https:\/\/satmedia.at\/en\/product\/vu-new-dual-dvb-s2x-receiver-coming-soon\/","title":{"rendered":"VU+ Duo 4k Lite DVB-S2X FBC Twin Tuner PVR Linux E2 Receiver"},"content":{"rendered":"<div id=\"bgLayers_comp-mltisj1c2\" class=\"MW5IWV\" data-hook=\"bgLayers\" data-motion-part=\"BG_LAYER comp-mltisj1c2\">\n<div id=\"bgMedia_comp-mltisj1c2\" class=\"VgO9Yg\" data-motion-part=\"BG_MEDIA comp-mltisj1c2\"><strong>Fernsehen, wie es sein soll: schnell, flexibel, kompromisslos<\/strong><\/div>\n<\/div>\n<div class=\"\" data-mesh-id=\"comp-mltisj1c2inlineContent\" data-testid=\"inline-content\">\n<div data-mesh-id=\"comp-mltisj1c2inlineContent-gridContainer\" data-testid=\"mesh-container-content\">\n<div id=\"comp-mltisj1d5\" class=\"ku3DBC zQ9jDz qvSjx3 Vq6kJx comp-mltisj1d5 wixui-rich-text\" data-testid=\"richTextElement\">\n<p class=\"font_7 wixui-rich-text__text\">Mit der VU+ Duo 4K Lite wir das bereits umfangreiche Produktsortiment von VU+ um ein weiteres Ger\u00e4t aufgewertet. Die VU+ Duo Lite bietet Platz f\u00fcr 2 Plug&amp;Play Full Band Capture (FBC) Tuner und damit blitzschnelle Programmwechsel. Die verbauten Tunersteckpl\u00e4tze bieten Platz f\u00fcr 2 FBC-Tunermodule (DVB-S2, DVB-C) oder DVB-T2 Dual Tuner. Die gro\u00dfen CPU-Ressourcen, Gigabit LAN, DualBand WiFi,\u00a0 BT sowie USB 3.0 und USB-C Ports er\u00f6ffnen v\u00f6llig neue M\u00f6glichkeiten f\u00fcr die Zukunft.<\/p>\n<p class=\"font_7 wixui-rich-text__text\">Leistungsstarker 4K-Empfang mit FBC-Tuner f\u00fcr gleichzeitiges Aufnehmen und Live-TV, modernste HEVC-Dekodierung und die zukunftssichere Enigma2-Linux-Plattform machen den DUO 4K Lite zur Top-Wahl f\u00fcr TV-Fans. Direkt aufnehmen, Live-TV pausieren, Medien im Netzwerk streamen und CI-Module f\u00fcr verschl\u00fcsselte Sender nutzen \u2013 alles in elegantem, energieeffizientem Design. Zuverl\u00e4ssig,flexibel und erweiterbar \u2013 ideal f\u00fcr privaten Genuss oder anspruchsvolle Home-Entertainment-Setups.<\/p>\n<p class=\"font_7 wixui-rich-text__text\"><strong>Was ist ein DVB-S2 FBC Twin Tuner ?<\/strong><\/p>\n<p class=\"font_7 wixui-rich-text__text\">Ein DVB-S2 FBC Twin Tuner besitzt 8 Demodulatoren. Bei zwei herk\u00f6mmlichen (z.B. Twin-LNB) Sat-Zuleitungen ist der Tuner mit 2 herk\u00f6mmlichen und 6 zus\u00e4tzlichen Tunern, die im Durchschleifbetrieb arbeiten, vergleichbar. Sie k\u00f6nnen somit Sender aus 8 verschiedenen Transpondern aus 2 unterschiedlichen Sat-Ebenen gleichzeitig ansehen, streamen oder aufnehmen. Im SCR-Betrieb (Unicable) mit 8 Frequenzen entspricht dies 8 herk\u00f6mmlichen Tunern.<\/p>\n<\/div>\n<\/div>\n<\/div>\n<p data-style=\"margin-bottom:0px;margin-top:0px;\"><span data-style=\"font-family:Arial,Helvetica,sans-serif;font-size:10pt;\"><b>Hauptmerkmale:<\/b><\/span><\/p>\n<ul>\n<li><span data-style=\"font-family:Arial,Helvetica,sans-serif;font-size:10pt;\">Sehr schnelle Umschaltzeiten<\/span><\/li>\n<li><span data-style=\"font-family:Arial,Helvetica,sans-serif;font-size:10pt;\">WebKit Browser<\/span><\/li>\n<li><span data-style=\"font-family:Arial,Helvetica,sans-serif;font-size:10pt;\">Chromium OS<\/span><\/li>\n<li><span data-style=\"font-family:Arial,Helvetica,sans-serif;font-size:10pt;\">Transcoding<\/span><\/li>\n<li><span data-style=\"font-family:Arial,Helvetica,sans-serif;font-size:10pt;\">HbbTV<\/span><\/li>\n<li><span data-style=\"font-family:Arial,Helvetica,sans-serif;font-size:10pt;\">HDMI 2.0 Ausgang<\/span><\/li>\n<li><span data-style=\"font-family:Arial,Helvetica,sans-serif;font-size:10pt;\">HDMI 2.0 Eingang<\/span><\/li>\n<li><span data-style=\"font-family:Arial,Helvetica,sans-serif;font-size:10pt;\">Gigabit LAN<\/span><\/li>\n<li><span data-style=\"font-family:Arial,Helvetica,sans-serif;font-size:10pt;\">DualBand WiFi (2,4 \/ 5 GHz)<\/span><\/li>\n<li><span data-style=\"font-family:Arial,Helvetica,sans-serif;font-size:10pt;\">Gleichzeitiges Entschl\u00fcsseln von 2 CI-Modulen<\/span><\/li>\n<li><span data-style=\"font-family:Arial,Helvetica,sans-serif;font-size:10pt;\">BT 5.4 f\u00fcr z.B. BT Soundbars oder Kopfh\u00f6rer<\/span><\/li>\n<li><span data-style=\"font-family:Arial,Helvetica,sans-serif;font-size:10pt;\">3,0&#8243; TFT LCD Display &#8211; MiniTV<\/span><\/li>\n<li><span data-style=\"font-family:Arial,Helvetica,sans-serif;font-size:10pt;\">2x Tunersteckplatz\u00a0\u00a0f\u00fcr z.B.\u00a0\u00a0DVB-S2X \/ DVB-C* Full Band Capture (FBC) oder DVB-T2 Dual Tuner<\/span><\/li>\n<li><span data-style=\"font-family:Arial,Helvetica,sans-serif;font-size:10pt;\">2 x USB 3.0<\/span><\/li>\n<li><span data-style=\"font-family:Arial,Helvetica,sans-serif;font-size:10pt;\">1.7 GHz Dual Core CPU<\/span><\/li>\n<li><span data-style=\"font-family:Arial,Helvetica,sans-serif;font-size:10pt;\">eMMC Flashspeicher<\/span><\/li>\n<li><span data-style=\"font-family:Arial,Helvetica,sans-serif;font-size:10pt;\">HEVC \/ H.265 Videodekodierung<\/span><\/li>\n<li><span data-style=\"font-family:Arial,Helvetica,sans-serif;font-size:10pt;\">Plug&amp;Play Wechselrahmen f\u00fcr 2,5&#8243; SATA-Festplatten (max. 15 mm HDD-Bauh\u00f6he)<\/span><\/li>\n<li><span data-style=\"font-family:Arial,Helvetica,sans-serif;font-size:10pt;\">Externes 12 V Netzteil<\/span><\/li>\n<\/ul>\n<p>&nbsp;<\/p>\n<p data-style=\"margin-bottom:0px;margin-top:0px;\"><span data-style=\"font-family:Arial,Helvetica,sans-serif;font-size:10pt;\"><b>Technische Highlights:<\/b><\/span><\/p>\n<ul>\n<li><span data-style=\"font-family:Arial,Helvetica,sans-serif;font-size:10pt;\">1.700 MHz Dual Core-Prozessor<\/span><\/li>\n<li><span data-style=\"font-family:Arial,Helvetica,sans-serif;font-size:10pt;\">8 GB Flash (eMMC)<\/span><\/li>\n<li><span data-style=\"font-family:Arial,Helvetica,sans-serif;font-size:10pt;\">2 GB DDR4 RAM<\/span><\/li>\n<li><span data-style=\"font-family:Arial,Helvetica,sans-serif;font-size:10pt;\">Gigabit LAN (10\/100\/1000 MBit\/s)<\/span><\/li>\n<li><span data-style=\"font-family:Arial,Helvetica,sans-serif;font-size:10pt;\">Wlan: IEEE 802.11 b\/g\/n\/ac 2,4 \/ 5 GHz integriert<\/span><\/li>\n<li><span data-style=\"font-family:Arial,Helvetica,sans-serif;font-size:10pt;\">BT 5.4integriert f\u00fcr z.B. BT-Fernbedienung,BT Soundbars oder Kopfh\u00f6rer<\/span><\/li>\n<li><span data-style=\"font-family:Arial,Helvetica,sans-serif;font-size:10pt;\">2x DVB Common-Interface Einschub (gleichzeitige Nutzung m\u00f6glich)<\/span><\/li>\n<li><span data-style=\"font-family:Arial,Helvetica,sans-serif;font-size:10pt;\">1x Smartcard-Reader (Xcrypt)<\/span><\/li>\n<li><span data-style=\"font-family:Arial,Helvetica,sans-serif;font-size:10pt;\">1x USB C<\/span><\/li>\n<li><span data-style=\"font-family:Arial,Helvetica,sans-serif;font-size:10pt;\">1 x SD Card Reader<\/span><\/li>\n<li><span data-style=\"font-family:Arial,Helvetica,sans-serif;font-size:10pt;\">2x USB 3.0 (R\u00fcckseite)<\/span><\/li>\n<li><span data-style=\"font-family:Arial,Helvetica,sans-serif;font-size:10pt;\">1x USB 3.0 (Vorderseite)<\/span><\/li>\n<li><span data-style=\"font-family:Arial,Helvetica,sans-serif;font-size:10pt;\">3,0&#8243; TFT LCD Display &#8211; MiniTV<\/span><\/li>\n<li><span data-style=\"font-family:Arial,Helvetica,sans-serif;font-size:10pt;\">S\/PDIF\u00a0\u00a0Audio Ausgang optisch (digital)<\/span><\/li>\n<li><span data-style=\"font-family:Arial,Helvetica,sans-serif;font-size:10pt;\">1x HDMI 2.0 Video\/Audio Ausgang (digital)<\/span><\/li>\n<li><span data-style=\"font-family:Arial,Helvetica,sans-serif;font-size:10pt;\">1x HDMI 2.0 Video\/Audio Eingang (digital)<\/span><\/li>\n<li><span data-style=\"font-family:Arial,Helvetica,sans-serif;font-size:10pt;\">unbegrenzte Kanalliste f\u00fcr TV und Radio<\/span><\/li>\n<li><span data-style=\"font-family:Arial,Helvetica,sans-serif;font-size:10pt;\">EPG (Electronic Program Guide) Unterst\u00fctzung<\/span><\/li>\n<li><span data-style=\"font-family:Arial,Helvetica,sans-serif;font-size:10pt;\">Unterst\u00fctzung von Bouquet-Listen (Favoritenlisten)<\/span><\/li>\n<li><span data-style=\"font-family:Arial,Helvetica,sans-serif;font-size:10pt;\">OSD in vielen Sprachen<\/span><\/li>\n<li><span data-style=\"font-family:Arial,Helvetica,sans-serif;font-size:10pt;\">Aussehen der Benutzeroberfl\u00e4che vielf\u00e4ltig anpassbar (Skin-Unterst\u00fctzung)<\/span><\/li>\n<li><span data-style=\"font-family:Arial,Helvetica,sans-serif;font-size:10pt;\">Erweiterbar durch viele kostenfreie Plugins (Apps)<\/span><\/li>\n<li><span data-style=\"font-family:Arial,Helvetica,sans-serif;font-size:10pt;\">automatischer \/ manueller Kanalsuchlauf<\/span><\/li>\n<li><span data-style=\"font-family:Arial,Helvetica,sans-serif;font-size:10pt;\">DiSEqC 1.0\/1.1\/1.2, USALS<\/span><\/li>\n<li><span data-style=\"font-family:Arial,Helvetica,sans-serif;font-size:10pt;\">SCR \/ dCSS (EN50494 &amp; EN50607)<\/span><\/li>\n<li><span data-style=\"font-family:Arial,Helvetica,sans-serif;font-size:10pt;\">Externes 12 Volt Netzteil<\/span><\/li>\n<li><span data-style=\"font-family:Arial,Helvetica,sans-serif;font-size:10pt;\">Netzschalter<\/span><\/li>\n<li><span data-style=\"font-family:Arial,Helvetica,sans-serif;font-size:10pt;\">RS232 &#8211; Serviceschnittstelle<\/span><\/li>\n<li><span data-style=\"font-family:Arial,Helvetica,sans-serif;font-size:10pt;\">kostenfreie Apps f\u00fcr iOS und Android verf\u00fcgbar<\/span><\/li>\n<\/ul>\n<p>&nbsp;<\/p>\n<p data-style=\"margin-bottom:0px;margin-top:0px;\"><span data-style=\"font-family:Arial,Helvetica,sans-serif;font-size:10pt;\"><b>Videodekodierung:<\/b><\/span><\/p>\n<ul>\n<li><span data-style=\"font-family:Arial,Helvetica,sans-serif;font-size:10pt;\">Videokompression HVEC \/ H.265, MPEG-2 \/ H.264 und MPEG-1 kompatibel<\/span><\/li>\n<li><span data-style=\"font-family:Arial,Helvetica,sans-serif;font-size:10pt;\">Videostandard PAL G\/ 25 Hz, NTSC<\/span><\/li>\n<li><span data-style=\"font-family:Arial,Helvetica,sans-serif;font-size:10pt;\">Bildformat 4:3 \/ 16:9<\/span><\/li>\n<li><span data-style=\"font-family:Arial,Helvetica,sans-serif;font-size:10pt;\">Letterbox f\u00fcr 4:3 TV-Ger\u00e4te<\/span><\/li>\n<\/ul>\n<p>&nbsp;<\/p>\n<p data-style=\"margin-bottom:0px;margin-top:0px;\"><span data-style=\"font-family:Arial,Helvetica,sans-serif;font-size:10pt;\"><b>Ausgang Digital:<\/b><\/span><\/p>\n<ul>\n<li><span data-style=\"font-family:Arial,Helvetica,sans-serif;font-size:10pt;\">Abtastfrequenzen 32 kHz, 44.1 kHz, 48 kHz<\/span><\/li>\n<li><span data-style=\"font-family:Arial,Helvetica,sans-serif;font-size:10pt;\">S\/PDIF-Ausgang optisch (AC3)<\/span><\/li>\n<li><span data-style=\"font-family:Arial,Helvetica,sans-serif;font-size:10pt;\">Audiokompression MPEG-1 &amp; MPEG-2 Layer I und II, MP3<\/span><\/li>\n<li><span data-style=\"font-family:Arial,Helvetica,sans-serif;font-size:10pt;\">Audio Mode Dual (main\/sub), Stereo<\/span><\/li>\n<li><span data-style=\"font-family:Arial,Helvetica,sans-serif;font-size:10pt;\">Abtastfrequenzen 32 kHz, 44.1 kHz, 48 kHz, 16 kHz, 22.05 kHz, 24 kHz<\/span><\/li>\n<\/ul>\n<p>&nbsp;<\/p>\n<p data-style=\"margin-bottom:0px;margin-top:0px;\"><span data-style=\"font-family:Arial,Helvetica,sans-serif;font-size:10pt;\"><b>Leistungsaufnahme:<\/b><\/span><\/p>\n<ul>\n<li><span data-style=\"font-family:Arial,Helvetica,sans-serif;font-size:10pt;\">&lt; 13W (im Betrieb, mit LNB)<\/span><\/li>\n<li><span data-style=\"font-family:Arial,Helvetica,sans-serif;font-size:10pt;\">&lt; 10W (im Betrieb, ohne LNB)<\/span><\/li>\n<li><span data-style=\"font-family:Arial,Helvetica,sans-serif;font-size:10pt;\">&lt; 0,3W (Deep-Standby-Mode)<\/span><\/li>\n<\/ul>\n<p>&nbsp;<\/p>\n<p data-style=\"margin-bottom:0px;margin-top:0px;\"><span data-style=\"font-family:Arial,Helvetica,sans-serif;font-size:10pt;\"><b>Externes Netzteil:<\/b><\/span><\/p>\n<ul>\n<li><span data-style=\"font-family:Arial,Helvetica,sans-serif;font-size:10pt;\">Eingang: 110 &#8211; 240V AC \/ 50 &#8211; 60Hz \/ 1,5A<\/span><\/li>\n<li><span data-style=\"font-family:Arial,Helvetica,sans-serif;font-size:10pt;\">Ausgang: 12V = \/ 5,0A<\/span><\/li>\n<\/ul>\n<p>&nbsp;<\/p>\n<p data-style=\"margin-bottom:0px;margin-top:0px;\"><span data-style=\"font-family:Arial,Helvetica,sans-serif;font-size:10pt;\"><b>Allgemeines:<\/b><\/span><\/p>\n<ul>\n<li><span data-style=\"font-family:Arial,Helvetica,sans-serif;font-size:10pt;\">Umgebungstemperatur +15\u00b0C&#8230;+35\u00b0C<\/span><\/li>\n<li><span data-style=\"font-family:Arial,Helvetica,sans-serif;font-size:10pt;\">Luftfeuchtigkeit &lt; 80%<\/span><\/li>\n<li><span data-style=\"font-family:Arial,Helvetica,sans-serif;font-size:10pt;\">Abmessungen (B x T x H): 270mm x 202 mm x 60 mm<\/span><\/li>\n<li><span data-style=\"font-family:Arial,Helvetica,sans-serif;font-size:10pt;\">Gewicht: 1,4 kg<\/span><\/li>\n<\/ul>\n<p>&nbsp;<\/p>\n<p data-style=\"margin-bottom:0px;margin-top:0px;\"><span data-style=\"font-family:Arial,Helvetica,sans-serif;font-size:10pt;\"><b>Scope of delivery:<\/b><\/span><\/p>\n<ul>\n<li><span data-style=\"font-family:Arial,Helvetica,sans-serif;font-size:10pt;\">1x VU+ Duo 4K Lite mit ausgew\u00e4hlter Tuner Best\u00fcckung<\/span><\/li>\n<li><span data-style=\"font-family:Arial,Helvetica,sans-serif;font-size:10pt;\">1x Fernbedienung<\/span><\/li>\n<li><span data-style=\"font-family:Arial,Helvetica,sans-serif;font-size:10pt;\">1x Quickmanual (deutsch \/ englisch)<\/span><\/li>\n<li><span data-style=\"font-family:Arial,Helvetica,sans-serif;font-size:10pt;\">1x HDMI Kabel<\/span><\/li>\n<li><span data-style=\"font-family:Arial,Helvetica,sans-serif;font-size:10pt;\">1x Netzteil (110-240V \/ 12V)<\/span><\/li>\n<\/ul>","protected":false},"excerpt":{"rendered":"<p>Fernsehen, wie es sein soll: schnell, flexibel, kompromisslos Mit der VU+ Duo 4K Lite wir das bereits umfangreiche Produktsortiment von VU+ um ein weiteres Ger\u00e4t aufgewertet. Die VU+ Duo Lite [&hellip;]<\/p>","protected":false},"featured_media":4893,"template":"","meta":{"powered_cache_disable_cache":false,"powered_cache_disable_lazyload":false,"powered_cache_disable_css_optimization":false},"product_cat":[43,57,269],"product_tag":[],"_links":{"self":[{"href":"https:\/\/satmedia.at\/en\/wp-json\/wp\/v2\/product\/4866"}],"collection":[{"href":"https:\/\/satmedia.at\/en\/wp-json\/wp\/v2\/product"}],"about":[{"href":"https:\/\/satmedia.at\/en\/wp-json\/wp\/v2\/types\/product"}],"wp:featuredmedia":[{"embeddable":true,"href":"https:\/\/satmedia.at\/en\/wp-json\/wp\/v2\/media\/4893"}],"wp:attachment":[{"href":"https:\/\/satmedia.at\/en\/wp-json\/wp\/v2\/media?parent=4866"}],"wp:term":[{"taxonomy":"product_cat","embeddable":true,"href":"https:\/\/satmedia.at\/en\/wp-json\/wp\/v2\/product_cat?post=4866"},{"taxonomy":"product_tag","embeddable":true,"href":"https:\/\/satmedia.at\/en\/wp-json\/wp\/v2\/product_tag?post=4866"}],"curies":[{"name":"wp","href":"https:\/\/api.w.org\/{rel}","templated":true}]}}