{"id":688,"date":"2002-12-09T00:00:00","date_gmt":"2002-12-09T00:00:00","guid":{"rendered":"https:\/\/satmediawp.edv-kroiss.com\/produkt\/smartmouse-357-6-mhz\/"},"modified":"2025-10-16T16:13:57","modified_gmt":"2025-10-16T14:13:57","slug":"smartmouse-357-6-mhz","status":"publish","type":"product","link":"https:\/\/satmedia.at\/en\/product\/smartmouse-357-6-mhz\/","title":{"rendered":"Smartmouse Easymouse Ph\u00f6nix Kartenleser"},"content":{"rendered":"<p>Kompatibel mit dem Smartmouse und Ph\u00f6nix Modus, einstellbar mit 3,57 und 6,00 MHZ.<br \/>\nStandard: 6MHz, Ph\u00f6nix<\/p>\n<p>Inkl. USB-RS232 und RS232 Kabel. Direkt anschlie\u00dfbar an USB oder RS232 Schnittstelle!<br \/>\nInkl. 2fach 12V DC-Adapterkabel. Somit kann das Receiver 12V Netzteil auch den Kartenleser mit Spannung versorgen.<\/p>\n<p>Falls der Receiver \u00fcber kein 12V Standardnetzteil (manche VU+, \u00e4ltere Receiver) verf\u00fcgt, ist eine 12V Spannungsversorgung erforderlich.<\/p>","protected":false},"excerpt":{"rendered":"<p>Kompatibel mit dem Smartmouse und Ph\u00f6nix Modus, einstellbar mit 3,57 und 6,00 MHZ. Standard: 6MHz, Ph\u00f6nix Inkl. USB-RS232 und RS232 Kabel. Direkt anschlie\u00dfbar an USB oder RS232 Schnittstelle! Inkl. 2fach [&hellip;]<\/p>","protected":false},"featured_media":4708,"template":"","meta":{"powered_cache_disable_cache":false,"powered_cache_disable_lazyload":false,"powered_cache_disable_css_optimization":false},"product_cat":[45,94],"product_tag":[],"_links":{"self":[{"href":"https:\/\/satmedia.at\/en\/wp-json\/wp\/v2\/product\/688"}],"collection":[{"href":"https:\/\/satmedia.at\/en\/wp-json\/wp\/v2\/product"}],"about":[{"href":"https:\/\/satmedia.at\/en\/wp-json\/wp\/v2\/types\/product"}],"wp:featuredmedia":[{"embeddable":true,"href":"https:\/\/satmedia.at\/en\/wp-json\/wp\/v2\/media\/4708"}],"wp:attachment":[{"href":"https:\/\/satmedia.at\/en\/wp-json\/wp\/v2\/media?parent=688"}],"wp:term":[{"taxonomy":"product_cat","embeddable":true,"href":"https:\/\/satmedia.at\/en\/wp-json\/wp\/v2\/product_cat?post=688"},{"taxonomy":"product_tag","embeddable":true,"href":"https:\/\/satmedia.at\/en\/wp-json\/wp\/v2\/product_tag?post=688"}],"curies":[{"name":"wp","href":"https:\/\/api.w.org\/{rel}","templated":true}]}}