{"id":760,"date":"2005-01-05T07:59:21","date_gmt":"2005-01-05T07:59:21","guid":{"rendered":"https:\/\/satmediawp.edv-kroiss.com\/produkt\/optischer-toslink-umschalter\/"},"modified":"2024-05-17T13:43:06","modified_gmt":"2024-05-17T11:43:06","slug":"optischer-toslink-umschalter","status":"publish","type":"product","link":"https:\/\/satmedia.at\/en\/product\/optischer-toslink-umschalter\/","title":{"rendered":"Optischer Toslink Umschalter"},"content":{"rendered":"<p>3fach Umschalter mit Toslink Anschl\u00fcssen. Ideal zur Erweiterung des optischen Eingangs am Verst\u00e4rker. <br \/> Hiermit k\u00f6nnen 3 Ger\u00e4te mit Toslink-Steckern angeschlossen werden. Die einzelnen Ausg\u00e4nge k\u00f6nnen wahlweise geschaltet werden. <br \/>Die Signalflussrichtung ist nicht beschr\u00e4nkt. <br \/>  3 Eing\u00e4nge und 1 Ausgang  <\/p>","protected":false},"excerpt":{"rendered":"<p>3fach Umschalter mit Toslink Anschl\u00fcssen. Ideal zur Erweiterung des optischen Eingangs am Verst\u00e4rker. Hiermit k\u00f6nnen 3 Ger\u00e4te mit Toslink-Steckern angeschlossen werden. Die einzelnen Ausg\u00e4nge k\u00f6nnen wahlweise geschaltet werden. Die Signalflussrichtung [&hellip;]<\/p>","protected":false},"featured_media":759,"template":"","meta":{"powered_cache_disable_cache":false,"powered_cache_disable_lazyload":false,"powered_cache_disable_css_optimization":false},"product_cat":[50,100],"product_tag":[],"_links":{"self":[{"href":"https:\/\/satmedia.at\/en\/wp-json\/wp\/v2\/product\/760"}],"collection":[{"href":"https:\/\/satmedia.at\/en\/wp-json\/wp\/v2\/product"}],"about":[{"href":"https:\/\/satmedia.at\/en\/wp-json\/wp\/v2\/types\/product"}],"wp:featuredmedia":[{"embeddable":true,"href":"https:\/\/satmedia.at\/en\/wp-json\/wp\/v2\/media\/759"}],"wp:attachment":[{"href":"https:\/\/satmedia.at\/en\/wp-json\/wp\/v2\/media?parent=760"}],"wp:term":[{"taxonomy":"product_cat","embeddable":true,"href":"https:\/\/satmedia.at\/en\/wp-json\/wp\/v2\/product_cat?post=760"},{"taxonomy":"product_tag","embeddable":true,"href":"https:\/\/satmedia.at\/en\/wp-json\/wp\/v2\/product_tag?post=760"}],"curies":[{"name":"wp","href":"https:\/\/api.w.org\/{rel}","templated":true}]}}