{"id":776,"date":"2005-08-02T10:15:47","date_gmt":"2005-08-02T10:15:47","guid":{"rendered":"https:\/\/satmediawp.edv-kroiss.com\/produkt\/10x1-diseqc-schalter-programmierbar\/"},"modified":"2025-04-24T16:15:55","modified_gmt":"2025-04-24T14:15:55","slug":"amiko-10x1-diseqc-schalter-programmierbar","status":"publish","type":"product","link":"https:\/\/satmedia.at\/en\/product\/amiko-10x1-diseqc-schalter-programmierbar\/","title":{"rendered":"Amiko 10&#215;1 Diseqc Schalter programmierbar"},"content":{"rendered":"<p>Der universelle 10&#215;1 DiseqC-Schalter.<br \/>\nEs k\u00f6nnen 10 Satelliten gleichzeitig \u00fcber DiseqC 1.1 oder auch \u00fcber DiseqC 1.2 (via Goto x) gesteuert werden!<br \/>\nIdeal zum Einsatz f\u00fcr die T90 Wave Frontier Antenne!<\/p>\n<p>Kompatibel mit jedem DiseqC 1.1 Ger\u00e4t.<\/p>\n<p>Am Linux Receiver in der Tunereinstellung den Konfigurationsmodus auf Experte umstellen, den Satellit ausw\u00e4hlen, LNB 1-10 zuweisen, DiseqC Modus auf 1.1 stellen und den DiseqC 1.1 Befehl: Eingabe 1-10 zuweisen.<br \/>\nDas DiseqC 1.0 Signal muss nicht gesendet werden.<\/p>\n<p>Beispiel:<\/p>\n<p>Konfiguration: Experte<br \/>\nSatellit: Astra 19\u00b0O<br \/>\nLNB: LNB 1<br \/>\nDiseqC Modus: 1.1<br \/>\nTonburst: Kein<br \/>\nDiseqC 1.0: Kein<br \/>\nDiseqC 1.1: Eingabe 1<\/p>\n<p>Konfiguration: Experte<br \/>\nSatellit: Astra 23.5\u00b0O<br \/>\nLNB: LNB 2<br \/>\nDiseqC Modus: 1.1<br \/>\nTonburst: Kein<br \/>\nDiseqC 1.0: Kein<br \/>\nDiseqC 1.1: Eingabe 2<\/p>\n<p>Konfiguration: Experte<br \/>\nSatellit: Hotbird 13\u00b0O<br \/>\nLNB: LNB 3<br \/>\nDiseqC Modus: 1.1<br \/>\nTonburst: Kein<br \/>\nDiseqC 1.0: Kein<br \/>\nDiseqC 1.1: Eingabe 3<\/p>\n<p>.<br \/>\n.<br \/>\n.<\/p>\n<p>Konfiguration: Experte<br \/>\nSatellit: Eutelsat 5\u00b0W<br \/>\nLNB: LNB 10<br \/>\nDiseqC Modus: 1.1<br \/>\nTonburst: Kein<br \/>\nDiseqC 1.0: Kein<br \/>\nDiseqC 1.1: Eingabe 10<\/p>\n<p>Lieferung inkl. Installationsanleitung.<\/p>","protected":false},"excerpt":{"rendered":"<p>Der universelle 10&#215;1 DiseqC-Schalter. Es k\u00f6nnen 10 Satelliten gleichzeitig \u00fcber DiseqC 1.1 oder auch \u00fcber DiseqC 1.2 (via Goto x) gesteuert werden! Ideal zum Einsatz f\u00fcr die T90 Wave Frontier [&hellip;]<\/p>","protected":false},"featured_media":775,"template":"","meta":{"powered_cache_disable_cache":false,"powered_cache_disable_lazyload":false,"powered_cache_disable_css_optimization":false},"product_cat":[48,127],"product_tag":[],"_links":{"self":[{"href":"https:\/\/satmedia.at\/en\/wp-json\/wp\/v2\/product\/776"}],"collection":[{"href":"https:\/\/satmedia.at\/en\/wp-json\/wp\/v2\/product"}],"about":[{"href":"https:\/\/satmedia.at\/en\/wp-json\/wp\/v2\/types\/product"}],"wp:featuredmedia":[{"embeddable":true,"href":"https:\/\/satmedia.at\/en\/wp-json\/wp\/v2\/media\/775"}],"wp:attachment":[{"href":"https:\/\/satmedia.at\/en\/wp-json\/wp\/v2\/media?parent=776"}],"wp:term":[{"taxonomy":"product_cat","embeddable":true,"href":"https:\/\/satmedia.at\/en\/wp-json\/wp\/v2\/product_cat?post=776"},{"taxonomy":"product_tag","embeddable":true,"href":"https:\/\/satmedia.at\/en\/wp-json\/wp\/v2\/product_tag?post=776"}],"curies":[{"name":"wp","href":"https:\/\/api.w.org\/{rel}","templated":true}]}}